{"id":1807703,"date":"2025-03-28T18:30:28","date_gmt":"2025-03-28T16:30:28","guid":{"rendered":"https:\/\/liquidmaster.pl\/tec2000-diesel-system-cleaner-375ml-dodatek-do-diesla\/"},"modified":"2026-04-18T04:41:11","modified_gmt":"2026-04-18T02:41:11","slug":"tec2000-diesel-system-cleaner-375ml-dodatek-do-diesla","status":"publish","type":"product","link":"https:\/\/liquidmaster.pl\/en\/tec2000-diesel-system-cleaner-375ml-dodatek-do-diesla\/","title":{"rendered":"TEC2000 Diesel System Cleaner 375ml \u2013 diesel additive"},"content":{"rendered":"<p>TEC 2000 Diesel System Cleaner is a conditioner for diesel engines. It binds water perfectly and reduces the effects of poor lubricity and fuel quality. It is a professional liquid tool that is easy to use and extremely effective. The presented conditioner, thanks to the soluble ingredients contained in its composition, thoroughly cleans and preserves diesel engines as well as entire fuel systems.<\/p>\n<p>TEC 2000 Diesel System Cleaner is a multifunctional fuel additive that keeps the engine in great condition for a long time. The preparation reduces piston wear, increases the life of the fuel pump, reduces black smoke from the exhaust and prevents contaminants from settling in the fuel tank. TEC 2000 Diesel System Cleaner will also facilitate engine starting at low temperatures.<\/p>\n<p>The preparation is recommended for use once or twice a year.<\/p>\n<p>When to use?<\/p>\n<ul>\n<li>when you observe abnormal engine operation<\/li>\n<li>when you suspect contamination of the injectors<\/li>\n<li>Through the accumulation of carbon deposits or moisture<\/li>\n<li>when you have problems starting the engine in winter<\/li>\n<li>when you feel a drop in engine power<\/li>\n<li>when the engine runs unevenly<\/li>\n<li>after using poor quality fuel<\/li>\n<\/ul>\n<p>How to use<\/p>\n<p>The diesel fuel conditioner TEC 2000 Diesel System Cleaner is poured directly into the fuel tank. To extend the reliability of the injectors, we recommend using them twice a year - in autumn and summer. The vehicle may be operated on pure, undiluted product.<\/p>\n<p>Capacity 375ml for approx. 40 liters of fuel<\/p>\n<p>Instruction<\/p>\n<li>Pour the preparation into the fuel tank. If you suspect that there are impurities in the tank (e.g. water or paraffin), you can use 1 can (375ml) ~25 liters of fuel.\u00a0<\/li>\n<li>Fill up the tank<\/li>\n<li>Burn the fuel with the additive<\/li>\n<li>After using the preparation, we recommend replacing the fuel filter.<\/li>","protected":false},"excerpt":{"rendered":"<p>TEC 2000 Diesel System Cleaner to uszlachetniacz do silnik\u00f3w Diesla. Doskonale wi\u0105\u017ce wod\u0119, zmniejsza skutki z\u0142ej smarno\u015bci i jako\u015bci paliw. Jest to profesjonalne narz\u0119dzie w p\u0142ynie, kt\u00f3re jest proste w u\u017cyciu i niezwykle skuteczne. Prezentowany uszlachetniacz dzi\u0119ki zawartym w sk\u0142adzie sk\u0142adnikom rozpuszczalnym dok\u0142adnie czy\u015bci i konserwuje silniki wysokopr\u0119\u017cne, a tak\u017ce ca\u0142e systemy paliwowe. Uszlachetniacz do&hellip;&nbsp;<a href=\"https:\/\/liquidmaster.pl\/en\/tec2000-diesel-system-cleaner-375ml-dodatek-do-diesla\/\" rel=\"bookmark\">Read More \u00bb<span class=\"screen-reader-text\">TEC2000 Diesel System Cleaner 375ml \u2013 diesel additive<\/span><\/a><\/p>","protected":false},"featured_media":1850779,"comment_status":"open","ping_status":"open","template":"","meta":{"neve_meta_sidebar":"","neve_meta_container":"","neve_meta_enable_content_width":"","neve_meta_content_width":0,"neve_meta_title_alignment":"","neve_meta_author_avatar":"","neve_post_elements_order":"","neve_meta_disable_header":"","neve_meta_disable_footer":"","neve_meta_disable_title":"","_themeisle_gutenberg_block_has_review":false},"product_brand":[],"product_cat":[757,893,846],"product_tag":[945],"class_list":{"0":"post-1807703","1":"product","2":"type-product","3":"status-publish","4":"has-post-thumbnail","6":"product_cat-akcesoria","7":"product_cat-inne","8":"product_cat-reszta","9":"product_tag-tec-2000","11":"first","12":"outofstock","13":"taxable","14":"shipping-taxable","15":"purchasable","16":"product-type-simple"},"_links":{"self":[{"href":"https:\/\/liquidmaster.pl\/en\/wp-json\/wp\/v2\/product\/1807703","targetHints":{"allow":["GET"]}}],"collection":[{"href":"https:\/\/liquidmaster.pl\/en\/wp-json\/wp\/v2\/product"}],"about":[{"href":"https:\/\/liquidmaster.pl\/en\/wp-json\/wp\/v2\/types\/product"}],"replies":[{"embeddable":true,"href":"https:\/\/liquidmaster.pl\/en\/wp-json\/wp\/v2\/comments?post=1807703"}],"wp:featuredmedia":[{"embeddable":true,"href":"https:\/\/liquidmaster.pl\/en\/wp-json\/wp\/v2\/media\/1850779"}],"wp:attachment":[{"href":"https:\/\/liquidmaster.pl\/en\/wp-json\/wp\/v2\/media?parent=1807703"}],"wp:term":[{"taxonomy":"product_brand","embeddable":true,"href":"https:\/\/liquidmaster.pl\/en\/wp-json\/wp\/v2\/product_brand?post=1807703"},{"taxonomy":"product_cat","embeddable":true,"href":"https:\/\/liquidmaster.pl\/en\/wp-json\/wp\/v2\/product_cat?post=1807703"},{"taxonomy":"product_tag","embeddable":true,"href":"https:\/\/liquidmaster.pl\/en\/wp-json\/wp\/v2\/product_tag?post=1807703"}],"curies":[{"name":"wp","href":"https:\/\/api.w.org\/{rel}","templated":true}]}}