{"id":1807697,"date":"2025-03-28T18:30:05","date_gmt":"2025-03-28T16:30:05","guid":{"rendered":"https:\/\/liquidmaster.pl\/tec2000-airco-service-spray-150ml-odgrzybiacz-do-klimatyzacji\/"},"modified":"2026-04-18T04:41:10","modified_gmt":"2026-04-18T02:41:10","slug":"tec2000-airco-service-spray-150ml-odgrzybiacz-do-klimatyzacji","status":"publish","type":"product","link":"https:\/\/liquidmaster.pl\/en\/tec2000-airco-service-spray-150ml-odgrzybiacz-do-klimatyzacji\/","title":{"rendered":"TEC2000 Airco Service Spray 150ml \u2013 antifungal agent for air conditioning"},"content":{"rendered":"<p>TEC 2000 Airco Fresher Service Spray is a spray for removing fungi from air conditioning. Guarantees comprehensive cleaning of the air conditioning system. The preparation refreshes the scent, eliminating the unpleasant smell of damp and musty.<\/p>\n<p>TEC 2000 Airco Fresher Service Spray air conditioning antifungal cleaner is based on bactericidal and fungicidal ingredients, thanks to which it protects not only the air conditioning system, but also the health of the driver and passengers. Provides a long-lasting freshness effect in the vehicle cockpit. Air conditioning spray with precise action - will clean even the furthest nooks and crannies of the system.<\/p>\n<p>Air conditioning preparation based on non-flammable gas, which does not pose a threat to health or the environment. Recommended for every driver.<\/p>\n<p>When to use?<\/p>\n<ul>\n<li>when you feel an unpleasant smell from the car air conditioning<\/li>\n<li>prophylactically before the summer and winter periods<\/li>\n<li>you feel a decrease in the quality of cooling inside\u00a0<\/li>\n<\/ul>\n<p>TEC 2000 Airco Fresher Service Spray is an air conditioning spray based on bactericidal and fungicidal ingredients, as well as an elegant, pleasant scent. All this means that the preparation not only combats unpleasant odors, but also removes bacteria and fungi from the air that are dangerous to the health of passengers - both from the entire air conditioning system and the interior of the vehicle.<\/p>\n<p>150 ml for the interior of an average, 5-seat, middle class car<\/p>\n<p>How to use?<\/p>\n<li>Start the engine<\/li>\n<li>Turn on the air conditioning to minimum temperature.<\/li>\n<li>Turn on the airflow inside the cabin to maximum efficiency.<\/li>\n<li>Turn on air recirculation inside the cabin.<\/li>\n<li>Shake the can with the preparation intensively for at least 30 seconds.<\/li>\n<li>Odblokuj rozpylanie preparatu i wstaw puszk\u0119 do wn\u0119trza kabiny samochodu &#8211; puszk\u0119 postaw na pod\u0142odze, najlepiej na gumowym dywaniku.<\/li>\n<li>Close your car doors and windows.<\/li>\n<li>Podczas rozpylania preparatu w kabinie nie mog\u0105 znajdowa\u0107 si\u0119 ludzie ani zwierz\u0119ta &#8211; preparat w du\u017cym st\u0119\u017ceniu mo\u017ce powodowa\u0107 duszno\u015bci i zatrucie.<\/li>\n<li>Wait until the spraying is finished and then wait another 5 minutes.<\/li>\n<li>Open the door and turn off the engine, turn off the air conditioning, ventilation and air recirculation.<\/li>\n<li>Leave the car with the windows open in a well-ventilated room or outdoors for at least 1 hour.<\/li>\n<p>\u00a0<\/p>","protected":false},"excerpt":{"rendered":"<p>TEC 2000 Airco Fresher Service Spray to spray do odgrzybiania klimatyzacji. Gwarantuje kompleksowe wyczyszczenie systemu klimatyzacyjnego. Preparat od\u015bwie\u017ca zapach, eliminuj\u0105c przy tym nieprzyjemn\u0105 wo\u0144 wilgoci i st\u0119chlizny. Odgrzybiacz klimatyzacji TEC 2000 Airco Fresher Service Spray bazuje na bakteriob\u00f3jczych i grzybob\u00f3jczych sk\u0142adnikach, dzi\u0119ki czemu chroni nie tylko system klimatyzacyjny, ale r\u00f3wnie\u017c zdrowie kierowcy i pasa\u017cer\u00f3w. Zapewnia&hellip;&nbsp;<a href=\"https:\/\/liquidmaster.pl\/en\/tec2000-airco-service-spray-150ml-odgrzybiacz-do-klimatyzacji\/\" rel=\"bookmark\">Read More \u00bb<span class=\"screen-reader-text\">TEC2000 Airco Service Spray 150ml \u2013 antifungal agent for air conditioning<\/span><\/a><\/p>","protected":false},"featured_media":1850771,"comment_status":"open","ping_status":"open","template":"","meta":{"neve_meta_sidebar":"","neve_meta_container":"","neve_meta_enable_content_width":"","neve_meta_content_width":0,"neve_meta_title_alignment":"","neve_meta_author_avatar":"","neve_post_elements_order":"","neve_meta_disable_header":"","neve_meta_disable_footer":"","neve_meta_disable_title":"","_themeisle_gutenberg_block_has_review":false},"product_brand":[],"product_cat":[902,801,768],"product_tag":[945],"class_list":{"0":"post-1807697","1":"product","2":"type-product","3":"status-publish","4":"has-post-thumbnail","6":"product_cat-odgrzybianie-klimatyzacji","7":"product_cat-odswiezacze-powietrza","8":"product_cat-wnetrze-auta","9":"product_tag-tec-2000","11":"first","12":"outofstock","13":"taxable","14":"shipping-taxable","15":"purchasable","16":"product-type-simple"},"_links":{"self":[{"href":"https:\/\/liquidmaster.pl\/en\/wp-json\/wp\/v2\/product\/1807697","targetHints":{"allow":["GET"]}}],"collection":[{"href":"https:\/\/liquidmaster.pl\/en\/wp-json\/wp\/v2\/product"}],"about":[{"href":"https:\/\/liquidmaster.pl\/en\/wp-json\/wp\/v2\/types\/product"}],"replies":[{"embeddable":true,"href":"https:\/\/liquidmaster.pl\/en\/wp-json\/wp\/v2\/comments?post=1807697"}],"wp:featuredmedia":[{"embeddable":true,"href":"https:\/\/liquidmaster.pl\/en\/wp-json\/wp\/v2\/media\/1850771"}],"wp:attachment":[{"href":"https:\/\/liquidmaster.pl\/en\/wp-json\/wp\/v2\/media?parent=1807697"}],"wp:term":[{"taxonomy":"product_brand","embeddable":true,"href":"https:\/\/liquidmaster.pl\/en\/wp-json\/wp\/v2\/product_brand?post=1807697"},{"taxonomy":"product_cat","embeddable":true,"href":"https:\/\/liquidmaster.pl\/en\/wp-json\/wp\/v2\/product_cat?post=1807697"},{"taxonomy":"product_tag","embeddable":true,"href":"https:\/\/liquidmaster.pl\/en\/wp-json\/wp\/v2\/product_tag?post=1807697"}],"curies":[{"name":"wp","href":"https:\/\/api.w.org\/{rel}","templated":true}]}}