{"id":1807687,"date":"2025-03-28T18:28:51","date_gmt":"2025-03-28T16:28:51","guid":{"rendered":"https:\/\/liquidmaster.pl\/zvizzer-thermo-trapez-pad-orange-140-20-125mm-pomaranczowa-gabka-polerska-do-one-stepa\/"},"modified":"2026-02-17T00:57:52","modified_gmt":"2026-02-16T22:57:52","slug":"zvizzer-thermo-trapez-pad-orange-140-20-125mm-pomaranczowa-gabka-polerska-do-one-stepa","status":"publish","type":"product","link":"https:\/\/liquidmaster.pl\/en\/zvizzer-thermo-trapez-pad-orange-14020125mm-pomaranczowa-gabka-polerska-do-one-stepa\/","title":{"rendered":"ZviZZer Thermo Trapez Pad Orange 140\/20\/125mm \u2013 orange polishing sponge for one step"},"content":{"rendered":"<p>A completely new polishing pad from the DETAILING LINE series made using the innovative THERMO technology. Medium hardness polishing pad, intended for removing medium scratches on paint and performing one-step corrections. Due to the THERMO foam used, it has a much greater cutting force compared to other one-step pads. Created for detailers and hobbyists.<\/p>\n<p>THERMO TRAPEZ PAD is made of a special open-cell foam with high resistance to high temperatures. During operation, it loses very little of its polishing power compared to standard polishing pads, which allows for more effective and faster removal of scratches. Polishing pads from the THERMO series are 5-6 times more durable than standard pads.<\/p>\n<p>To maintain the best cutting efficiency, keep the polishing pad clean while working. It is best to clean the pads with warm water or a pad washer. Do not use compressed air if you want to extend the life of the pads.<\/p>\n<p>Works perfectly with ZviZZer MC3000, ONE Polish paste.<\/p>\n<p>Innovative THERMO PADS technology:<\/p>\n<ul>\n<li>Thermostable structure of the THERMO foam used,<\/li>\n<li>Stable and long-lasting cutting process,<\/li>\n<li>Very high resistance to high temperature,<\/li>\n<li>Slower surface heating,<\/li>\n<li>Greater comfort of work,<\/li>\n<li>Very high durability.<\/li>\n<\/ul>\n<p>Size 140\/20\/125 mm<\/p>","protected":false},"excerpt":{"rendered":"<p>Zupe\u0142nie nowy pad polerski z serii DETAILING LINE wykonany w innowacyjnej technologii THERMO. \u015aredniej twardo\u015bci pad polerski, przeznaczony do usuwania \u015brednich zarysowa\u0144 na lakierze i przeprowadzania korekty typu one step. Ze wzgl\u0119du na zastosowan\u0105 piank\u0119 THERMO wyr\u00f3\u017cnia si\u0119 zdecydowanie wi\u0119ksz\u0105 si\u0142\u0105 tn\u0105c\u0105 w por\u00f3wnaniu do innych pad\u00f3w one stepowych. Stworzony dla detailer\u00f3w i hobbyst\u00f3w. THERMO&hellip;&nbsp;<a href=\"https:\/\/liquidmaster.pl\/en\/zvizzer-thermo-trapez-pad-orange-14020125mm-pomaranczowa-gabka-polerska-do-one-stepa\/\" rel=\"bookmark\">Read More \u00bb<span class=\"screen-reader-text\">ZviZZer Thermo Trapez Pad Orange 140\/20\/125mm \u2013 orange polishing sponge for one step<\/span><\/a><\/p>","protected":false},"featured_media":1850768,"comment_status":"open","ping_status":"open","template":"","meta":{"neve_meta_sidebar":"","neve_meta_container":"","neve_meta_enable_content_width":"","neve_meta_content_width":0,"neve_meta_title_alignment":"","neve_meta_author_avatar":"","neve_post_elements_order":"","neve_meta_disable_header":"","neve_meta_disable_footer":"","neve_meta_disable_title":"","_themeisle_gutenberg_block_has_review":false},"product_brand":[],"product_cat":[823,822,748],"product_tag":[386],"class_list":{"0":"post-1807687","1":"product","2":"type-product","3":"status-publish","4":"has-post-thumbnail","6":"product_cat-gabki-polerskie","7":"product_cat-pady-polerskie","8":"product_cat-polerowanie","9":"product_tag-zvizzer","11":"first","12":"instock","13":"taxable","14":"shipping-taxable","15":"purchasable","16":"product-type-simple"},"_links":{"self":[{"href":"https:\/\/liquidmaster.pl\/en\/wp-json\/wp\/v2\/product\/1807687","targetHints":{"allow":["GET"]}}],"collection":[{"href":"https:\/\/liquidmaster.pl\/en\/wp-json\/wp\/v2\/product"}],"about":[{"href":"https:\/\/liquidmaster.pl\/en\/wp-json\/wp\/v2\/types\/product"}],"replies":[{"embeddable":true,"href":"https:\/\/liquidmaster.pl\/en\/wp-json\/wp\/v2\/comments?post=1807687"}],"wp:featuredmedia":[{"embeddable":true,"href":"https:\/\/liquidmaster.pl\/en\/wp-json\/wp\/v2\/media\/1850768"}],"wp:attachment":[{"href":"https:\/\/liquidmaster.pl\/en\/wp-json\/wp\/v2\/media?parent=1807687"}],"wp:term":[{"taxonomy":"product_brand","embeddable":true,"href":"https:\/\/liquidmaster.pl\/en\/wp-json\/wp\/v2\/product_brand?post=1807687"},{"taxonomy":"product_cat","embeddable":true,"href":"https:\/\/liquidmaster.pl\/en\/wp-json\/wp\/v2\/product_cat?post=1807687"},{"taxonomy":"product_tag","embeddable":true,"href":"https:\/\/liquidmaster.pl\/en\/wp-json\/wp\/v2\/product_tag?post=1807687"}],"curies":[{"name":"wp","href":"https:\/\/api.w.org\/{rel}","templated":true}]}}