{"id":1807683,"date":"2025-03-28T18:28:45","date_gmt":"2025-03-28T16:28:45","guid":{"rendered":"https:\/\/liquidmaster.pl\/poka-premium-equipment-pojedynczy-uchwyt-na-pistolety-lakiernicze\/"},"modified":"2026-04-20T08:07:39","modified_gmt":"2026-04-20T06:07:39","slug":"poka-premium-equipment-pojedynczy-uchwyt-na-pistolety-lakiernicze","status":"publish","type":"product","link":"https:\/\/liquidmaster.pl\/en\/poka-premium-equipment-pojedynczy-uchwyt-na-pistolety-lakiernicze\/","title":{"rendered":"Poka Premium Equipment - Single spray gun holder"},"content":{"rendered":"<p>Poka Premium Equipment single spray gun holder - a high-quality holder for safe storage of spray guns with adjustable support for different sizes of fluid containers. Possibility to hang one gun at a time.<\/p>\n<p>No sharp edges for maximum protection.<\/p>\n<p>The handle is contoured with the possibility of mounting on our Detailing Trolley.<\/p>\n<p>Made of high quality 3 mm thick galvanized steel. Precisely cut and bent, finally powder coated to ensure maximum protection against oxidation.<\/p>\n<p>Characteristic:<\/p>\n<ul>\n<li>Made of 3mm sheet<\/li>\n<li>Galvanized layer<\/li>\n<li>Powder coated<\/li>\n<li>Space for 1 spray gun<\/li>\n<\/ul>","protected":false},"excerpt":{"rendered":"<p>Poka Premium Equipment pojedynczy uchwyt na pistolety lakiernicze \u2013 wysokiej jako\u015bci uchwyt do bezpiecznego przechowywania pistolet\u00f3w natryskowych z regulacj\u0105 miejsca oparcia dla r\u00f3\u017cnej wielko\u015bci pojemnik\u00f3w na p\u0142yn. Mo\u017cliwo\u015b\u0107 zawieszenia jednego pistoletu jednocze\u015bnie. Brak ostrych kraw\u0119dzi dla maksymalnej ochrony. Uchwyt skonturowany jest z mo\u017cliwo\u015bci\u0105 monta\u017cu na naszym W\u00f3zku Detailingowym. Wykonany z wysokiej jako\u015bci stali ocynkowanej o&hellip;&nbsp;<a href=\"https:\/\/liquidmaster.pl\/en\/poka-premium-equipment-pojedynczy-uchwyt-na-pistolety-lakiernicze\/\" rel=\"bookmark\">Read More \u00bb<span class=\"screen-reader-text\">Poka Premium Equipment - Single spray gun holder<\/span><\/a><\/p>","protected":false},"featured_media":1849073,"comment_status":"open","ping_status":"open","template":"","meta":{"neve_meta_sidebar":"","neve_meta_container":"","neve_meta_enable_content_width":"","neve_meta_content_width":0,"neve_meta_title_alignment":"","neve_meta_author_avatar":"","neve_post_elements_order":"","neve_meta_disable_header":"","neve_meta_disable_footer":"","neve_meta_disable_title":"","_themeisle_gutenberg_block_has_review":false},"product_brand":[],"product_cat":[757,811,856],"product_tag":[343],"class_list":{"0":"post-1807683","1":"product","2":"type-product","3":"status-publish","4":"has-post-thumbnail","6":"product_cat-akcesoria","7":"product_cat-pozostale-akcesoria","8":"product_cat-torby-i-organizery","9":"product_tag-poka-premium","11":"first","12":"instock","13":"taxable","14":"shipping-taxable","15":"purchasable","16":"product-type-simple"},"_links":{"self":[{"href":"https:\/\/liquidmaster.pl\/en\/wp-json\/wp\/v2\/product\/1807683","targetHints":{"allow":["GET"]}}],"collection":[{"href":"https:\/\/liquidmaster.pl\/en\/wp-json\/wp\/v2\/product"}],"about":[{"href":"https:\/\/liquidmaster.pl\/en\/wp-json\/wp\/v2\/types\/product"}],"replies":[{"embeddable":true,"href":"https:\/\/liquidmaster.pl\/en\/wp-json\/wp\/v2\/comments?post=1807683"}],"wp:featuredmedia":[{"embeddable":true,"href":"https:\/\/liquidmaster.pl\/en\/wp-json\/wp\/v2\/media\/1849073"}],"wp:attachment":[{"href":"https:\/\/liquidmaster.pl\/en\/wp-json\/wp\/v2\/media?parent=1807683"}],"wp:term":[{"taxonomy":"product_brand","embeddable":true,"href":"https:\/\/liquidmaster.pl\/en\/wp-json\/wp\/v2\/product_brand?post=1807683"},{"taxonomy":"product_cat","embeddable":true,"href":"https:\/\/liquidmaster.pl\/en\/wp-json\/wp\/v2\/product_cat?post=1807683"},{"taxonomy":"product_tag","embeddable":true,"href":"https:\/\/liquidmaster.pl\/en\/wp-json\/wp\/v2\/product_tag?post=1807683"}],"curies":[{"name":"wp","href":"https:\/\/api.w.org\/{rel}","templated":true}]}}