{"id":1807679,"date":"2025-03-28T18:28:28","date_gmt":"2025-03-28T16:28:28","guid":{"rendered":"https:\/\/liquidmaster.pl\/zvizzer-thermo-all-rounder-pad-orange-140-20-125-pomaranczowa-gabka-polerska-one-step\/"},"modified":"2026-02-17T00:51:57","modified_gmt":"2026-02-16T22:51:57","slug":"zvizzer-thermo-all-rounder-pad-orange-140-20-125-pomaranczowa-gabka-polerska-one-step","status":"publish","type":"product","link":"https:\/\/liquidmaster.pl\/en\/zvizzer-thermo-all-rounder-pad-orange-14020125-pomaranczowa-gabka-polerska-one-step\/","title":{"rendered":"ZviZZer Thermo All-Rounder Pad Orange 140\/20\/125 \u2013 orange one step polishing sponge"},"content":{"rendered":"<p>An innovative medium-hardness polishing pad from the ZviZZer Detailing Line series designed for use on rotary and Dual Action machines. Designed to remove medium-depth scratches on the paint surface. It can be called a one-step pad, but due to the THERMO foam used, it has a much greater cutting force compared to other one-step pads.<\/p>\n<p>Works perfectly with ZviZZer MC3000, ONE Polish paste.<\/p>\n<p>The pad uses two innovative technologies that significantly affect the quality, speed and comfort of work - THERMO and ALL-ROUNDER.<\/p>\n<p>THERMO ALL-ROUNDER is made of the revolutionary, open-cell THERMO sponge, which is characterized by above-average temperature resistance. Thanks to this, these polishing pads:<\/p>\n<ul>\n<li>do not lose their cutting properties during polishing,<\/li>\n<li>do not soften during operation,\u00a0<\/li>\n<li>they heat up the surface less compared to standard open-cell pads,<\/li>\n<li>remain more stable during work,<\/li>\n<li>they are distinguished by a longer service life.<\/li>\n<\/ul>\n<p>The polishing pad is manufactured using ALL-ROUNDER technology. Between the sponge and the Velcro there is a special spacer made of a mixture of closed-cell foam and rubber. This improves working comfort and reduces vibrations. The special shape and increased weight make better use of centrifugal force, which translates into more effective cutting on Dual Action polishers and more comfortable operation of the machine. The spacer blocks access of the paste to the Velcro, further increasing the durability of the pads.<\/p>\n<p>To maintain the best cutting efficiency, keep the polishing pad clean while working. It is best to clean the pads with warm water or a pad washer. Do not use compressed air if you want to extend the life of the pads.<\/p>\n<p>Size 140\/20\/125 mm<\/p>","protected":false},"excerpt":{"rendered":"<p>Innowacyjny pad polerski \u015bredniej twardo\u015bci z serii ZviZZer Detailing Line przeznaczony do pracy na maszynach rotacyjnych i Dual Action. Stworzony do usuwania \u015bredniej g\u0142\u0119boko\u015bci zarysowa\u0144 na powierzchni lakieru. Mo\u017cna go nazwa\u0107 padem do one stepa, jednak ze wzgl\u0119du na zastosowan\u0105 piank\u0119 THERMO wyr\u00f3\u017cnia si\u0119 zdecydowanie wi\u0119ksz\u0105 si\u0142\u0105 tn\u0105c\u0105 w por\u00f3wnaniu do innych pad\u00f3w one stepowych.&hellip;&nbsp;<a href=\"https:\/\/liquidmaster.pl\/en\/zvizzer-thermo-all-rounder-pad-orange-14020125-pomaranczowa-gabka-polerska-one-step\/\" rel=\"bookmark\">Read More \u00bb<span class=\"screen-reader-text\">ZviZZer Thermo All-Rounder Pad Orange 140\/20\/125 \u2013 orange one step polishing sponge<\/span><\/a><\/p>","protected":false},"featured_media":1850759,"comment_status":"open","ping_status":"open","template":"","meta":{"neve_meta_sidebar":"","neve_meta_container":"","neve_meta_enable_content_width":"","neve_meta_content_width":0,"neve_meta_title_alignment":"","neve_meta_author_avatar":"","neve_post_elements_order":"","neve_meta_disable_header":"","neve_meta_disable_footer":"","neve_meta_disable_title":"","_themeisle_gutenberg_block_has_review":false},"product_brand":[],"product_cat":[823,822,748],"product_tag":[386],"class_list":{"0":"post-1807679","1":"product","2":"type-product","3":"status-publish","4":"has-post-thumbnail","6":"product_cat-gabki-polerskie","7":"product_cat-pady-polerskie","8":"product_cat-polerowanie","9":"product_tag-zvizzer","11":"first","12":"outofstock","13":"taxable","14":"shipping-taxable","15":"purchasable","16":"product-type-simple"},"_links":{"self":[{"href":"https:\/\/liquidmaster.pl\/en\/wp-json\/wp\/v2\/product\/1807679","targetHints":{"allow":["GET"]}}],"collection":[{"href":"https:\/\/liquidmaster.pl\/en\/wp-json\/wp\/v2\/product"}],"about":[{"href":"https:\/\/liquidmaster.pl\/en\/wp-json\/wp\/v2\/types\/product"}],"replies":[{"embeddable":true,"href":"https:\/\/liquidmaster.pl\/en\/wp-json\/wp\/v2\/comments?post=1807679"}],"wp:featuredmedia":[{"embeddable":true,"href":"https:\/\/liquidmaster.pl\/en\/wp-json\/wp\/v2\/media\/1850759"}],"wp:attachment":[{"href":"https:\/\/liquidmaster.pl\/en\/wp-json\/wp\/v2\/media?parent=1807679"}],"wp:term":[{"taxonomy":"product_brand","embeddable":true,"href":"https:\/\/liquidmaster.pl\/en\/wp-json\/wp\/v2\/product_brand?post=1807679"},{"taxonomy":"product_cat","embeddable":true,"href":"https:\/\/liquidmaster.pl\/en\/wp-json\/wp\/v2\/product_cat?post=1807679"},{"taxonomy":"product_tag","embeddable":true,"href":"https:\/\/liquidmaster.pl\/en\/wp-json\/wp\/v2\/product_tag?post=1807679"}],"curies":[{"name":"wp","href":"https:\/\/api.w.org\/{rel}","templated":true}]}}