{"id":1807673,"date":"2025-03-28T18:28:05","date_gmt":"2025-03-28T16:28:05","guid":{"rendered":"https:\/\/liquidmaster.pl\/fx-protect-upholstery-brush-szczoteczka-z-mieszanym-wlosiem\/"},"modified":"2026-04-20T08:21:23","modified_gmt":"2026-04-20T06:21:23","slug":"fx-protect-upholstery-brush-szczoteczka-z-mieszanym-wlosiem","status":"publish","type":"product","link":"https:\/\/liquidmaster.pl\/en\/fx-protect-upholstery-brush-szczoteczka-z-mieszanym-wlosiem\/","title":{"rendered":"FX Protect Upholstery Brush \u2013 a brush with mixed bristles"},"content":{"rendered":"<p>A brush intended for cleaning fabric upholstery. Medium-hard bristles enable deep and effective cleaning.<\/p>\n<p>CHARACTERISTICS:<\/p>\n<ul>\n<li>The handle is made of natural, varnished beech wood.<\/li>\n<li>Mixed bristles, 20 mm long (artificial PP, natural)<\/li>\n<li>Ergonomic shape<\/li>\n<\/ul>\n<p>APPLICATION:<br \/>\nCleaning fabric upholstery; universal cleaning; dry, wet cleaning or using a sprayer\/foaming pump.<\/p>\n<p>DIMENSIONS:<br \/>\n12 x 4.5 x 4 cm<\/p>","protected":false},"excerpt":{"rendered":"<p>Szczotka przeznaczona do czyszczenia tapicerek materia\u0142owych. \u015arednio-twarde w\u0142osie umo\u017cliwia dog\u0142\u0119bne i efektywne czyszczenie. CECHY: R\u0119koje\u015b\u0107 wykonana z naturalnego, lakierowanego drewna bukowego. W\u0142osie mieszane o d\u0142ugo\u015bci 20mm (sztuczne PP, naturalne) Ergonomiczny kszta\u0142t ZASTOSOWANIE: Czyszczenie tapicerek materia\u0142owych; uniwersalne czyszczenie; czyszczenie na sucho, mokro lub przy u\u017cyciu spryskiwacza\/pompki spieniaj\u0105cej. WYMIARY: 12 x 4,5 x 4cm<\/p>","protected":false},"featured_media":1850751,"comment_status":"open","ping_status":"open","template":"","meta":{"neve_meta_sidebar":"","neve_meta_container":"","neve_meta_enable_content_width":"","neve_meta_content_width":0,"neve_meta_title_alignment":"","neve_meta_author_avatar":"","neve_post_elements_order":"","neve_meta_disable_header":"","neve_meta_disable_footer":"","neve_meta_disable_title":"","_themeisle_gutenberg_block_has_review":false},"product_brand":[],"product_cat":[757,851,777],"product_tag":[299],"class_list":{"0":"post-1807673","1":"product","2":"type-product","3":"status-publish","4":"has-post-thumbnail","6":"product_cat-akcesoria","7":"product_cat-do-tapicerki","8":"product_cat-szczotki-i-pedzelki","9":"product_tag-fx-protect","11":"first","12":"instock","13":"taxable","14":"shipping-taxable","15":"purchasable","16":"product-type-simple"},"_links":{"self":[{"href":"https:\/\/liquidmaster.pl\/en\/wp-json\/wp\/v2\/product\/1807673","targetHints":{"allow":["GET"]}}],"collection":[{"href":"https:\/\/liquidmaster.pl\/en\/wp-json\/wp\/v2\/product"}],"about":[{"href":"https:\/\/liquidmaster.pl\/en\/wp-json\/wp\/v2\/types\/product"}],"replies":[{"embeddable":true,"href":"https:\/\/liquidmaster.pl\/en\/wp-json\/wp\/v2\/comments?post=1807673"}],"wp:featuredmedia":[{"embeddable":true,"href":"https:\/\/liquidmaster.pl\/en\/wp-json\/wp\/v2\/media\/1850751"}],"wp:attachment":[{"href":"https:\/\/liquidmaster.pl\/en\/wp-json\/wp\/v2\/media?parent=1807673"}],"wp:term":[{"taxonomy":"product_brand","embeddable":true,"href":"https:\/\/liquidmaster.pl\/en\/wp-json\/wp\/v2\/product_brand?post=1807673"},{"taxonomy":"product_cat","embeddable":true,"href":"https:\/\/liquidmaster.pl\/en\/wp-json\/wp\/v2\/product_cat?post=1807673"},{"taxonomy":"product_tag","embeddable":true,"href":"https:\/\/liquidmaster.pl\/en\/wp-json\/wp\/v2\/product_tag?post=1807673"}],"curies":[{"name":"wp","href":"https:\/\/api.w.org\/{rel}","templated":true}]}}