{"id":1807668,"date":"2025-03-28T18:28:05","date_gmt":"2025-03-28T16:28:05","guid":{"rendered":"https:\/\/liquidmaster.pl\/poka-premium-equipment-wieszak-do-przechowywania-dysz\/"},"modified":"2026-04-18T04:29:02","modified_gmt":"2026-04-18T02:29:02","slug":"poka-premium-equipment-wieszak-do-przechowywania-dysz","status":"publish","type":"product","link":"https:\/\/liquidmaster.pl\/en\/poka-premium-equipment-wieszak-do-przechowywania-dysz\/","title":{"rendered":"Poka Premium Equipment - Hanger for storing nozzles"},"content":{"rendered":"<p>Poka Premium Equipment nozzle storage hanger \u2013 High-quality nozzle hanger for safe storage of nozzles. Possibility to hang 5 nozzles at the same time.<\/p>\n<p>No sharp edges for maximum protection.<\/p>\n<p>Made of high-quality galvanized steel, 1.5 mm thick. Precisely cut and bent, finally painted with powder paint to ensure maximum protection against oxidation.<\/p>\n<p>Characteristic:<\/p>\n<ul>\n<li>Made of 1.5 mm sheet metal<\/li>\n<li>Galvanized layer<\/li>\n<li>Powder coated<\/li>\n<li>Space for 5 nozzles<\/li>\n<\/ul>\n<p>Dimensions:<\/p>\n<ul>\n<li>Length: 20 cm<\/li>\n<li>Height: 3 cm<\/li>\n<li>Width from the wall: 5.2 cm<\/li>\n<\/ul>","protected":false},"excerpt":{"rendered":"<p>Poka Premium Equipment wieszak do przechowywania dysz \u2013 Wysokiej jako\u015bci wieszak do bezpiecznego przechowywania dysz. Mo\u017cliwo\u015b\u0107 zawieszenia 5 dysz jednocze\u015bnie. Brak ostrych kraw\u0119dzi dla maksymalnej ochrony. Wykonany z wysokiej jako\u015bci stali ocynkowanej o grubo\u015bci 1,5 mm. Precyzyjnie wyci\u0119ty i wygi\u0119ty, finalnie pomalowany farb\u0105 proszkow\u0105, aby zapewni\u0107 maksymaln\u0105 ochron\u0119 przed utlenianiem. Charakterystyka: Wykonany z blachy 1,5&hellip;&nbsp;<a href=\"https:\/\/liquidmaster.pl\/en\/poka-premium-equipment-wieszak-do-przechowywania-dysz\/\" rel=\"bookmark\">Read More \u00bb<span class=\"screen-reader-text\">Poka Premium Equipment - Hanger for storing nozzles<\/span><\/a><\/p>","protected":false},"featured_media":1849059,"comment_status":"open","ping_status":"open","template":"","meta":{"neve_meta_sidebar":"","neve_meta_container":"","neve_meta_enable_content_width":"","neve_meta_content_width":0,"neve_meta_title_alignment":"","neve_meta_author_avatar":"","neve_post_elements_order":"","neve_meta_disable_header":"","neve_meta_disable_footer":"","neve_meta_disable_title":"","_themeisle_gutenberg_block_has_review":false},"product_brand":[],"product_cat":[757,811,856],"product_tag":[343],"class_list":{"0":"post-1807668","1":"product","2":"type-product","3":"status-publish","4":"has-post-thumbnail","6":"product_cat-akcesoria","7":"product_cat-pozostale-akcesoria","8":"product_cat-torby-i-organizery","9":"product_tag-poka-premium","11":"first","12":"outofstock","13":"taxable","14":"shipping-taxable","15":"purchasable","16":"product-type-simple"},"_links":{"self":[{"href":"https:\/\/liquidmaster.pl\/en\/wp-json\/wp\/v2\/product\/1807668","targetHints":{"allow":["GET"]}}],"collection":[{"href":"https:\/\/liquidmaster.pl\/en\/wp-json\/wp\/v2\/product"}],"about":[{"href":"https:\/\/liquidmaster.pl\/en\/wp-json\/wp\/v2\/types\/product"}],"replies":[{"embeddable":true,"href":"https:\/\/liquidmaster.pl\/en\/wp-json\/wp\/v2\/comments?post=1807668"}],"wp:featuredmedia":[{"embeddable":true,"href":"https:\/\/liquidmaster.pl\/en\/wp-json\/wp\/v2\/media\/1849059"}],"wp:attachment":[{"href":"https:\/\/liquidmaster.pl\/en\/wp-json\/wp\/v2\/media?parent=1807668"}],"wp:term":[{"taxonomy":"product_brand","embeddable":true,"href":"https:\/\/liquidmaster.pl\/en\/wp-json\/wp\/v2\/product_brand?post=1807668"},{"taxonomy":"product_cat","embeddable":true,"href":"https:\/\/liquidmaster.pl\/en\/wp-json\/wp\/v2\/product_cat?post=1807668"},{"taxonomy":"product_tag","embeddable":true,"href":"https:\/\/liquidmaster.pl\/en\/wp-json\/wp\/v2\/product_tag?post=1807668"}],"curies":[{"name":"wp","href":"https:\/\/api.w.org\/{rel}","templated":true}]}}