{"id":1807633,"date":"2025-03-28T18:24:51","date_gmt":"2025-03-28T16:24:51","guid":{"rendered":"https:\/\/liquidmaster.pl\/flex-pd-2g-108-ec-2-biegowa-wiertarko-wkretarka-udarowa-108v\/"},"modified":"2026-04-18T04:41:02","modified_gmt":"2026-04-18T02:41:02","slug":"flex-pd-2g-108-ec-2-biegowa-wiertarko-wkretarka-udarowa-108v","status":"publish","type":"product","link":"https:\/\/liquidmaster.pl\/en\/flex-pd-2g-108-ec-2-biegowa-wiertarko-wkretarka-udarowa-108v\/","title":{"rendered":"Flex PD 2G 10,8-EC &#8211; 2-biegowa wiertarko-wkr\u0119tarka udarowa 10,8V"},"content":{"rendered":"<ul>\n<li>Electronic Management System (EMS) chroni maszyn\u0119, przed\u0142u\u017ca jej \u017cywotno\u015b\u0107 i zwi\u0119ksza efektywno\u015b\u0107.<\/li>\n<li>Bezszczotkowy silnik o wysokiej skuteczno\u015bci i d\u0142ugiej \u017cywotno\u015bci.<\/li>\n<li>Regulator pr\u0119dko\u015bci gazu z blokad\u0105 za\u0142\u0105czania.<\/li>\n<li>Elektroniczny szybki hamulec.<\/li>\n<li>Szybkomocuj\u0105cy uchwyt wiertarski z funkcj\u0105 Auto-Lock (u\u0142atwiaj\u0105c\u0105 i przyspieszaj\u0105c\u0105 wymian\u0119 narz\u0119dzi bez konieczno\u015bci stosowania dodatkowych kluczy).<\/li>\n<li>Odlewana ci\u015bnieniowo obudowa aluminiowa.<\/li>\n<li>Bieg w prawo \/ lewo z prze\u0142\u0105cznikiem.<\/li>\n<li>Ergonomiczny, antypo\u015blizgowy, gumowany uchwyt.<\/li>\n<li>\u015awiat\u0142o LED z wy\u0142\u0105cznikiem czasowym.<\/li>\n<li>Wy\u015bwietlacz LED wskazuj\u0105cy aktualn\u0105 pojemno\u015b\u0107 akumulatora.<\/li>\n<li>\u0141\u0105cznie z zaczepem do paska i uchwytem bit\u00f3w.<\/li>\n<li>System akumulator\u00f3w FLEX: Praca ze wszystkimi pojemno\u015bciami akumulator\u00f3w FLEX 10,8 V.<\/li>\n<\/ul>\n<p>\u00a0<\/p>\n<p>Technical data:<\/p>\n<tr>\n\t\t\tNapi\u0119cie akumulatora<br \/>\n\t\t\t10.8V<br \/>\n\t\t<\/tr>\n<tr>\n\t\t\tBattery capacity<br \/>\n\t\t\t2,5 \/ 4,0 Ah<br \/>\n\t\t<\/tr>\n<tr>\n\t\t\tMaks. moment obrotowy, twardy<br \/>\n\t\t\t58 Nm<br \/>\n\t\t<\/tr>\n<tr>\n\t\t\tMaks. moment obrotowy, mi\u0119kki<br \/>\n\t\t\t32 Nm<br \/>\n\t\t<\/tr>\n<tr>\n\t\t\tUstawienie momentu obrotowego<br \/>\n\t\t\t25 Stopni<br \/>\n\t\t<\/tr>\n<tr>\n\t\t\tPr\u0119dko\u015b\u0107 obr. biegu ja\u0142owego 1. bieg<br \/>\n\t\t\t0 &#8211; 450 obr.\/min<br \/>\n\t\t<\/tr>\n<tr>\n\t\t\tPr\u0119dko\u015b\u0107 obr. biegu ja\u0142owego 2. bieg<br \/>\n\t\t\t0 &#8211; 1700 obr.\/min<br \/>\n\t\t<\/tr>\n<tr>\n\t\t\tLiczba uderze\u0144 biegu ja\u0142owego 1, bieg<br \/>\n\t\t\t0 &#8211; 5850 1\/min<br \/>\n\t\t<\/tr>\n<tr>\n\t\t\tLiczba uderze\u0144 biegu ja\u0142owego 2, bieg<br \/>\n\t\t\t0 &#8211; 22100 1\/min<br \/>\n\t\t<\/tr>\n<tr>\n\t\t\tZakres \u015brednicy uchwytu wiertarskiego<br \/>\n\t\t\t1,5 &#8211; 13 mm<br \/>\n\t\t<\/tr>\n<tr>\n\t\t\tMaks. \u015brednica wiercenia w drewnie<br \/>\n\t\t\t25mm<br \/>\n\t\t<\/tr>\n<tr>\n\t\t\tMaks. \u015brednica wiercenia w stali<br \/>\n\t\t\t13 mm<br \/>\n\t\t<\/tr>\n<tr>\n\t\t\tDimensions length x width x height<br \/>\n\t\t\t200 x 66 x 185 mm<br \/>\n\t\t<\/tr>\n<tr>\n\t\t\tWaga bez akumulatora<br \/>\n\t\t\t1,14 kg<br \/>\n\t\t<\/tr>\n<p>\u00a0<\/p>\n<p>Basic equipment:<\/p>\n<ul>\n<li>1 Uchwyt bit\u00f3w (442380)<\/li>\n<li>1 Mocowanie do paska (430714)<\/li>\n<li>1 Pojemnik na bity (430862)<\/li>\n<li>1 Walizka transportowa L-BOXX\u00ae (414085)<\/li>\n<li>1 Wk\u0142adka do walizki (440841)<\/li>\n<\/ul>","protected":false},"excerpt":{"rendered":"<p>Electronic Management System (EMS) chroni maszyn\u0119, przed\u0142u\u017ca jej \u017cywotno\u015b\u0107 i zwi\u0119ksza efektywno\u015b\u0107. Bezszczotkowy silnik o wysokiej skuteczno\u015bci i d\u0142ugiej \u017cywotno\u015bci. Regulator pr\u0119dko\u015bci gazu z blokad\u0105 za\u0142\u0105czania. Elektroniczny szybki hamulec. Szybkomocuj\u0105cy uchwyt wiertarski z funkcj\u0105 Auto-Lock (u\u0142atwiaj\u0105c\u0105 i przyspieszaj\u0105c\u0105 wymian\u0119 narz\u0119dzi bez konieczno\u015bci stosowania dodatkowych kluczy). Odlewana ci\u015bnieniowo obudowa aluminiowa. Bieg w prawo \/ lewo z&hellip;&nbsp;<a href=\"https:\/\/liquidmaster.pl\/en\/flex-pd-2g-108-ec-2-biegowa-wiertarko-wkretarka-udarowa-108v\/\" rel=\"bookmark\">Read More \u00bb<span class=\"screen-reader-text\">Flex PD 2G 10,8-EC &#8211; 2-biegowa wiertarko-wkr\u0119tarka udarowa 10,8V<\/span><\/a><\/p>","protected":false},"featured_media":1850718,"comment_status":"open","ping_status":"open","template":"","meta":{"neve_meta_sidebar":"","neve_meta_container":"","neve_meta_enable_content_width":"","neve_meta_content_width":0,"neve_meta_title_alignment":"","neve_meta_author_avatar":"","neve_post_elements_order":"","neve_meta_disable_header":"","neve_meta_disable_footer":"","neve_meta_disable_title":"","_themeisle_gutenberg_block_has_review":false},"product_brand":[],"product_cat":[757,908,846],"product_tag":[292],"class_list":{"0":"post-1807633","1":"product","2":"type-product","3":"status-publish","4":"has-post-thumbnail","6":"product_cat-akcesoria","7":"product_cat-narzedzia","8":"product_cat-reszta","9":"product_tag-flex","11":"first","12":"outofstock","13":"taxable","14":"shipping-taxable","15":"purchasable","16":"product-type-simple"},"_links":{"self":[{"href":"https:\/\/liquidmaster.pl\/en\/wp-json\/wp\/v2\/product\/1807633","targetHints":{"allow":["GET"]}}],"collection":[{"href":"https:\/\/liquidmaster.pl\/en\/wp-json\/wp\/v2\/product"}],"about":[{"href":"https:\/\/liquidmaster.pl\/en\/wp-json\/wp\/v2\/types\/product"}],"replies":[{"embeddable":true,"href":"https:\/\/liquidmaster.pl\/en\/wp-json\/wp\/v2\/comments?post=1807633"}],"wp:featuredmedia":[{"embeddable":true,"href":"https:\/\/liquidmaster.pl\/en\/wp-json\/wp\/v2\/media\/1850718"}],"wp:attachment":[{"href":"https:\/\/liquidmaster.pl\/en\/wp-json\/wp\/v2\/media?parent=1807633"}],"wp:term":[{"taxonomy":"product_brand","embeddable":true,"href":"https:\/\/liquidmaster.pl\/en\/wp-json\/wp\/v2\/product_brand?post=1807633"},{"taxonomy":"product_cat","embeddable":true,"href":"https:\/\/liquidmaster.pl\/en\/wp-json\/wp\/v2\/product_cat?post=1807633"},{"taxonomy":"product_tag","embeddable":true,"href":"https:\/\/liquidmaster.pl\/en\/wp-json\/wp\/v2\/product_tag?post=1807633"}],"curies":[{"name":"wp","href":"https:\/\/api.w.org\/{rel}","templated":true}]}}