{"id":1807629,"date":"2025-03-28T18:24:28","date_gmt":"2025-03-28T16:24:28","guid":{"rendered":"https:\/\/liquidmaster.pl\/carpro-reload-2-0-1l-sealant-bazujacy-na-sio2\/"},"modified":"2026-04-20T08:21:17","modified_gmt":"2026-04-20T06:21:17","slug":"carpro-reload-2-0-1l-sealant-bazujacy-na-sio2","status":"publish","type":"product","link":"https:\/\/liquidmaster.pl\/en\/carpro-reload-20-1l-sealant-bazujacy-na-sio2\/","title":{"rendered":"CarPro Reload 2.0 1L \u2013 sealant based on SiO2"},"content":{"rendered":"<p>CarPro Reload 2.0 \u2013 this is the long-awaited evolution of the legendary SiO2-based sealant. The product retains the same ease of application, but its performance has been improved in every respect. In short: increased gloss, durability, as well as chemical and environmental resistance.<\/p>\n<p>Reload was originally developed to maintain the protection and highest quality finish of the CQuartz line of ceramic coatings. It also works perfectly as a standalone paint protection for up to 3 months. The water-soluble formula means Reload can be applied to all car surfaces (even wet ones), making it perfect for quickly replenishing the vehicle&#039;s protective layer and shine.<\/p>\n<p>The most important features:<\/p>\n<ul>\n<li>Strong hydrophobic and self-cleaning properties,<\/li>\n<li>Higher gloss and slipperiness,<\/li>\n<li>Increased resistance to hard water marks and chemicals.<\/li>\n<\/ul>\n<p>Usage:<\/p>\n<li>Shake the product bottle before use.<\/li>\n<li>Apply a small amount of the product onto a 50x50cm surface.<\/li>\n<li>Spread evenly using a microfiber cloth.<\/li>\n<li>Leave for 30-60 seconds.\u00a0<\/li>\n<li>Use a second microfiber cloth to remove excess product and achieve a high shine.<\/li>\n<li>Go to the next item.<\/li>\n<p>Attention:<\/p>\n<p>Do not apply directly in the sun. Turn the microfiber cloth over after each panel.<\/p>\n<p>Capacity: 1000 ml<\/p>","protected":false},"excerpt":{"rendered":"<p>CarPro Reload 2.0 \u2013 to d\u0142ugo oczekiwana ewolucja legendarnego sealantu bazuj\u0105cego na SiO2. Produkt zachowuje t\u0119 sam\u0105 \u0142atwo\u015b\u0107 aplikacji, ale poprawiono jego wydajno\u015b\u0107 pod ka\u017cdym wzgl\u0119dem. W skr\u00f3cie: zwi\u0119kszono po\u0142ysk, wyd\u0142u\u017cono trwa\u0142o\u015b\u0107, a tak\u017ce odporno\u015b\u0107 chemiczn\u0105 i \u015brodowiskow\u0105. Reload zosta\u0142 pierwotnie opracowany w celu zachowania ochrony i najwy\u017cszej jako\u015bci wyko\u0144czenia pow\u0142ok ceramicznych z linii CQuartz.&hellip;&nbsp;<a href=\"https:\/\/liquidmaster.pl\/en\/carpro-reload-20-1l-sealant-bazujacy-na-sio2\/\" rel=\"bookmark\">Read More \u00bb<span class=\"screen-reader-text\">CarPro Reload 2.0 1L \u2013 sealant based on SiO2<\/span><\/a><\/p>","protected":false},"featured_media":1850715,"comment_status":"open","ping_status":"open","template":"","meta":{"neve_meta_sidebar":"","neve_meta_container":"","neve_meta_enable_content_width":"","neve_meta_content_width":0,"neve_meta_title_alignment":"","neve_meta_author_avatar":"","neve_post_elements_order":"","neve_meta_disable_header":"","neve_meta_disable_footer":"","neve_meta_disable_title":"","_themeisle_gutenberg_block_has_review":false},"product_brand":[],"product_cat":[733,766,767],"product_tag":[275],"class_list":{"0":"post-1807629","1":"product","2":"type-product","3":"status-publish","4":"has-post-thumbnail","6":"product_cat-na-zewnatrz","7":"product_cat-ochrona-lakieru","8":"product_cat-quick-detailery","9":"product_tag-carpro","11":"first","12":"instock","13":"taxable","14":"shipping-taxable","15":"purchasable","16":"product-type-simple"},"_links":{"self":[{"href":"https:\/\/liquidmaster.pl\/en\/wp-json\/wp\/v2\/product\/1807629","targetHints":{"allow":["GET"]}}],"collection":[{"href":"https:\/\/liquidmaster.pl\/en\/wp-json\/wp\/v2\/product"}],"about":[{"href":"https:\/\/liquidmaster.pl\/en\/wp-json\/wp\/v2\/types\/product"}],"replies":[{"embeddable":true,"href":"https:\/\/liquidmaster.pl\/en\/wp-json\/wp\/v2\/comments?post=1807629"}],"wp:featuredmedia":[{"embeddable":true,"href":"https:\/\/liquidmaster.pl\/en\/wp-json\/wp\/v2\/media\/1850715"}],"wp:attachment":[{"href":"https:\/\/liquidmaster.pl\/en\/wp-json\/wp\/v2\/media?parent=1807629"}],"wp:term":[{"taxonomy":"product_brand","embeddable":true,"href":"https:\/\/liquidmaster.pl\/en\/wp-json\/wp\/v2\/product_brand?post=1807629"},{"taxonomy":"product_cat","embeddable":true,"href":"https:\/\/liquidmaster.pl\/en\/wp-json\/wp\/v2\/product_cat?post=1807629"},{"taxonomy":"product_tag","embeddable":true,"href":"https:\/\/liquidmaster.pl\/en\/wp-json\/wp\/v2\/product_tag?post=1807629"}],"curies":[{"name":"wp","href":"https:\/\/api.w.org\/{rel}","templated":true}]}}