{"id":1807627,"date":"2025-03-28T18:24:28","date_gmt":"2025-03-28T16:24:28","guid":{"rendered":"https:\/\/liquidmaster.pl\/carpro-lotion-leather-500ml-balsam-do-tapicerki-skorzanej\/"},"modified":"2026-04-18T04:41:01","modified_gmt":"2026-04-18T02:41:01","slug":"carpro-lotion-leather-500ml-balsam-do-tapicerki-skorzanej","status":"publish","type":"product","link":"https:\/\/liquidmaster.pl\/en\/carpro-lotion-leather-500ml-balsam-do-tapicerki-skorzanej\/","title":{"rendered":"CarPro Lotion Leather 500ml \u2013 balm for leather upholstery"},"content":{"rendered":"<p>CarPro Lotion, applied using an applicator, provides a soft and smooth effect on the skin. It protects against damage and UV rays and maintains a natural appearance. Under the influence of UV rays, leather may age prematurely, crack, fade and dry out. Proper care can keep your leather in better condition and prevent premature wear.<\/p>\n<p>The most important features:<\/p>\n<ul>\n<li>Safe for all skin types<\/li>\n<li>Protects against liquids and light contamination<\/li>\n<li>Does not change the appearance of the skin<\/li>\n<\/ul>\n<p>Usage:<\/p>\n<li>Once your skin is clean and dry, apply a pea-sized drop of balm onto the applicator<\/li>\n<li>Rozprowad\u017a produkt w obszarze o wymiarach 40&#215;40 cm<\/li>\n<li>Gently apply the lotion to the skin until the surface is evenly covered<\/li>\n<li>Remove excess balm with a microfiber cloth<\/li>\n<p>Capacity: 500ml<\/p>","protected":false},"excerpt":{"rendered":"<p>Balsam CarPro Lotion, na\u0142o\u017cony za pomoc\u0105 aplikatora, na sk\u00f3r\u0119 zapewnia efekt mi\u0119kko\u015bci i g\u0142adko\u015bci. Chroni przed uszkodzeniami, a tak\u017ce promieniami UV i zachowuje naturalny wygl\u0105d. Pod wp\u0142ywem promieni UV sk\u00f3ra mo\u017ce si\u0119 przedwcze\u015bnie starze\u0107, p\u0119ka\u0107 blakn\u0105\u0107 i schn\u0105\u0107. W\u0142a\u015bciwa piel\u0119gnacja mo\u017ce utrzyma\u0107 sk\u00f3r\u0119 w lepszym stanie i zapobiec przedwczesnemu zu\u017cyciu. Najwa\u017cniejsze cechy: Bezpieczny dla wszystkich&hellip;&nbsp;<a href=\"https:\/\/liquidmaster.pl\/en\/carpro-lotion-leather-500ml-balsam-do-tapicerki-skorzanej\/\" rel=\"bookmark\">Read More \u00bb<span class=\"screen-reader-text\">CarPro Lotion Leather 500ml \u2013 balm for leather upholstery<\/span><\/a><\/p>","protected":false},"featured_media":1850714,"comment_status":"open","ping_status":"open","template":"","meta":{"neve_meta_sidebar":"","neve_meta_container":"","neve_meta_enable_content_width":"","neve_meta_content_width":0,"neve_meta_title_alignment":"","neve_meta_author_avatar":"","neve_post_elements_order":"","neve_meta_disable_header":"","neve_meta_disable_footer":"","neve_meta_disable_title":"","_themeisle_gutenberg_block_has_review":false},"product_brand":[],"product_cat":[854,816,768],"product_tag":[275],"class_list":{"0":"post-1807627","1":"product","2":"type-product","3":"status-publish","4":"has-post-thumbnail","6":"product_cat-mleczka-i-balsamy-do-skor","7":"product_cat-tapicerka-skorzana","8":"product_cat-wnetrze-auta","9":"product_tag-carpro","11":"first","12":"instock","13":"taxable","14":"shipping-taxable","15":"purchasable","16":"product-type-simple"},"_links":{"self":[{"href":"https:\/\/liquidmaster.pl\/en\/wp-json\/wp\/v2\/product\/1807627","targetHints":{"allow":["GET"]}}],"collection":[{"href":"https:\/\/liquidmaster.pl\/en\/wp-json\/wp\/v2\/product"}],"about":[{"href":"https:\/\/liquidmaster.pl\/en\/wp-json\/wp\/v2\/types\/product"}],"replies":[{"embeddable":true,"href":"https:\/\/liquidmaster.pl\/en\/wp-json\/wp\/v2\/comments?post=1807627"}],"wp:featuredmedia":[{"embeddable":true,"href":"https:\/\/liquidmaster.pl\/en\/wp-json\/wp\/v2\/media\/1850714"}],"wp:attachment":[{"href":"https:\/\/liquidmaster.pl\/en\/wp-json\/wp\/v2\/media?parent=1807627"}],"wp:term":[{"taxonomy":"product_brand","embeddable":true,"href":"https:\/\/liquidmaster.pl\/en\/wp-json\/wp\/v2\/product_brand?post=1807627"},{"taxonomy":"product_cat","embeddable":true,"href":"https:\/\/liquidmaster.pl\/en\/wp-json\/wp\/v2\/product_cat?post=1807627"},{"taxonomy":"product_tag","embeddable":true,"href":"https:\/\/liquidmaster.pl\/en\/wp-json\/wp\/v2\/product_tag?post=1807627"}],"curies":[{"name":"wp","href":"https:\/\/api.w.org\/{rel}","templated":true}]}}