{"id":1807616,"date":"2025-03-28T18:24:04","date_gmt":"2025-03-28T16:24:04","guid":{"rendered":"https:\/\/liquidmaster.pl\/carpro-darkside-tyre-brush-ergonomiczny-aplikator-do-opon\/"},"modified":"2026-04-19T03:28:27","modified_gmt":"2026-04-19T01:28:27","slug":"carpro-darkside-tyre-brush-ergonomiczny-aplikator-do-opon","status":"publish","type":"product","link":"https:\/\/liquidmaster.pl\/en\/carpro-darkside-tyre-brush-ergonomiczny-aplikator-do-opon\/","title":{"rendered":"CarPro DarkSide Tire Brush \u2013 ergonomic tire applicator"},"content":{"rendered":"<p>A unique tire applicator in the form of a brush is a perfect solution for applying gel tire dressing such as DarSide by CarPro. It allows for even and accurate application. It easily reaches all nooks and crannies and works well on tires of any profile, and its handle provides a firm grip. DarkSide tire brush is equipped with a stand that ensures safe storage of the brush.<\/p>\n<p>The most important features:<\/p>\n<ul>\n<li>Brush applicator<\/li>\n<li>Dense bristles<\/li>\n<li>Resistant and durable<\/li>\n<li>Reaches all corners of the tire<\/li>\n<li>Stand included<\/li>\n<\/ul>\n<p>Technical data:<\/p>\n<ul>\n<li>Orange-black color<\/li>\n<li>Height: 5.5 cm<\/li>\n<li>Diameter: 5 cm<\/li>\n<\/ul>","protected":false},"excerpt":{"rendered":"<p>Wyjatkowy aplikator do opon w formie p\u0119dzelka jest doskona\u0142ym rozwi\u0105zaniem do aplikacji \u017celowego dressingu do opon jakim jest DarSide marki CarPro. Pozwala na r\u00f3wnomiern\u0105 i dok\u0142adn\u0105 aplikacj\u0119. Dociera z \u0142atwo\u015bci\u0105 we wszystkie zakamarki i sprawdza si\u0119 na oponach o ka\u017cdym profilu a jego r\u0119koje\u015b\u0107 zapewnia pewny uchwyt. DarkSide tyre brush wyposa\u017cony jest w stojak kt\u00f3ry&hellip;&nbsp;<a href=\"https:\/\/liquidmaster.pl\/en\/carpro-darkside-tyre-brush-ergonomiczny-aplikator-do-opon\/\" rel=\"bookmark\">Read More \u00bb<span class=\"screen-reader-text\">CarPro DarkSide Tire Brush \u2013 ergonomic tire applicator<\/span><\/a><\/p>","protected":false},"featured_media":1850704,"comment_status":"open","ping_status":"open","template":"","meta":{"neve_meta_sidebar":"","neve_meta_container":"","neve_meta_enable_content_width":"","neve_meta_content_width":0,"neve_meta_title_alignment":"","neve_meta_author_avatar":"","neve_post_elements_order":"","neve_meta_disable_header":"","neve_meta_disable_footer":"","neve_meta_disable_title":"","_themeisle_gutenberg_block_has_review":false},"product_brand":[],"product_cat":[757,786,912],"product_tag":[275],"class_list":{"0":"post-1807616","1":"product","2":"type-product","3":"status-publish","4":"has-post-thumbnail","6":"product_cat-akcesoria","7":"product_cat-aplikatory","8":"product_cat-aplikatory-do-opon","9":"product_tag-carpro","11":"first","12":"instock","13":"taxable","14":"shipping-taxable","15":"purchasable","16":"product-type-simple"},"_links":{"self":[{"href":"https:\/\/liquidmaster.pl\/en\/wp-json\/wp\/v2\/product\/1807616","targetHints":{"allow":["GET"]}}],"collection":[{"href":"https:\/\/liquidmaster.pl\/en\/wp-json\/wp\/v2\/product"}],"about":[{"href":"https:\/\/liquidmaster.pl\/en\/wp-json\/wp\/v2\/types\/product"}],"replies":[{"embeddable":true,"href":"https:\/\/liquidmaster.pl\/en\/wp-json\/wp\/v2\/comments?post=1807616"}],"wp:featuredmedia":[{"embeddable":true,"href":"https:\/\/liquidmaster.pl\/en\/wp-json\/wp\/v2\/media\/1850704"}],"wp:attachment":[{"href":"https:\/\/liquidmaster.pl\/en\/wp-json\/wp\/v2\/media?parent=1807616"}],"wp:term":[{"taxonomy":"product_brand","embeddable":true,"href":"https:\/\/liquidmaster.pl\/en\/wp-json\/wp\/v2\/product_brand?post=1807616"},{"taxonomy":"product_cat","embeddable":true,"href":"https:\/\/liquidmaster.pl\/en\/wp-json\/wp\/v2\/product_cat?post=1807616"},{"taxonomy":"product_tag","embeddable":true,"href":"https:\/\/liquidmaster.pl\/en\/wp-json\/wp\/v2\/product_tag?post=1807616"}],"curies":[{"name":"wp","href":"https:\/\/api.w.org\/{rel}","templated":true}]}}