{"id":1807615,"date":"2025-03-28T18:24:04","date_gmt":"2025-03-28T16:24:04","guid":{"rendered":"https:\/\/liquidmaster.pl\/chemical-guys-white-light-hybrid-radiant-finish-sealant-do-jasnych-lakierow\/"},"modified":"2026-04-20T08:07:33","modified_gmt":"2026-04-20T06:07:33","slug":"chemical-guys-white-light-hybrid-radiant-finish-sealant-do-jasnych-lakierow","status":"publish","type":"product","link":"https:\/\/liquidmaster.pl\/en\/chemical-guys-white-light-hybrid-radiant-finish-sealant-do-jasnych-lakierow\/","title":{"rendered":"Chemical Guys White Light Hybrid Radiant Finish - sealant for light varnishes"},"content":{"rendered":"<p>Chemical Guys White Light Hybrid Radiant Finish \u2013 is an amazing sealant for white and light varnishes. It enhances the color, brings it out and gives it a fantastic shine. White Light is the effect of wet paint on your car. The product protects against road pollution, brake dust, water stains and UV rays. White Light is perfect for light, white and pearl-colored varnishes. Protect your car with Chemical Guys White Light Hybrid Radiant Finish and use Chemical Guys Hybrid V7 after each wash to enhance the effect.<\/p>\n<p>Capacity: 473 ml<\/p>","protected":false},"excerpt":{"rendered":"<p>Chemical Guys White Light Hybrid Radiant Finish \u2013 to niesamowity sealant do bia\u0142ych i jasnych lakier\u00f3w. Wzmacnia kolor, wydobywa go i nadaje fantastyczny po\u0142ysk. White Light to efekt mokrego lakieru na Twoim samochodzie. Produkt chroni przed zanieczyszczeniami drogowymi, py\u0142em hamulcowym, plamami po wodzie, czy promieniami UV. White Light idealnie sprawdza si\u0119 na lakierach na jasnych,&hellip;&nbsp;<a href=\"https:\/\/liquidmaster.pl\/en\/chemical-guys-white-light-hybrid-radiant-finish-sealant-do-jasnych-lakierow\/\" rel=\"bookmark\">Read More \u00bb<span class=\"screen-reader-text\">Chemical Guys White Light Hybrid Radiant Finish - sealant for light varnishes<\/span><\/a><\/p>","protected":false},"featured_media":1849009,"comment_status":"open","ping_status":"open","template":"","meta":{"neve_meta_sidebar":"","neve_meta_container":"","neve_meta_enable_content_width":"","neve_meta_content_width":0,"neve_meta_title_alignment":"","neve_meta_author_avatar":"","neve_post_elements_order":"","neve_meta_disable_header":"","neve_meta_disable_footer":"","neve_meta_disable_title":"","_themeisle_gutenberg_block_has_review":false},"product_brand":[],"product_cat":[733,766,788],"product_tag":[278],"class_list":{"0":"post-1807615","1":"product","2":"type-product","3":"status-publish","4":"has-post-thumbnail","6":"product_cat-na-zewnatrz","7":"product_cat-ochrona-lakieru","8":"product_cat-woski","9":"product_tag-chemical-guys","11":"first","12":"outofstock","13":"taxable","14":"shipping-taxable","15":"purchasable","16":"product-type-simple"},"_links":{"self":[{"href":"https:\/\/liquidmaster.pl\/en\/wp-json\/wp\/v2\/product\/1807615","targetHints":{"allow":["GET"]}}],"collection":[{"href":"https:\/\/liquidmaster.pl\/en\/wp-json\/wp\/v2\/product"}],"about":[{"href":"https:\/\/liquidmaster.pl\/en\/wp-json\/wp\/v2\/types\/product"}],"replies":[{"embeddable":true,"href":"https:\/\/liquidmaster.pl\/en\/wp-json\/wp\/v2\/comments?post=1807615"}],"wp:featuredmedia":[{"embeddable":true,"href":"https:\/\/liquidmaster.pl\/en\/wp-json\/wp\/v2\/media\/1849009"}],"wp:attachment":[{"href":"https:\/\/liquidmaster.pl\/en\/wp-json\/wp\/v2\/media?parent=1807615"}],"wp:term":[{"taxonomy":"product_brand","embeddable":true,"href":"https:\/\/liquidmaster.pl\/en\/wp-json\/wp\/v2\/product_brand?post=1807615"},{"taxonomy":"product_cat","embeddable":true,"href":"https:\/\/liquidmaster.pl\/en\/wp-json\/wp\/v2\/product_cat?post=1807615"},{"taxonomy":"product_tag","embeddable":true,"href":"https:\/\/liquidmaster.pl\/en\/wp-json\/wp\/v2\/product_tag?post=1807615"}],"curies":[{"name":"wp","href":"https:\/\/api.w.org\/{rel}","templated":true}]}}