{"id":1807599,"date":"2025-03-28T18:22:27","date_gmt":"2025-03-28T16:22:27","guid":{"rendered":"https:\/\/liquidmaster.pl\/rooks-ok-03-4060-wiertarko-wkretarka-12v-aq-lion-28nm\/"},"modified":"2026-04-18T04:40:56","modified_gmt":"2026-04-18T02:40:56","slug":"rooks-ok-03-4060-wiertarko-wkretarka-12v-aq-lion-28nm","status":"publish","type":"product","link":"https:\/\/liquidmaster.pl\/en\/rooks-ok-034060-wiertarko-wkretarka-12v-aq-lion-28nm\/","title":{"rendered":"Rooks OK-03.4060 \u2013 drill\/driver 12V AQ-Lion 28Nm"},"content":{"rendered":"<p>A small but powerful drill\/driver is designed for individual work and light professional tasks in car, mechanical and installation services. The ROOKS drill\/driver is powered by a 10.8 V Li-ion 1.5 Ah battery. The compact design tool has a holder for 1-10 mm drills, two speed levels: 0-400 \/ 0-1400 rpm, a torque of 28 Nm, an 18-degree clutch with a drilling lock and an LED lamp to illuminate the work area.<br \/>\nThe set consists of a tool, a battery and a quick charger that will fully charge the battery in 1 hour. Each tool has a system that informs about the battery charge status.<\/p>\n<p>\u00a0<\/p>\n<tr>\n\t\t\tRated voltage<br \/>\n\t\t\t10.8V<br \/>\n\t\t<\/tr>\n<tr>\n\t\t\tRotation speed<br \/>\n\t\t\t0-400 \/ 0-1400 rpm<br \/>\n\t\t<\/tr>\n<tr>\n\t\t\tMaximum torque<br \/>\n\t\t\t28 Nm<br \/>\n\t\t<\/tr>\n<tr>\n\t\t\tDrill diameter<br \/>\n\t\t\t0.8-10mm<br \/>\n\t\t<\/tr>\n<tr>\n\t\t\tClutch<br \/>\n\t\t\t18 + 1 (drilling)<br \/>\n\t\t<\/tr>\n<tr>\n\t\t\tBattery<br \/>\n\t\t\tLi-ion 10.8V 1.5Ah<br \/>\n\t\t<\/tr>\n<tr>\n\t\t\tCharger<br \/>\n\t\t\t240V, 15.5V, 1.5Ah<br \/>\n\t\t<\/tr>\n<tr>\n\t\t\tCharging time<br \/>\n\t\t\t1 hour<br \/>\n\t\t<\/tr>","protected":false},"excerpt":{"rendered":"<p>Ma\u0142a, lecz mocna wiertarko-wkr\u0119tarka przeznaczona jest do pracy indywidualnej i lekkich profesjonalnych zada\u0144 w serwisie samochodowym, mechanicznym i instalatorskim. Wiertarko-wkr\u0119tarka ROOKS zasilana jest bateri\u0105 10,8 V Li-ion 1,5 Ah. Narz\u0119dzie o kompaktowej konstrukcji posiada uchwyt do wierte\u0142 1-10 mm, dwa poziomy pr\u0119dko\u015bci obrotowej: 0-400 \/ 0-1400 obr\/min, moment 28 Nm, 18-stopniowe sprz\u0119g\u0142o z blokad\u0105 na&hellip;&nbsp;<a href=\"https:\/\/liquidmaster.pl\/en\/rooks-ok-034060-wiertarko-wkretarka-12v-aq-lion-28nm\/\" rel=\"bookmark\">Read More \u00bb<span class=\"screen-reader-text\">Rooks OK-03.4060 \u2013 drill\/driver 12V AQ-Lion 28Nm<\/span><\/a><\/p>","protected":false},"featured_media":1850686,"comment_status":"open","ping_status":"open","template":"","meta":{"neve_meta_sidebar":"","neve_meta_container":"","neve_meta_enable_content_width":"","neve_meta_content_width":0,"neve_meta_title_alignment":"","neve_meta_author_avatar":"","neve_post_elements_order":"","neve_meta_disable_header":"","neve_meta_disable_footer":"","neve_meta_disable_title":"","_themeisle_gutenberg_block_has_review":false},"product_brand":[],"product_cat":[757,908,846],"product_tag":[941],"class_list":{"0":"post-1807599","1":"product","2":"type-product","3":"status-publish","4":"has-post-thumbnail","6":"product_cat-akcesoria","7":"product_cat-narzedzia","8":"product_cat-reszta","9":"product_tag-rooks","11":"first","12":"outofstock","13":"taxable","14":"shipping-taxable","15":"purchasable","16":"product-type-simple"},"_links":{"self":[{"href":"https:\/\/liquidmaster.pl\/en\/wp-json\/wp\/v2\/product\/1807599","targetHints":{"allow":["GET"]}}],"collection":[{"href":"https:\/\/liquidmaster.pl\/en\/wp-json\/wp\/v2\/product"}],"about":[{"href":"https:\/\/liquidmaster.pl\/en\/wp-json\/wp\/v2\/types\/product"}],"replies":[{"embeddable":true,"href":"https:\/\/liquidmaster.pl\/en\/wp-json\/wp\/v2\/comments?post=1807599"}],"wp:featuredmedia":[{"embeddable":true,"href":"https:\/\/liquidmaster.pl\/en\/wp-json\/wp\/v2\/media\/1850686"}],"wp:attachment":[{"href":"https:\/\/liquidmaster.pl\/en\/wp-json\/wp\/v2\/media?parent=1807599"}],"wp:term":[{"taxonomy":"product_brand","embeddable":true,"href":"https:\/\/liquidmaster.pl\/en\/wp-json\/wp\/v2\/product_brand?post=1807599"},{"taxonomy":"product_cat","embeddable":true,"href":"https:\/\/liquidmaster.pl\/en\/wp-json\/wp\/v2\/product_cat?post=1807599"},{"taxonomy":"product_tag","embeddable":true,"href":"https:\/\/liquidmaster.pl\/en\/wp-json\/wp\/v2\/product_tag?post=1807599"}],"curies":[{"name":"wp","href":"https:\/\/api.w.org\/{rel}","templated":true}]}}