{"id":1807595,"date":"2025-03-28T18:22:04","date_gmt":"2025-03-28T16:22:04","guid":{"rendered":"https:\/\/liquidmaster.pl\/rooks-ok-03-5006-generator-ozonu-7g-h-ozonowanie-samochodu\/"},"modified":"2026-04-20T08:21:10","modified_gmt":"2026-04-20T06:21:10","slug":"rooks-ok-03-5006-generator-ozonu-7g-h-ozonowanie-samochodu","status":"publish","type":"product","link":"https:\/\/liquidmaster.pl\/en\/rooks-ok-035006-generator-ozonu-7gh-ozonowanie-samochodu\/","title":{"rendered":"Rooks OK-03.5006 \u2013 ozone generator 7g\/h \u2013 car ozonation"},"content":{"rendered":"<p>High efficiency O3 ozone generator. It is used to produce ozone from the surrounding air. The use of ozone allows for very effective removal of unpleasant odors, bacteria, viruses, fungi, molds, and mites in passenger cars, delivery vans and trucks, as well as in residential, public and utility rooms. It is ideal for disinfecting cars, classrooms, locker rooms, hotel rooms, waiting rooms, doctor&#039;s offices and beauty salons.<\/p>\n<p>ROOKS FAST series ozonators have efficient plate electrodes with a service life of 8,000 hours. The working time is adjusted using a knob with a regulator. Possible working time from 10 to 120 minutes.<\/p>\n<p>ROOKS ozonators are easy to use, made of high-quality materials, replaceable fan filters.<\/p>","protected":false},"excerpt":{"rendered":"<p>Generator ozonu o wysokiej wydajno\u015bci O3. S\u0142u\u017cy do wytwarzania ozonu z otaczaj\u0105cego powietrza. Stosowanie ozonu pozwala na bardzo efektywne usuwanie nieprzyjemnych zapach\u00f3w, bakterii, wirus\u00f3w, grzyb\u00f3w, ple\u015bni, roztoczy w samochodach osobowych, dostawczych i ci\u0119\u017carowych oraz w pomieszczeniach mieszkalnych, publicznych i gospodarczych. Idealnie sprawdza si\u0119 w odka\u017caniu samochod\u00f3w, klas, szatni, pokoj\u00f3w hotelowych, poczekalni, gabinet\u00f3w lekarskich i kosmetycznych.&hellip;&nbsp;<a href=\"https:\/\/liquidmaster.pl\/en\/rooks-ok-035006-generator-ozonu-7gh-ozonowanie-samochodu\/\" rel=\"bookmark\">Read More \u00bb<span class=\"screen-reader-text\">Rooks OK-03.5006 \u2013 ozone generator 7g\/h \u2013 car ozonation<\/span><\/a><\/p>","protected":false},"featured_media":1850685,"comment_status":"open","ping_status":"open","template":"","meta":{"neve_meta_sidebar":"","neve_meta_container":"","neve_meta_enable_content_width":"","neve_meta_content_width":0,"neve_meta_title_alignment":"","neve_meta_author_avatar":"","neve_post_elements_order":"","neve_meta_disable_header":"","neve_meta_disable_footer":"","neve_meta_disable_title":"","_themeisle_gutenberg_block_has_review":false},"product_brand":[],"product_cat":[757,846,891],"product_tag":[941],"class_list":{"0":"post-1807595","1":"product","2":"type-product","3":"status-publish","4":"has-post-thumbnail","6":"product_cat-akcesoria","7":"product_cat-reszta","8":"product_cat-urzadzenia","9":"product_tag-rooks","11":"first","12":"outofstock","13":"taxable","14":"shipping-taxable","15":"purchasable","16":"product-type-simple"},"_links":{"self":[{"href":"https:\/\/liquidmaster.pl\/en\/wp-json\/wp\/v2\/product\/1807595","targetHints":{"allow":["GET"]}}],"collection":[{"href":"https:\/\/liquidmaster.pl\/en\/wp-json\/wp\/v2\/product"}],"about":[{"href":"https:\/\/liquidmaster.pl\/en\/wp-json\/wp\/v2\/types\/product"}],"replies":[{"embeddable":true,"href":"https:\/\/liquidmaster.pl\/en\/wp-json\/wp\/v2\/comments?post=1807595"}],"wp:featuredmedia":[{"embeddable":true,"href":"https:\/\/liquidmaster.pl\/en\/wp-json\/wp\/v2\/media\/1850685"}],"wp:attachment":[{"href":"https:\/\/liquidmaster.pl\/en\/wp-json\/wp\/v2\/media?parent=1807595"}],"wp:term":[{"taxonomy":"product_brand","embeddable":true,"href":"https:\/\/liquidmaster.pl\/en\/wp-json\/wp\/v2\/product_brand?post=1807595"},{"taxonomy":"product_cat","embeddable":true,"href":"https:\/\/liquidmaster.pl\/en\/wp-json\/wp\/v2\/product_cat?post=1807595"},{"taxonomy":"product_tag","embeddable":true,"href":"https:\/\/liquidmaster.pl\/en\/wp-json\/wp\/v2\/product_tag?post=1807595"}],"curies":[{"name":"wp","href":"https:\/\/api.w.org\/{rel}","templated":true}]}}