{"id":1807590,"date":"2025-03-28T18:22:04","date_gmt":"2025-03-28T16:22:04","guid":{"rendered":"https:\/\/liquidmaster.pl\/rooks-ok-03-4331-akcesoria-scierne-do-mini-szlifierki-40cz\/"},"modified":"2026-04-18T04:40:55","modified_gmt":"2026-04-18T02:40:55","slug":"rooks-ok-03-4331-akcesoria-scierne-do-mini-szlifierki-40cz","status":"publish","type":"product","link":"https:\/\/liquidmaster.pl\/en\/rooks-ok-034331-akcesoria-scierne-do-mini-szlifierki-40cz\/","title":{"rendered":"Rooks OK-03.4331 \u2013 abrasive accessories for mini grinder 40 pcs."},"content":{"rendered":"<p>Set of accessories for the OK-03.4330 grinder, containing 40 elements:<br \/>\n10 x sandpaper<br \/>\n6 x sanding belt<br \/>\n5 x cutting disc<br \/>\n4 x felt circle<br \/>\n3 x diamond drill bits \u00d8 3.2 mm<br \/>\n3 x grinding wheel with shank \u00d8 3.2 mm<br \/>\n2 x grinding pins \u00d8 3.2 mm<br \/>\n2 x pin \u00d8 3.2 mm<br \/>\n1 x drill \u00d8 3.2 mm<br \/>\n1 x steel wire brush \u00d8 3.2 mm<br \/>\n1 x polishing paste<br \/>\n1 x HSS cutter \u00d8 3.2 mm<br \/>\n1 x Key<\/p>","protected":false},"excerpt":{"rendered":"<p>Zestaw akcesori\u00f3w do szlifierki OK-03.4330 zawieraj\u0105cy 40 element\u00f3w: 10 x papier \u015bcierny 6 x ta\u015bma szlifierska 5 x tarcza tn\u0105ca 4 x ko\u0142o filcowe 3 x wiert\u0142o diamentowe \u00d8 3,2 mm 3 x \u015bciernica z trzpieniem \u00d8 3,2 mm 2 x trzpie\u0144 szlifierski \u00d8 3,2 mm 2 x trzpie\u0144 \u00d8 3,2 mm 1 x wiert\u0142o&hellip;&nbsp;<a href=\"https:\/\/liquidmaster.pl\/en\/rooks-ok-034331-akcesoria-scierne-do-mini-szlifierki-40cz\/\" rel=\"bookmark\">Read More \u00bb<span class=\"screen-reader-text\">Rooks OK-03.4331 \u2013 abrasive accessories for mini grinder 40 pcs.<\/span><\/a><\/p>","protected":false},"featured_media":1850677,"comment_status":"open","ping_status":"open","template":"","meta":{"neve_meta_sidebar":"","neve_meta_container":"","neve_meta_enable_content_width":"","neve_meta_content_width":0,"neve_meta_title_alignment":"","neve_meta_author_avatar":"","neve_post_elements_order":"","neve_meta_disable_header":"","neve_meta_disable_footer":"","neve_meta_disable_title":"","_themeisle_gutenberg_block_has_review":false},"product_brand":[],"product_cat":[757,908,846],"product_tag":[941],"class_list":{"0":"post-1807590","1":"product","2":"type-product","3":"status-publish","4":"has-post-thumbnail","6":"product_cat-akcesoria","7":"product_cat-narzedzia","8":"product_cat-reszta","9":"product_tag-rooks","11":"first","12":"instock","13":"taxable","14":"shipping-taxable","15":"purchasable","16":"product-type-simple"},"_links":{"self":[{"href":"https:\/\/liquidmaster.pl\/en\/wp-json\/wp\/v2\/product\/1807590","targetHints":{"allow":["GET"]}}],"collection":[{"href":"https:\/\/liquidmaster.pl\/en\/wp-json\/wp\/v2\/product"}],"about":[{"href":"https:\/\/liquidmaster.pl\/en\/wp-json\/wp\/v2\/types\/product"}],"replies":[{"embeddable":true,"href":"https:\/\/liquidmaster.pl\/en\/wp-json\/wp\/v2\/comments?post=1807590"}],"wp:featuredmedia":[{"embeddable":true,"href":"https:\/\/liquidmaster.pl\/en\/wp-json\/wp\/v2\/media\/1850677"}],"wp:attachment":[{"href":"https:\/\/liquidmaster.pl\/en\/wp-json\/wp\/v2\/media?parent=1807590"}],"wp:term":[{"taxonomy":"product_brand","embeddable":true,"href":"https:\/\/liquidmaster.pl\/en\/wp-json\/wp\/v2\/product_brand?post=1807590"},{"taxonomy":"product_cat","embeddable":true,"href":"https:\/\/liquidmaster.pl\/en\/wp-json\/wp\/v2\/product_cat?post=1807590"},{"taxonomy":"product_tag","embeddable":true,"href":"https:\/\/liquidmaster.pl\/en\/wp-json\/wp\/v2\/product_tag?post=1807590"}],"curies":[{"name":"wp","href":"https:\/\/api.w.org\/{rel}","templated":true}]}}