{"id":1807586,"date":"2025-03-28T18:20:53","date_gmt":"2025-03-28T16:20:53","guid":{"rendered":"https:\/\/liquidmaster.pl\/rooks-ok-03-4330-elastyczna-mini-szlifierka-dremel\/"},"modified":"2026-04-18T04:40:54","modified_gmt":"2026-04-18T02:40:54","slug":"rooks-ok-03-4330-elastyczna-mini-szlifierka-dremel","status":"publish","type":"product","link":"https:\/\/liquidmaster.pl\/en\/rooks-ok-034330-elastyczna-mini-szlifierka-dremel\/","title":{"rendered":"Rooks OK-03.4330 \u2013 flexible mini dremel sander"},"content":{"rendered":"<p>The 20V AQ-ONE universal mini grinder is a perfect device for use in a small workshop, garage, home, installation company and during all types of precise grinding, cutting and engraving work.<\/p>\n<p>The universal grinder is powered by a 20V AQ-ONE system battery, enabling mobile and precise work with speeds ranging from 5,000 to 33,000 rpm. Perfect machine for drilling, cutting, grinding, deburring, engraving and polishing. The grinder has a 1 m long flexible drive cable, which allows work in hard-to-reach places.<\/p>\n<p>The easy QUICK 3.2 mm accessory mounting system is adapted to work with standard accessories available on the market and in the ROOKS offer under the number OK-03.4331.<\/p>\n<tr>\n\t\t\tGuarantee<br \/>\n\t\t\t24 months<br \/>\n\t\t<\/tr>\n<tr>\n\t\t\tMass<br \/>\n\t\t\t2.2kg<br \/>\n\t\t<\/tr>\n<tr>\n\t\t\tCylindrical handle diameter<br \/>\n\t\t\t3.2mm<br \/>\n\t\t<\/tr>\n<tr>\n\t\t\tSystem<br \/>\n\t\t\t20V AQ-ONE<br \/>\n\t\t<\/tr>\n<tr>\n\t\t\tCertificate<br \/>\n\t\t\tCE<br \/>\n\t\t<\/tr>\n<tr>\n\t\t\tBattery warranty<br \/>\n\t\t\t12 months<br \/>\n\t\t<\/tr>\n<tr>\n\t\t\tNoise level<br \/>\n\t\t\t89.8 dB<br \/>\n\t\t<\/tr>\n<tr>\n\t\t\tRotation speed<br \/>\n\t\t\t5,000-33,000 rpm<br \/>\n\t\t<\/tr>\n<tr>\n\t\t\tBattery capacity<br \/>\n\t\t\t2 Ah<br \/>\n\t\t<\/tr>\n<tr>\n\t\t\tLength of flexible cable<br \/>\n\t\t\t100 cm<br \/>\n\t\t<\/tr>\n<p>\u00a0<\/p>","protected":false},"excerpt":{"rendered":"<p>Miniszlifierka uniwersalna z systemu 20V AQ-ONE to doskona\u0142e urz\u0105dzenie do pracy w ma\u0142ym warsztacie, gara\u017cu, domu, firmie instalacyjnej i podczas wszelkiego rodzaju precyzyjnych prac szlifowania, ci\u0119cia i grawerowania. Szlifierka uniwersalna zasilana jest bateri\u0105 systemu 20V AQ-ONE, umo\u017cliwia mobiln\u0105 i precyzyjn\u0105 prac\u0119 z obrotami w zakresie od 5 000 do 33 000 obrot\u00f3w na minut\u0119. Doskona\u0142a&hellip;&nbsp;<a href=\"https:\/\/liquidmaster.pl\/en\/rooks-ok-034330-elastyczna-mini-szlifierka-dremel\/\" rel=\"bookmark\">Read More \u00bb<span class=\"screen-reader-text\">Rooks OK-03.4330 \u2013 flexible mini dremel sander<\/span><\/a><\/p>","protected":false},"featured_media":1850676,"comment_status":"open","ping_status":"open","template":"","meta":{"neve_meta_sidebar":"","neve_meta_container":"","neve_meta_enable_content_width":"","neve_meta_content_width":0,"neve_meta_title_alignment":"","neve_meta_author_avatar":"","neve_post_elements_order":"","neve_meta_disable_header":"","neve_meta_disable_footer":"","neve_meta_disable_title":"","_themeisle_gutenberg_block_has_review":false},"product_brand":[],"product_cat":[757,908,846],"product_tag":[941],"class_list":{"0":"post-1807586","1":"product","2":"type-product","3":"status-publish","4":"has-post-thumbnail","6":"product_cat-akcesoria","7":"product_cat-narzedzia","8":"product_cat-reszta","9":"product_tag-rooks","11":"first","12":"instock","13":"taxable","14":"shipping-taxable","15":"purchasable","16":"product-type-simple"},"_links":{"self":[{"href":"https:\/\/liquidmaster.pl\/en\/wp-json\/wp\/v2\/product\/1807586","targetHints":{"allow":["GET"]}}],"collection":[{"href":"https:\/\/liquidmaster.pl\/en\/wp-json\/wp\/v2\/product"}],"about":[{"href":"https:\/\/liquidmaster.pl\/en\/wp-json\/wp\/v2\/types\/product"}],"replies":[{"embeddable":true,"href":"https:\/\/liquidmaster.pl\/en\/wp-json\/wp\/v2\/comments?post=1807586"}],"wp:featuredmedia":[{"embeddable":true,"href":"https:\/\/liquidmaster.pl\/en\/wp-json\/wp\/v2\/media\/1850676"}],"wp:attachment":[{"href":"https:\/\/liquidmaster.pl\/en\/wp-json\/wp\/v2\/media?parent=1807586"}],"wp:term":[{"taxonomy":"product_brand","embeddable":true,"href":"https:\/\/liquidmaster.pl\/en\/wp-json\/wp\/v2\/product_brand?post=1807586"},{"taxonomy":"product_cat","embeddable":true,"href":"https:\/\/liquidmaster.pl\/en\/wp-json\/wp\/v2\/product_cat?post=1807586"},{"taxonomy":"product_tag","embeddable":true,"href":"https:\/\/liquidmaster.pl\/en\/wp-json\/wp\/v2\/product_tag?post=1807586"}],"curies":[{"name":"wp","href":"https:\/\/api.w.org\/{rel}","templated":true}]}}