{"id":1807583,"date":"2025-03-28T18:20:53","date_gmt":"2025-03-28T16:20:53","guid":{"rendered":"https:\/\/liquidmaster.pl\/rooks-ok-08-4002-lezanka-serwisowa-z-siedziskiem-92cm\/"},"modified":"2026-04-18T04:40:54","modified_gmt":"2026-04-18T02:40:54","slug":"rooks-ok-08-4002-lezanka-serwisowa-z-siedziskiem-92cm","status":"publish","type":"product","link":"https:\/\/liquidmaster.pl\/en\/rooks-ok-084002-lezanka-serwisowa-z-siedziskiem-92cm\/","title":{"rendered":"Rooks OK-08.4002 \u2013 service couch with a 92cm seat"},"content":{"rendered":"<p>A strong, solid service couch made of steel profiles and soft eco-leather. A 2-in-1 couch that can be easily converted into a workshop seat. The lounger is 92 cm long and has 6 swivel wheels. Thanks to this, it stably supports the back, improving the quality and comfort of work, as well as shortening its time. The lounger has very good maneuverability. The seat function also allows use in areas other than car service.<\/p>","protected":false},"excerpt":{"rendered":"<p>Mocna, solidna le\u017canka serwisowa z profili stalowych i mi\u0119kkiej ekosk\u00f3ry. Le\u017canka o konstrukcji 2 w 1, z bardzo \u0142atw\u0105 zmian\u0105 w siedzisko warsztatowe. Le\u017canka ma 92 cm d\u0142ugo\u015bci oraz 6 skr\u0119tnych k\u00f3\u0142. Dzi\u0119ki temu stabilnie podpiera plecy, podnosz\u0105c jako\u015b\u0107 i komfort pracy, a tak\u017ce skracaj\u0105c jej czas. Le\u017canka posiada bardzo dobr\u0105 manewrowo\u015b\u0107. Funkcja siedziska umo\u017cliwia&hellip;&nbsp;<a href=\"https:\/\/liquidmaster.pl\/en\/rooks-ok-084002-lezanka-serwisowa-z-siedziskiem-92cm\/\" rel=\"bookmark\">Read More \u00bb<span class=\"screen-reader-text\">Rooks OK-08.4002 \u2013 service couch with a 92cm seat<\/span><\/a><\/p>","protected":false},"featured_media":1850675,"comment_status":"open","ping_status":"open","template":"","meta":{"neve_meta_sidebar":"","neve_meta_container":"","neve_meta_enable_content_width":"","neve_meta_content_width":0,"neve_meta_title_alignment":"","neve_meta_author_avatar":"","neve_post_elements_order":"","neve_meta_disable_header":"","neve_meta_disable_footer":"","neve_meta_disable_title":"","_themeisle_gutenberg_block_has_review":false},"product_brand":[],"product_cat":[757,839,811],"product_tag":[941],"class_list":{"0":"post-1807583","1":"product","2":"type-product","3":"status-publish","4":"has-post-thumbnail","6":"product_cat-akcesoria","7":"product_cat-bezpieczenstwo-i-higiena-pracy","8":"product_cat-pozostale-akcesoria","9":"product_tag-rooks","11":"first","12":"outofstock","13":"taxable","14":"shipping-taxable","15":"purchasable","16":"product-type-simple"},"_links":{"self":[{"href":"https:\/\/liquidmaster.pl\/en\/wp-json\/wp\/v2\/product\/1807583","targetHints":{"allow":["GET"]}}],"collection":[{"href":"https:\/\/liquidmaster.pl\/en\/wp-json\/wp\/v2\/product"}],"about":[{"href":"https:\/\/liquidmaster.pl\/en\/wp-json\/wp\/v2\/types\/product"}],"replies":[{"embeddable":true,"href":"https:\/\/liquidmaster.pl\/en\/wp-json\/wp\/v2\/comments?post=1807583"}],"wp:featuredmedia":[{"embeddable":true,"href":"https:\/\/liquidmaster.pl\/en\/wp-json\/wp\/v2\/media\/1850675"}],"wp:attachment":[{"href":"https:\/\/liquidmaster.pl\/en\/wp-json\/wp\/v2\/media?parent=1807583"}],"wp:term":[{"taxonomy":"product_brand","embeddable":true,"href":"https:\/\/liquidmaster.pl\/en\/wp-json\/wp\/v2\/product_brand?post=1807583"},{"taxonomy":"product_cat","embeddable":true,"href":"https:\/\/liquidmaster.pl\/en\/wp-json\/wp\/v2\/product_cat?post=1807583"},{"taxonomy":"product_tag","embeddable":true,"href":"https:\/\/liquidmaster.pl\/en\/wp-json\/wp\/v2\/product_tag?post=1807583"}],"curies":[{"name":"wp","href":"https:\/\/api.w.org\/{rel}","templated":true}]}}