{"id":1807577,"date":"2025-03-28T18:20:29","date_gmt":"2025-03-28T16:20:29","guid":{"rendered":"https:\/\/liquidmaster.pl\/rooks-ok-03-4328-kompresor-6l\/"},"modified":"2026-04-19T03:28:20","modified_gmt":"2026-04-19T01:28:20","slug":"rooks-ok-03-4328-kompresor-6l","status":"publish","type":"product","link":"https:\/\/liquidmaster.pl\/en\/rooks-ok-034328-kompresor-6l\/","title":{"rendered":"Rooks OK-03.4328 \u2013 6L compressor"},"content":{"rendered":"<p>The compressor in the 20V AQ-ONE system is powered by two batteries connected in series, which allowed to achieve a voltage of 40 V and thus the appropriate engine power of 1 HP to obtain a pressure of 8 bar.<br \/>\nThe compressor capacity is 90 l\/min, the tank capacity is 6 l. This design is perfect for garage and home applications, in small, mobile services and installation companies. The compressor enables blowing, painting, pumping and driving rotor tools.<br \/>\nThe ROOKS compressor has a safety valve, two pressure gauges (the main one, which measures the pressure in the tank, and the second one, which supplies the reduced pressure behind the regulator), a standard quick connector for the cable and a valve for draining condensate.<br \/>\nThe compressor works in 20\/80 mode, which means 20% of operation and 80% of rest. This mode is not intended for intensive work in service and industry. The compressor is a supporting and mobile device.<\/p>\n<tr>\n\t\t\tGuarantee<br \/>\n\t\t\t24 months<br \/>\n\t\t<\/tr>\n<tr>\n\t\t\tPower<br \/>\n\t\t\t1 KM<br \/>\n\t\t<\/tr>\n<tr>\n\t\t\tAir consumption<br \/>\n\t\t\t90l\/min<br \/>\n\t\t<\/tr>\n<tr>\n\t\t\tPressure<br \/>\n\t\t\t8 bar<br \/>\n\t\t<\/tr>\n<tr>\n\t\t\tSystem<br \/>\n\t\t\t20V AQ-ONE<br \/>\n\t\t<\/tr>\n<tr>\n\t\t\tBattery warranty<br \/>\n\t\t\t12 months<br \/>\n\t\t<\/tr>\n<tr>\n\t\t\tTension<br \/>\n\t\t\t40V<br \/>\n\t\t<\/tr>\n<tr>\n\t\t\tNoise level<br \/>\n\t\t\t94 dB<br \/>\n\t\t<\/tr>\n<tr>\n\t\t\tBattery<br \/>\n\t\t\t2 x 4 Ah<br \/>\n\t\t<\/tr>\n<tr>\n\t\t\tTank capacity<br \/>\n\t\t\t6 years<br \/>\n\t\t<\/tr>\n<tr>\n\t\t\tOutput performance<br \/>\n\t\t\t4 bar \u2013 55 l\/min, 7 bar \u2013 38 l\/min<br \/>\n\t\t<\/tr>\n<tr>\n\t\t\tDrive<br \/>\n\t\t\tStriped<br \/>\n\t\t<\/tr>\n<p>\u00a0<\/p>","protected":false},"excerpt":{"rendered":"<p>Kompresor w systemie 20V AQ-ONE zasilany jest dwiema bateriami pod\u0142\u0105czonymi szeregowo, co pozwoli\u0142o osi\u0105gn\u0105\u0107 napi\u0119cie 40 V i dzi\u0119ki temu odpowiedni\u0105 moc silnika 1 KM do uzyskania ci\u015bnienia 8 bar. Wydajno\u015b\u0107 kompresora wynosi 90 l\/min, pojemno\u015b\u0107 zbiornika 6 l. Taka konstrukcja doskonale sprawdza si\u0119 w zastosowaniach gara\u017cowych i domowych, w ma\u0142ych, mobilnych serwisach i firmach&hellip;&nbsp;<a href=\"https:\/\/liquidmaster.pl\/en\/rooks-ok-034328-kompresor-6l\/\" rel=\"bookmark\">Read More \u00bb<span class=\"screen-reader-text\">Rooks OK-03.4328 \u2013 6L compressor<\/span><\/a><\/p>","protected":false},"featured_media":1850664,"comment_status":"open","ping_status":"open","template":"","meta":{"neve_meta_sidebar":"","neve_meta_container":"","neve_meta_enable_content_width":"","neve_meta_content_width":0,"neve_meta_title_alignment":"","neve_meta_author_avatar":"","neve_post_elements_order":"","neve_meta_disable_header":"","neve_meta_disable_footer":"","neve_meta_disable_title":"","_themeisle_gutenberg_block_has_review":false},"product_brand":[],"product_cat":[757,846,891],"product_tag":[941],"class_list":{"0":"post-1807577","1":"product","2":"type-product","3":"status-publish","4":"has-post-thumbnail","6":"product_cat-akcesoria","7":"product_cat-reszta","8":"product_cat-urzadzenia","9":"product_tag-rooks","11":"first","12":"instock","13":"taxable","14":"shipping-taxable","15":"purchasable","16":"product-type-simple"},"_links":{"self":[{"href":"https:\/\/liquidmaster.pl\/en\/wp-json\/wp\/v2\/product\/1807577","targetHints":{"allow":["GET"]}}],"collection":[{"href":"https:\/\/liquidmaster.pl\/en\/wp-json\/wp\/v2\/product"}],"about":[{"href":"https:\/\/liquidmaster.pl\/en\/wp-json\/wp\/v2\/types\/product"}],"replies":[{"embeddable":true,"href":"https:\/\/liquidmaster.pl\/en\/wp-json\/wp\/v2\/comments?post=1807577"}],"wp:featuredmedia":[{"embeddable":true,"href":"https:\/\/liquidmaster.pl\/en\/wp-json\/wp\/v2\/media\/1850664"}],"wp:attachment":[{"href":"https:\/\/liquidmaster.pl\/en\/wp-json\/wp\/v2\/media?parent=1807577"}],"wp:term":[{"taxonomy":"product_brand","embeddable":true,"href":"https:\/\/liquidmaster.pl\/en\/wp-json\/wp\/v2\/product_brand?post=1807577"},{"taxonomy":"product_cat","embeddable":true,"href":"https:\/\/liquidmaster.pl\/en\/wp-json\/wp\/v2\/product_cat?post=1807577"},{"taxonomy":"product_tag","embeddable":true,"href":"https:\/\/liquidmaster.pl\/en\/wp-json\/wp\/v2\/product_tag?post=1807577"}],"curies":[{"name":"wp","href":"https:\/\/api.w.org\/{rel}","templated":true}]}}