{"id":1807575,"date":"2025-03-28T18:20:29","date_gmt":"2025-03-28T16:20:29","guid":{"rendered":"https:\/\/liquidmaster.pl\/rooks-ok-03-4309-maszyna-polerska-da-20v-125mm\/"},"modified":"2026-04-18T04:40:52","modified_gmt":"2026-04-18T02:40:52","slug":"rooks-ok-03-4309-maszyna-polerska-da-20v-125mm","status":"publish","type":"product","link":"https:\/\/liquidmaster.pl\/en\/rooks-ok-034309-maszyna-polerska-da-20v-125mm\/","title":{"rendered":"Rooks OK-03.4309 \u2013 polishing machine DA 20V 125mm"},"content":{"rendered":"<p>The polishing machine is designed for polishing paint coatings on various surfaces. The machine has an electronic speed control system, a Velcro disc with a diameter of 125 mm, oscillation with a stroke of 15 mm and an electronically adjustable speed in the range of 2100-4800 OPM. Battery life depends on the speed used and the load during polishing, but on average it is 35 minutes on a 4 Ah battery. \u00a0<\/p>\n<p>We do not recommend using work plates with a smaller diameter due to comfort, safety and warranty rules of the device. A smaller disc diameter, e.g. 75 mm, may cause incorrect operation of the machine and lead to its damage.<\/p>\n<p>The polisher is a tool from the 20V AQ-ONE system, which allows the use of the same batteries to power various devices. The product is available in a set with one battery and charger, or as a device only.<\/p>\n<p>The 20V AQ-ONE series tools have powerful brushless motors, 20V voltage and effective overload protection hidden in the batteries. Batteries are consumable parts. The battery lasts approximately 500 charging cycles, after which it must be replaced with a new one. The battery has a 12-month manufacturer&#039;s warranty. All tools of the 20V AQ-ONE system are covered by the Door to Door warranty.<\/p>\n<p>TECHNICAL DATA:<\/p>\n<ul>\n<li>Charging: 21V \/ 230V<\/li>\n<li>Rotational speed 2100-4800 OPM<\/li>\n<li>Disc size 125 mm<\/li>\n<li>M8 disc mount<\/li>\n<li>15mm oscillation<\/li>\n<li>Battery voltage 20V<\/li>\n<li>Battery capacity 4Ah<\/li>\n<li>Weight 2.8 kg<\/li>\n<\/ul>","protected":false},"excerpt":{"rendered":"<p>Maszyna polerska przeznaczona jest do polerowania pow\u0142ok lakierniczych na r\u00f3\u017cnych powierzchniach. Maszyna posiada elektroniczny system regulacji pr\u0119dko\u015bci obrotowej, tarcz\u0119 na rzep o \u015brednicy 125 mm, oscylacj\u0119 o skoku 15 mm oraz pr\u0119dko\u015b\u0107 obrotow\u0105 regulowan\u0105 elektronicznie w zakresie 2100-4800 OPM. Czas pracy na baterii jest uzale\u017cniony od u\u017cywanych obrot\u00f3w oraz obci\u0105\u017cenia podczas polerowania, ale \u015brednio wynosi&hellip;&nbsp;<a href=\"https:\/\/liquidmaster.pl\/en\/rooks-ok-034309-maszyna-polerska-da-20v-125mm\/\" rel=\"bookmark\">Read More \u00bb<span class=\"screen-reader-text\">Rooks OK-03.4309 \u2013 polishing machine DA 20V 125mm<\/span><\/a><\/p>","protected":false},"featured_media":1850654,"comment_status":"open","ping_status":"open","template":"","meta":{"neve_meta_sidebar":"","neve_meta_container":"","neve_meta_enable_content_width":"","neve_meta_content_width":0,"neve_meta_title_alignment":"","neve_meta_author_avatar":"","neve_post_elements_order":"","neve_meta_disable_header":"","neve_meta_disable_footer":"","neve_meta_disable_title":"","_themeisle_gutenberg_block_has_review":false},"product_brand":[],"product_cat":[807,806,748],"product_tag":[941],"class_list":{"0":"post-1807575","1":"product","2":"type-product","3":"status-publish","4":"has-post-thumbnail","6":"product_cat-maszyny-dual-action","7":"product_cat-maszyny-polerskie","8":"product_cat-polerowanie","9":"product_tag-rooks","11":"first","12":"instock","13":"taxable","14":"shipping-taxable","15":"purchasable","16":"product-type-simple"},"_links":{"self":[{"href":"https:\/\/liquidmaster.pl\/en\/wp-json\/wp\/v2\/product\/1807575","targetHints":{"allow":["GET"]}}],"collection":[{"href":"https:\/\/liquidmaster.pl\/en\/wp-json\/wp\/v2\/product"}],"about":[{"href":"https:\/\/liquidmaster.pl\/en\/wp-json\/wp\/v2\/types\/product"}],"replies":[{"embeddable":true,"href":"https:\/\/liquidmaster.pl\/en\/wp-json\/wp\/v2\/comments?post=1807575"}],"wp:featuredmedia":[{"embeddable":true,"href":"https:\/\/liquidmaster.pl\/en\/wp-json\/wp\/v2\/media\/1850654"}],"wp:attachment":[{"href":"https:\/\/liquidmaster.pl\/en\/wp-json\/wp\/v2\/media?parent=1807575"}],"wp:term":[{"taxonomy":"product_brand","embeddable":true,"href":"https:\/\/liquidmaster.pl\/en\/wp-json\/wp\/v2\/product_brand?post=1807575"},{"taxonomy":"product_cat","embeddable":true,"href":"https:\/\/liquidmaster.pl\/en\/wp-json\/wp\/v2\/product_cat?post=1807575"},{"taxonomy":"product_tag","embeddable":true,"href":"https:\/\/liquidmaster.pl\/en\/wp-json\/wp\/v2\/product_tag?post=1807575"}],"curies":[{"name":"wp","href":"https:\/\/api.w.org\/{rel}","templated":true}]}}