{"id":1807573,"date":"2025-03-28T18:20:29","date_gmt":"2025-03-28T16:20:29","guid":{"rendered":"https:\/\/liquidmaster.pl\/rooks-ok-03-4393-akumulator-bateria-li-ion-20v-aq-one-4ah\/"},"modified":"2026-04-21T08:22:26","modified_gmt":"2026-04-21T06:22:26","slug":"rooks-ok-03-4393-akumulator-bateria-li-ion-20v-aq-one-4ah","status":"publish","type":"product","link":"https:\/\/liquidmaster.pl\/en\/rooks-ok-034393-akumulator-bateria-li-ion-20v-aq-one-4ah\/","title":{"rendered":"Rooks OK-03.4393 \u2013 rechargeable Li-Ion battery 20V, AQ-ONE, 4Ah"},"content":{"rendered":"<p>The 20V AQ-ONE system batteries are designed to properly power and protect 20V AQ-ONE series devices from the ROOKS brand.<\/p>\n<p>The batteries have lithium-ion cells, thermal and overload protection and a charge indicator. ROOKS batteries are suitable for fast chargers (approximately 60 minutes) and have a charge balance function for individual cells.<\/p>\n<p>The battery lasts approximately 500 charging cycles, after which it must be replaced with a new one. The battery has a 12-month manufacturer&#039;s warranty.<\/p>","protected":false},"excerpt":{"rendered":"<p>Baterie systemu 20V AQ-ONE przeznaczone s\u0105 do prawid\u0142owego zasilania i zabezpieczenia urz\u0105dze\u0144 serii 20V AQ-ONE w marce ROOKS. Akumulatory posiadaj\u0105 ogniwa Litowo-jonowe, zabezpieczenia termiczne i przeci\u0105\u017ceniowe oraz wska\u017anik na\u0142adowania. Akumulatory ROOKS przystosowane s\u0105 do \u0142adowarek szybko\u0142aduj\u0105cych (oko\u0142o 60 minut) i posiadaj\u0105 funkcj\u0119 balansu na\u0142adowania poszczeg\u00f3lnych ogniw. Akumulator wytrzymuje oko\u0142o 500 cykli \u0142adowania, po czym nale\u017cy&hellip;&nbsp;<a href=\"https:\/\/liquidmaster.pl\/en\/rooks-ok-034393-akumulator-bateria-li-ion-20v-aq-one-4ah\/\" rel=\"bookmark\">Read More \u00bb<span class=\"screen-reader-text\">Rooks OK-03.4393 \u2013 rechargeable Li-Ion battery 20V, AQ-ONE, 4Ah<\/span><\/a><\/p>","protected":false},"featured_media":1850653,"comment_status":"open","ping_status":"open","template":"","meta":{"neve_meta_sidebar":"","neve_meta_container":"","neve_meta_enable_content_width":"","neve_meta_content_width":0,"neve_meta_title_alignment":"","neve_meta_author_avatar":"","neve_post_elements_order":"","neve_meta_disable_header":"","neve_meta_disable_footer":"","neve_meta_disable_title":"","_themeisle_gutenberg_block_has_review":false},"product_brand":[],"product_cat":[757,908,846],"product_tag":[941],"class_list":{"0":"post-1807573","1":"product","2":"type-product","3":"status-publish","4":"has-post-thumbnail","6":"product_cat-akcesoria","7":"product_cat-narzedzia","8":"product_cat-reszta","9":"product_tag-rooks","11":"first","12":"outofstock","13":"taxable","14":"shipping-taxable","15":"purchasable","16":"product-type-simple"},"_links":{"self":[{"href":"https:\/\/liquidmaster.pl\/en\/wp-json\/wp\/v2\/product\/1807573","targetHints":{"allow":["GET"]}}],"collection":[{"href":"https:\/\/liquidmaster.pl\/en\/wp-json\/wp\/v2\/product"}],"about":[{"href":"https:\/\/liquidmaster.pl\/en\/wp-json\/wp\/v2\/types\/product"}],"replies":[{"embeddable":true,"href":"https:\/\/liquidmaster.pl\/en\/wp-json\/wp\/v2\/comments?post=1807573"}],"wp:featuredmedia":[{"embeddable":true,"href":"https:\/\/liquidmaster.pl\/en\/wp-json\/wp\/v2\/media\/1850653"}],"wp:attachment":[{"href":"https:\/\/liquidmaster.pl\/en\/wp-json\/wp\/v2\/media?parent=1807573"}],"wp:term":[{"taxonomy":"product_brand","embeddable":true,"href":"https:\/\/liquidmaster.pl\/en\/wp-json\/wp\/v2\/product_brand?post=1807573"},{"taxonomy":"product_cat","embeddable":true,"href":"https:\/\/liquidmaster.pl\/en\/wp-json\/wp\/v2\/product_cat?post=1807573"},{"taxonomy":"product_tag","embeddable":true,"href":"https:\/\/liquidmaster.pl\/en\/wp-json\/wp\/v2\/product_tag?post=1807573"}],"curies":[{"name":"wp","href":"https:\/\/api.w.org\/{rel}","templated":true}]}}