{"id":1807567,"date":"2025-03-28T18:20:05","date_gmt":"2025-03-28T16:20:05","guid":{"rendered":"https:\/\/liquidmaster.pl\/gyeon-q2m-glasspolish-250ml\/"},"modified":"2026-04-18T04:40:51","modified_gmt":"2026-04-18T02:40:51","slug":"gyeon-q2m-glasspolish-250ml","status":"publish","type":"product","link":"https:\/\/liquidmaster.pl\/en\/gyeon-q2m-glasspolish-250ml\/","title":{"rendered":"GYEON Q2M GlassPolish 250ml"},"content":{"rendered":"<p>EFFECTIVE PASTE FOR POLISHING AND CLEANING GLASS BEFORE COATING<br \/>\nQ\u00b2M GlassPolish effectively removes water deposits, dirt and minor defects from all types of car windows. It does not produce dust and can be used both manually and with a polishing machine. We recommend using it as a cleaner before applying the Q\u00b2 QuickView coating (and Q\u00b2 Repel, where it is included in the Q\u00b2 View EVO kit).<\/p>\n<p>Capacity: 120 ml \/ 250 ml<\/p>\n<p>DEDICATED TO WINDOWS<br \/>\nThe unique formula of Q\u00b2M GlassPolish makes it not only a truly effective glass polish before applying the coating, but also an easy-to-use cleaner for any glass surface. It will easily remove stubborn mineral deposits and light fog from windows.<\/p>\n<p>STRENGTHENS THE BOND<br \/>\nLike the discontinued Q\u00b2 Cleanse, Q\u00b2M GlassPolish contains an active ingredient that increases the adhesion of dedicated glass coatings, such as Q\u00b2 QuickView or Q\u00b2 View EVO - it works similarly to Q\u00b2 Primer in the case of paint coatings.<\/p>\n<p>TIPS AND TRICKS FROM YVES HEYLEN<br \/>\nQ\u00b2M GlassPolish can be used by hand or machine. I like to use it in rotation (a DA machine works equally well) with a Q\u00b2M Polish Pad (blue). Work at low speed, slowly moving the polisher with medium pressure. Work until a fine, light mist appears. Use Q\u00b2M Prep to remove any remaining paste before applying the coating.<\/p>","protected":false},"excerpt":{"rendered":"<p>SKUTECZNA PASTA DO POLEROWANIA I OCZYSZCZENIA SZK\u0141A PRZED POW\u0141OK\u0104 Q\u00b2M GlassPolish skutecznie usuwa osady po wodzie, zanieczyszczenia i drobne defekty ze wszystkich typ\u00f3w szyb samochodowych. Nie pyli i mo\u017cna go stosowa\u0107 zar\u00f3wno r\u0119cznie, jak i z u\u017cyciem maszyny polerskiej. Zalecamy u\u017cycie go jako cleanera przed aplikacj\u0105 pow\u0142oki Q\u00b2 QuickView (i Q\u00b2 Repel, gdzie znajduje si\u0119&hellip;&nbsp;<a href=\"https:\/\/liquidmaster.pl\/en\/gyeon-q2m-glasspolish-250ml\/\" rel=\"bookmark\">Read More \u00bb<span class=\"screen-reader-text\">GYEON Q2M GlassPolish 250ml<\/span><\/a><\/p>","protected":false},"featured_media":1850647,"comment_status":"open","ping_status":"open","template":"","meta":{"neve_meta_sidebar":"","neve_meta_container":"","neve_meta_enable_content_width":"","neve_meta_content_width":0,"neve_meta_title_alignment":"","neve_meta_author_avatar":"","neve_post_elements_order":"","neve_meta_disable_header":"","neve_meta_disable_footer":"","neve_meta_disable_title":"","_themeisle_gutenberg_block_has_review":false},"product_brand":[],"product_cat":[733,844,773],"product_tag":[302],"class_list":{"0":"post-1807567","1":"product","2":"type-product","3":"status-publish","4":"has-post-thumbnail","6":"product_cat-na-zewnatrz","7":"product_cat-polerowanie-szyb","8":"product_cat-szyby","9":"product_tag-gyeon","11":"first","12":"instock","13":"taxable","14":"shipping-taxable","15":"purchasable","16":"product-type-simple"},"_links":{"self":[{"href":"https:\/\/liquidmaster.pl\/en\/wp-json\/wp\/v2\/product\/1807567","targetHints":{"allow":["GET"]}}],"collection":[{"href":"https:\/\/liquidmaster.pl\/en\/wp-json\/wp\/v2\/product"}],"about":[{"href":"https:\/\/liquidmaster.pl\/en\/wp-json\/wp\/v2\/types\/product"}],"replies":[{"embeddable":true,"href":"https:\/\/liquidmaster.pl\/en\/wp-json\/wp\/v2\/comments?post=1807567"}],"wp:featuredmedia":[{"embeddable":true,"href":"https:\/\/liquidmaster.pl\/en\/wp-json\/wp\/v2\/media\/1850647"}],"wp:attachment":[{"href":"https:\/\/liquidmaster.pl\/en\/wp-json\/wp\/v2\/media?parent=1807567"}],"wp:term":[{"taxonomy":"product_brand","embeddable":true,"href":"https:\/\/liquidmaster.pl\/en\/wp-json\/wp\/v2\/product_brand?post=1807567"},{"taxonomy":"product_cat","embeddable":true,"href":"https:\/\/liquidmaster.pl\/en\/wp-json\/wp\/v2\/product_cat?post=1807567"},{"taxonomy":"product_tag","embeddable":true,"href":"https:\/\/liquidmaster.pl\/en\/wp-json\/wp\/v2\/product_tag?post=1807567"}],"curies":[{"name":"wp","href":"https:\/\/api.w.org\/{rel}","templated":true}]}}