{"id":1807551,"date":"2025-03-28T18:18:30","date_gmt":"2025-03-28T16:18:30","guid":{"rendered":"https:\/\/liquidmaster.pl\/work-stuff-scrubber-scrub-pad-dwustronny-pad-do-czyszczenia-wnetrza\/"},"modified":"2026-04-18T04:40:49","modified_gmt":"2026-04-18T02:40:49","slug":"work-stuff-scrubber-scrub-pad-dwustronny-pad-do-czyszczenia-wnetrza","status":"publish","type":"product","link":"https:\/\/liquidmaster.pl\/en\/work-stuff-scrubber-scrub-pad-dwustronny-pad-do-czyszczenia-wnetrza\/","title":{"rendered":"Work Stuff Scrubber Scrub Pad \u2013 double-sided pad for cleaning the interior"},"content":{"rendered":"<p>SCRUB PAD is an innovative, double-sided pad that revolutionizes the cleaning of car interiors. On the one hand, it is equipped with a modern fiber with exceptional cleaning properties, and on the other, with traditional microfiber. It is ideal for quick and effective cleaning of plastic, rubber or leather upholstery elements. Its unique design allows for the safe removal of even the heaviest dirt from all structural surfaces. SCRUB PAD&#039;s small dimensions allow you to reach the most difficult to reach places, and its high durability ensures long-term use. Made of renowned Korean microfiber, it is characterized by high quality yarn, durability and exceptional water absorption. This is a tool that must be included in every car detailing kit.<\/p>\n<p>MAIN FEATURES:<\/p>\n<ul>\n<li>Effective cleaning of plastic, rubber and leather<\/li>\n<li>Modern fiber and microfiber<\/li>\n<li>Effective removal of dirt<\/li>\n<li>Small dimensions for hard-to-reach places<\/li>\n<li>High durability<\/li>\n<li>Made of Korean microfiber<\/li>\n<li>Weight: 840 gsm\/320 gsm<\/li>\n<li>Dimensions: 13 x 8 cm<\/li>\n<\/ul>","protected":false},"excerpt":{"rendered":"<p>SCRUB PAD to innowacyjny, dwustronny pad, kt\u00f3ry rewolucjonizuje czyszczenie wn\u0119trz samochod\u00f3w. Z jednej strony wyposa\u017cony w nowoczesne w\u0142\u00f3kno o wyj\u0105tkowych w\u0142a\u015bciwo\u015bciach czyszcz\u0105cych, a z drugiej w tradycyjn\u0105 mikrofibr\u0119. Idealnie sprawdza si\u0119 do szybkiego i efektywnego czyszczenia element\u00f3w z plastiku, gumy, czy tapicerki sk\u00f3rzanej. Jego unikalna konstrukcja pozwala na bezpieczne usuwanie nawet najci\u0119\u017cszych zabrudze\u0144 ze wszystkich&hellip;&nbsp;<a href=\"https:\/\/liquidmaster.pl\/en\/work-stuff-scrubber-scrub-pad-dwustronny-pad-do-czyszczenia-wnetrza\/\" rel=\"bookmark\">Read More \u00bb<span class=\"screen-reader-text\">Work Stuff Scrubber Scrub Pad \u2013 double-sided pad for cleaning the interior<\/span><\/a><\/p>","protected":false},"featured_media":1850619,"comment_status":"open","ping_status":"open","template":"","meta":{"neve_meta_sidebar":"","neve_meta_container":"","neve_meta_enable_content_width":"","neve_meta_content_width":0,"neve_meta_title_alignment":"","neve_meta_author_avatar":"","neve_post_elements_order":"","neve_meta_disable_header":"","neve_meta_disable_footer":"","neve_meta_disable_title":"","_themeisle_gutenberg_block_has_review":false},"product_brand":[],"product_cat":[799,800,768],"product_tag":[381],"class_list":{"0":"post-1807551","1":"product","2":"type-product","3":"status-publish","4":"has-post-thumbnail","6":"product_cat-narzedzia-i-akcesoria","7":"product_cat-szczotki-pedzelki-i-narzedzia","8":"product_cat-wnetrze-auta","9":"product_tag-work-stuff","11":"first","12":"instock","13":"taxable","14":"shipping-taxable","15":"purchasable","16":"product-type-simple"},"_links":{"self":[{"href":"https:\/\/liquidmaster.pl\/en\/wp-json\/wp\/v2\/product\/1807551","targetHints":{"allow":["GET"]}}],"collection":[{"href":"https:\/\/liquidmaster.pl\/en\/wp-json\/wp\/v2\/product"}],"about":[{"href":"https:\/\/liquidmaster.pl\/en\/wp-json\/wp\/v2\/types\/product"}],"replies":[{"embeddable":true,"href":"https:\/\/liquidmaster.pl\/en\/wp-json\/wp\/v2\/comments?post=1807551"}],"wp:featuredmedia":[{"embeddable":true,"href":"https:\/\/liquidmaster.pl\/en\/wp-json\/wp\/v2\/media\/1850619"}],"wp:attachment":[{"href":"https:\/\/liquidmaster.pl\/en\/wp-json\/wp\/v2\/media?parent=1807551"}],"wp:term":[{"taxonomy":"product_brand","embeddable":true,"href":"https:\/\/liquidmaster.pl\/en\/wp-json\/wp\/v2\/product_brand?post=1807551"},{"taxonomy":"product_cat","embeddable":true,"href":"https:\/\/liquidmaster.pl\/en\/wp-json\/wp\/v2\/product_cat?post=1807551"},{"taxonomy":"product_tag","embeddable":true,"href":"https:\/\/liquidmaster.pl\/en\/wp-json\/wp\/v2\/product_tag?post=1807551"}],"curies":[{"name":"wp","href":"https:\/\/api.w.org\/{rel}","templated":true}]}}