{"id":1807549,"date":"2025-03-28T18:18:30","date_gmt":"2025-03-28T16:18:30","guid":{"rendered":"https:\/\/liquidmaster.pl\/poka-premium-wieszak-do-skladowania-folii-lub-mikrofibr\/"},"modified":"2026-04-20T08:21:01","modified_gmt":"2026-04-20T06:21:01","slug":"poka-premium-wieszak-do-skladowania-folii-lub-mikrofibr","status":"publish","type":"product","link":"https:\/\/liquidmaster.pl\/en\/poka-premium-wieszak-do-skladowania-folii-lub-mikrofibr\/","title":{"rendered":"Poka Premium \u2013 Hanger for storing foil or microfiber"},"content":{"rendered":"<p>High-quality hanger for storing foil or microfiber on a roll with rubber seals to protect the edges. Possibility to hang 1 roll. Appropriate recesses ensure that the roll is protected against falling out.<\/p>\n<p>No sharp edges for maximum protection.<\/p>\n<p>Made of high quality 2 mm thick galvanized steel. Precisely cut and bent, finally powder coated to ensure maximum protection against oxidation.<\/p>\n<p>*Aluminum tubes are not part of the foil holder. Possibility to purchase aluminum tubes separately in three sizes: 40 cm, 68 cm and 170 cm.<\/p>\n<p>Characteristic:<\/p>\n<ul>\n<li>Made of 2 mm sheet<\/li>\n<li>Galvanized layer<\/li>\n<li>Powder coated<\/li>\n<li>Space for 1 roll<\/li>\n<li>Black colour<\/li>\n<\/ul>\n<p>Dimensions:<\/p>\n<ul>\n<li>Height: 23 cm<\/li>\n<li>Width from the wall: 15 cm<\/li>\n<\/ul>\n<p>\u00a0<\/p>","protected":false},"excerpt":{"rendered":"<p>Wysokiej jako\u015bci wieszak do sk\u0142adowania folii lub mikrofibr na rolce z gumowymi uszczelkami do ochrony kraw\u0119dzi. Mo\u017cliwo\u015b\u0107 powieszenia 1 rolki. Odpowiednie wg\u0142\u0119bienia zapewniaj\u0105 zabezpieczenie rolki przed wypadni\u0119ciem. Brak ostrych kraw\u0119dzi dla maksymalnej ochrony. Wykonany z wysokiej jako\u015bci stali ocynkowanej o grubo\u015bci 2 mm. Precyzyjnie wyci\u0119ty i wygi\u0119ty, finalnie pomalowany farb\u0105 proszkow\u0105, aby zapewni\u0107 maksymaln\u0105 ochron\u0119&hellip;&nbsp;<a href=\"https:\/\/liquidmaster.pl\/en\/poka-premium-wieszak-do-skladowania-folii-lub-mikrofibr\/\" rel=\"bookmark\">Read More \u00bb<span class=\"screen-reader-text\">Poka Premium \u2013 Hanger for storing foil or microfiber<\/span><\/a><\/p>","protected":false},"featured_media":1850618,"comment_status":"open","ping_status":"open","template":"","meta":{"neve_meta_sidebar":"","neve_meta_container":"","neve_meta_enable_content_width":"","neve_meta_content_width":0,"neve_meta_title_alignment":"","neve_meta_author_avatar":"","neve_post_elements_order":"","neve_meta_disable_header":"","neve_meta_disable_footer":"","neve_meta_disable_title":"","_themeisle_gutenberg_block_has_review":false},"product_brand":[],"product_cat":[757,893,846],"product_tag":[343],"class_list":{"0":"post-1807549","1":"product","2":"type-product","3":"status-publish","4":"has-post-thumbnail","6":"product_cat-akcesoria","7":"product_cat-inne","8":"product_cat-reszta","9":"product_tag-poka-premium","11":"first","12":"instock","13":"taxable","14":"shipping-taxable","15":"purchasable","16":"product-type-simple"},"_links":{"self":[{"href":"https:\/\/liquidmaster.pl\/en\/wp-json\/wp\/v2\/product\/1807549","targetHints":{"allow":["GET"]}}],"collection":[{"href":"https:\/\/liquidmaster.pl\/en\/wp-json\/wp\/v2\/product"}],"about":[{"href":"https:\/\/liquidmaster.pl\/en\/wp-json\/wp\/v2\/types\/product"}],"replies":[{"embeddable":true,"href":"https:\/\/liquidmaster.pl\/en\/wp-json\/wp\/v2\/comments?post=1807549"}],"wp:featuredmedia":[{"embeddable":true,"href":"https:\/\/liquidmaster.pl\/en\/wp-json\/wp\/v2\/media\/1850618"}],"wp:attachment":[{"href":"https:\/\/liquidmaster.pl\/en\/wp-json\/wp\/v2\/media?parent=1807549"}],"wp:term":[{"taxonomy":"product_brand","embeddable":true,"href":"https:\/\/liquidmaster.pl\/en\/wp-json\/wp\/v2\/product_brand?post=1807549"},{"taxonomy":"product_cat","embeddable":true,"href":"https:\/\/liquidmaster.pl\/en\/wp-json\/wp\/v2\/product_cat?post=1807549"},{"taxonomy":"product_tag","embeddable":true,"href":"https:\/\/liquidmaster.pl\/en\/wp-json\/wp\/v2\/product_tag?post=1807549"}],"curies":[{"name":"wp","href":"https:\/\/api.w.org\/{rel}","templated":true}]}}