{"id":1807538,"date":"2025-03-28T18:18:05","date_gmt":"2025-03-28T16:18:05","guid":{"rendered":"https:\/\/liquidmaster.pl\/marolex-industry-lite-alka-5-opryskiwacz-cisnieniowy\/"},"modified":"2026-04-20T08:20:59","modified_gmt":"2026-04-20T06:20:59","slug":"marolex-industry-lite-alka-5-opryskiwacz-cisnieniowy","status":"publish","type":"product","link":"https:\/\/liquidmaster.pl\/en\/marolex-industry-lite-alka-5-opryskiwacz-cisnieniowy\/","title":{"rendered":"Marolex Industry Lite Alka 5 \u2013 pressure sprayer"},"content":{"rendered":"<p>Industry lite sprayers are used in car washes and workshops, in auto detailing and in industry where it is necessary to remove dirt from fat and grease. They are irreplaceable when removing stone deposits. They are also used to eliminate contamination, disinfect and disinfest. Industry sprayers, alka version, with EPDM seals are intended for the application of alkalis, alcohols, ketones, ethers and organic acids.<\/p>","protected":false},"excerpt":{"rendered":"<p>Opryskiwacze industry lite wykorzystywane s\u0105 w myjniach i warsztatach samochodowych, w auto detailingu oraz w przemy\u015ble gdzie niezb\u0119dne jest usuwanie zabrudze\u0144 z t\u0142uszczu i smar\u00f3w. Niezast\u0105pione s\u0105 przy usuwaniu osad\u00f3w kamiennych. U\u017cywane s\u0105 r\u00f3wnie\u017c do likwidacji ska\u017ce\u0144 oraz dezynfekcji i dezynsekcji. Opryskiwacze industry wersja alka z uszczelnieniami EPDM przeznaczone s\u0105 do aplikacji zasad, alkoholi, keton\u00f3w,&hellip;&nbsp;<a href=\"https:\/\/liquidmaster.pl\/en\/marolex-industry-lite-alka-5-opryskiwacz-cisnieniowy\/\" rel=\"bookmark\">Read More \u00bb<span class=\"screen-reader-text\">Marolex Industry Lite Alka 5 \u2013 pressure sprayer<\/span><\/a><\/p>","protected":false},"featured_media":1850604,"comment_status":"open","ping_status":"open","template":"","meta":{"neve_meta_sidebar":"","neve_meta_container":"","neve_meta_enable_content_width":"","neve_meta_content_width":0,"neve_meta_title_alignment":"","neve_meta_author_avatar":"","neve_post_elements_order":"","neve_meta_disable_header":"","neve_meta_disable_footer":"","neve_meta_disable_title":"","_themeisle_gutenberg_block_has_review":false},"product_brand":[],"product_cat":[757,811],"product_tag":[319],"class_list":{"0":"post-1807538","1":"product","2":"type-product","3":"status-publish","4":"has-post-thumbnail","6":"product_cat-akcesoria","7":"product_cat-pozostale-akcesoria","8":"product_tag-marolex","10":"first","11":"outofstock","12":"taxable","13":"shipping-taxable","14":"purchasable","15":"product-type-simple"},"_links":{"self":[{"href":"https:\/\/liquidmaster.pl\/en\/wp-json\/wp\/v2\/product\/1807538","targetHints":{"allow":["GET"]}}],"collection":[{"href":"https:\/\/liquidmaster.pl\/en\/wp-json\/wp\/v2\/product"}],"about":[{"href":"https:\/\/liquidmaster.pl\/en\/wp-json\/wp\/v2\/types\/product"}],"replies":[{"embeddable":true,"href":"https:\/\/liquidmaster.pl\/en\/wp-json\/wp\/v2\/comments?post=1807538"}],"wp:featuredmedia":[{"embeddable":true,"href":"https:\/\/liquidmaster.pl\/en\/wp-json\/wp\/v2\/media\/1850604"}],"wp:attachment":[{"href":"https:\/\/liquidmaster.pl\/en\/wp-json\/wp\/v2\/media?parent=1807538"}],"wp:term":[{"taxonomy":"product_brand","embeddable":true,"href":"https:\/\/liquidmaster.pl\/en\/wp-json\/wp\/v2\/product_brand?post=1807538"},{"taxonomy":"product_cat","embeddable":true,"href":"https:\/\/liquidmaster.pl\/en\/wp-json\/wp\/v2\/product_cat?post=1807538"},{"taxonomy":"product_tag","embeddable":true,"href":"https:\/\/liquidmaster.pl\/en\/wp-json\/wp\/v2\/product_tag?post=1807538"}],"curies":[{"name":"wp","href":"https:\/\/api.w.org\/{rel}","templated":true}]}}