{"id":1807535,"date":"2025-03-28T18:17:02","date_gmt":"2025-03-28T16:17:02","guid":{"rendered":"https:\/\/liquidmaster.pl\/colourlock-grundierung-1l-grunt-do-skory-zwiekszajacy-przyczepnosc-farby\/"},"modified":"2026-03-17T00:20:02","modified_gmt":"2026-03-16T22:20:02","slug":"colourlock-grundierung-1l-grunt-do-skory-zwiekszajacy-przyczepnosc-farby","status":"publish","type":"product","link":"https:\/\/liquidmaster.pl\/en\/colourlock-grundierung-1l-grunt-do-skory-zwiekszajacy-przyczepnosc-farby\/","title":{"rendered":"Colourlock Grundierung 1L - leather primer that increases paint adhesion"},"content":{"rendered":"<p>Colourlock Grundierung - is a binder that connects the bottom layer of the leather and the paint. Penetrates deeply into the skin, is responsible for very good adhesion of paints, is soft to the touch itself and significantly reduces paint consumption, which significantly improves the touch of the skin.<\/p>\n<p>Usage:<\/p>\n<li>Leather must always be cleaned before priming.<\/li>\n<li>According to the instructions and depending on the type of leather, the primer must be properly dosed.<\/li>\n<li>We spray the leather with primer under low pressure (approx. 2 bar) in the cross technology until the surface after drying is no longer sticky.<\/li>\n<li>The primer can also be applied with a brush, which improves the effect of renovation works carried out with Filler or Neutral paint.<\/li>\n<p>Capacity: 1L<\/p>","protected":false},"excerpt":{"rendered":"<p>Colourlock Grundierung \u2013 jest spoiwem \u0142\u0105cz\u0105cym warstw\u0119 spodni\u0105 sk\u00f3ry i farb\u0119. Wnika g\u0142\u0119boko w sk\u00f3r\u0119, odpowiada za bardzo dobr\u0105 przyczepno\u015b\u0107 farb, sam jest mi\u0119kki w dotyku i znacznie zmniejsza zu\u017cycie farby, co wyra\u017anie poprawia dotyk sk\u00f3ry. Spos\u00f3b u\u017cycia: Przed gruntowaniem sk\u00f3ra musi by\u0107 zawsze wyczyszczona. Zgodnie z instrukcj\u0105 i w zale\u017cno\u015bci od rodzaju sk\u00f3ry materia\u0142&hellip;&nbsp;<a href=\"https:\/\/liquidmaster.pl\/en\/colourlock-grundierung-1l-grunt-do-skory-zwiekszajacy-przyczepnosc-farby\/\" rel=\"bookmark\">Read More \u00bb<span class=\"screen-reader-text\">Colourlock Grundierung 1L - leather primer that increases paint adhesion<\/span><\/a><\/p>","protected":false},"featured_media":1848915,"comment_status":"open","ping_status":"open","template":"","meta":{"neve_meta_sidebar":"","neve_meta_container":"","neve_meta_enable_content_width":"","neve_meta_content_width":0,"neve_meta_title_alignment":"","neve_meta_author_avatar":"","neve_post_elements_order":"","neve_meta_disable_header":"","neve_meta_disable_footer":"","neve_meta_disable_title":"","_themeisle_gutenberg_block_has_review":false},"product_brand":[],"product_cat":[831,816,768],"product_tag":[283],"class_list":{"0":"post-1807535","1":"product","2":"type-product","3":"status-publish","4":"has-post-thumbnail","6":"product_cat-renowacja","7":"product_cat-tapicerka-skorzana","8":"product_cat-wnetrze-auta","9":"product_tag-colourlock","11":"first","12":"outofstock","13":"taxable","14":"shipping-taxable","15":"purchasable","16":"product-type-simple"},"_links":{"self":[{"href":"https:\/\/liquidmaster.pl\/en\/wp-json\/wp\/v2\/product\/1807535","targetHints":{"allow":["GET"]}}],"collection":[{"href":"https:\/\/liquidmaster.pl\/en\/wp-json\/wp\/v2\/product"}],"about":[{"href":"https:\/\/liquidmaster.pl\/en\/wp-json\/wp\/v2\/types\/product"}],"replies":[{"embeddable":true,"href":"https:\/\/liquidmaster.pl\/en\/wp-json\/wp\/v2\/comments?post=1807535"}],"wp:featuredmedia":[{"embeddable":true,"href":"https:\/\/liquidmaster.pl\/en\/wp-json\/wp\/v2\/media\/1848915"}],"wp:attachment":[{"href":"https:\/\/liquidmaster.pl\/en\/wp-json\/wp\/v2\/media?parent=1807535"}],"wp:term":[{"taxonomy":"product_brand","embeddable":true,"href":"https:\/\/liquidmaster.pl\/en\/wp-json\/wp\/v2\/product_brand?post=1807535"},{"taxonomy":"product_cat","embeddable":true,"href":"https:\/\/liquidmaster.pl\/en\/wp-json\/wp\/v2\/product_cat?post=1807535"},{"taxonomy":"product_tag","embeddable":true,"href":"https:\/\/liquidmaster.pl\/en\/wp-json\/wp\/v2\/product_tag?post=1807535"}],"curies":[{"name":"wp","href":"https:\/\/api.w.org\/{rel}","templated":true}]}}