{"id":1807525,"date":"2025-03-28T18:16:29","date_gmt":"2025-03-28T16:16:29","guid":{"rendered":"https:\/\/liquidmaster.pl\/marolex-lanca-katowa-modulowa-60cm-bez-raczki-alka-line\/"},"modified":"2026-04-18T04:40:44","modified_gmt":"2026-04-18T02:40:44","slug":"marolex-lanca-katowa-modulowa-60cm-bez-raczki-alka-line","status":"publish","type":"product","link":"https:\/\/liquidmaster.pl\/en\/marolex-lanca-katowa-modulowa-60cm-bez-raczki-alka-line\/","title":{"rendered":"Marolex Modular angled lance 60 cm without handle Alka line"},"content":{"rendered":"<p>The lance is made of high-quality stainless steel, with an angled tip bent by 30\u00b0, which facilitates spraying. Thanks to the use of seals resistant to alkaline agents, it is ideal for applying cleaning agents. The full list of measures can be found in the resistance table.<\/p>\n<p>The lance has an adjustable nozzle with a spray angle of 90\u00b0 for a single stream.<\/p>\n<p>Fits:<\/p>\n<ul>\n<li>FX Alka<\/li>\n<li>RX Alka<\/li>\n<li>VX Alka<\/li>\n<li>Industry Alka<\/li>\n<\/ul>","protected":false},"excerpt":{"rendered":"<p>Lanca wykonana ze wysokogatunkowej stali nierdzewnej, zako\u0144czona ko\u0144c\u00f3wk\u0105 k\u0105tow\u0105 odgi\u0119t\u0105 o 30\u00b0, co u\u0142atwia oprysk. Dzi\u0119ki zastosowaniu uszczelek odpornych na dzia\u0142anie \u015brodk\u00f3w o odczynie zasadowym idealnie nadaje si\u0119 do nanoszenia \u015brodk\u00f3w myj\u0105cych. Pe\u0142n\u0105 list\u0119 \u015brodk\u00f3w znajdziesz w tabeli odporno\u015bci. Lanca posiada dysz\u0119 regulowan\u0105 o k\u0105cie oprysku od 90\u00b0 do pojedynczego strumienia. Pasuje do: FX Alka&hellip;&nbsp;<a href=\"https:\/\/liquidmaster.pl\/en\/marolex-lanca-katowa-modulowa-60cm-bez-raczki-alka-line\/\" rel=\"bookmark\">Read More \u00bb<span class=\"screen-reader-text\">Marolex Modular angled lance 60 cm without handle Alka line<\/span><\/a><\/p>","protected":false},"featured_media":1850594,"comment_status":"open","ping_status":"open","template":"","meta":{"neve_meta_sidebar":"","neve_meta_container":"","neve_meta_enable_content_width":"","neve_meta_content_width":0,"neve_meta_title_alignment":"","neve_meta_author_avatar":"","neve_post_elements_order":"","neve_meta_disable_header":"","neve_meta_disable_footer":"","neve_meta_disable_title":"","_themeisle_gutenberg_block_has_review":false},"product_brand":[],"product_cat":[757,811],"product_tag":[319],"class_list":{"0":"post-1807525","1":"product","2":"type-product","3":"status-publish","4":"has-post-thumbnail","6":"product_cat-akcesoria","7":"product_cat-pozostale-akcesoria","8":"product_tag-marolex","10":"first","11":"instock","12":"taxable","13":"shipping-taxable","14":"purchasable","15":"product-type-simple"},"_links":{"self":[{"href":"https:\/\/liquidmaster.pl\/en\/wp-json\/wp\/v2\/product\/1807525","targetHints":{"allow":["GET"]}}],"collection":[{"href":"https:\/\/liquidmaster.pl\/en\/wp-json\/wp\/v2\/product"}],"about":[{"href":"https:\/\/liquidmaster.pl\/en\/wp-json\/wp\/v2\/types\/product"}],"replies":[{"embeddable":true,"href":"https:\/\/liquidmaster.pl\/en\/wp-json\/wp\/v2\/comments?post=1807525"}],"wp:featuredmedia":[{"embeddable":true,"href":"https:\/\/liquidmaster.pl\/en\/wp-json\/wp\/v2\/media\/1850594"}],"wp:attachment":[{"href":"https:\/\/liquidmaster.pl\/en\/wp-json\/wp\/v2\/media?parent=1807525"}],"wp:term":[{"taxonomy":"product_brand","embeddable":true,"href":"https:\/\/liquidmaster.pl\/en\/wp-json\/wp\/v2\/product_brand?post=1807525"},{"taxonomy":"product_cat","embeddable":true,"href":"https:\/\/liquidmaster.pl\/en\/wp-json\/wp\/v2\/product_cat?post=1807525"},{"taxonomy":"product_tag","embeddable":true,"href":"https:\/\/liquidmaster.pl\/en\/wp-json\/wp\/v2\/product_tag?post=1807525"}],"curies":[{"name":"wp","href":"https:\/\/api.w.org\/{rel}","templated":true}]}}