{"id":1807523,"date":"2025-03-28T18:16:29","date_gmt":"2025-03-28T16:16:29","guid":{"rendered":"https:\/\/liquidmaster.pl\/marolex-opryskiwacz-akumulatorowy-fx-alka\/"},"modified":"2026-04-18T04:40:44","modified_gmt":"2026-04-18T02:40:44","slug":"marolex-opryskiwacz-akumulatorowy-fx-alka","status":"publish","type":"product","link":"https:\/\/liquidmaster.pl\/en\/marolex-opryskiwacz-akumulatorowy-fx-alka\/","title":{"rendered":"Marolex FX Alka battery sprayer"},"content":{"rendered":"<p>The fx alka cordless sprayer is equipped with a replaceable panel with lithium-ion batteries, which allows for many hours of failure-free operation. It has been designed for professional use with alkaline and alcohol-based disinfectants. Thanks to triple filtration, long lance, low weight and the ability to select appropriate nozzles and lances, the fx alka sprayer has become an ideal tool for applying chemicals. It is often used in car detailing companies, car washes, workshops and wherever a sprayer is needed to apply cleaning agents, surfactants or disinfectants.<\/p>","protected":false},"excerpt":{"rendered":"<p>Akumulatorowy opryskiwacz fx alka wyposa\u017cony zosta\u0142 w wymienny panel z akumulatorami litowo jonowymi, co pozwala na wielogodzinn\u0105 bezawaryjn\u0105 prac\u0119. Zaprojektowany zosta\u0142 do profesjonalnego u\u017cytku \u015brodkami zasadowymi oraz alkoholowymi \u015brodkami dezynfekuj\u0105cymi. Dzi\u0119ki potr\u00f3jnej filtracji, d\u0142ugiej lancy, niskiej wadze oraz mo\u017cliwo\u015bci doboru odpowiednich dysz i lanc opryskiwacz fx alka sta\u0142 si\u0119 idealnym narz\u0119dziem do aplikacji \u015brodk\u00f3w. Ch\u0119tnie&hellip;&nbsp;<a href=\"https:\/\/liquidmaster.pl\/en\/marolex-opryskiwacz-akumulatorowy-fx-alka\/\" rel=\"bookmark\">Read More \u00bb<span class=\"screen-reader-text\">Marolex FX Alka battery sprayer<\/span><\/a><\/p>","protected":false},"featured_media":1850586,"comment_status":"open","ping_status":"open","template":"","meta":{"neve_meta_sidebar":"","neve_meta_container":"","neve_meta_enable_content_width":"","neve_meta_content_width":0,"neve_meta_title_alignment":"","neve_meta_author_avatar":"","neve_post_elements_order":"","neve_meta_disable_header":"","neve_meta_disable_footer":"","neve_meta_disable_title":"","_themeisle_gutenberg_block_has_review":false},"product_brand":[],"product_cat":[757,811],"product_tag":[319],"class_list":{"0":"post-1807523","1":"product","2":"type-product","3":"status-publish","4":"has-post-thumbnail","6":"product_cat-akcesoria","7":"product_cat-pozostale-akcesoria","8":"product_tag-marolex","10":"first","11":"outofstock","12":"taxable","13":"shipping-taxable","14":"purchasable","15":"product-type-simple"},"_links":{"self":[{"href":"https:\/\/liquidmaster.pl\/en\/wp-json\/wp\/v2\/product\/1807523","targetHints":{"allow":["GET"]}}],"collection":[{"href":"https:\/\/liquidmaster.pl\/en\/wp-json\/wp\/v2\/product"}],"about":[{"href":"https:\/\/liquidmaster.pl\/en\/wp-json\/wp\/v2\/types\/product"}],"replies":[{"embeddable":true,"href":"https:\/\/liquidmaster.pl\/en\/wp-json\/wp\/v2\/comments?post=1807523"}],"wp:featuredmedia":[{"embeddable":true,"href":"https:\/\/liquidmaster.pl\/en\/wp-json\/wp\/v2\/media\/1850586"}],"wp:attachment":[{"href":"https:\/\/liquidmaster.pl\/en\/wp-json\/wp\/v2\/media?parent=1807523"}],"wp:term":[{"taxonomy":"product_brand","embeddable":true,"href":"https:\/\/liquidmaster.pl\/en\/wp-json\/wp\/v2\/product_brand?post=1807523"},{"taxonomy":"product_cat","embeddable":true,"href":"https:\/\/liquidmaster.pl\/en\/wp-json\/wp\/v2\/product_cat?post=1807523"},{"taxonomy":"product_tag","embeddable":true,"href":"https:\/\/liquidmaster.pl\/en\/wp-json\/wp\/v2\/product_tag?post=1807523"}],"curies":[{"name":"wp","href":"https:\/\/api.w.org\/{rel}","templated":true}]}}