{"id":1807521,"date":"2025-03-28T18:16:29","date_gmt":"2025-03-28T16:16:29","guid":{"rendered":"https:\/\/liquidmaster.pl\/kovax-chargema-x-stacja-do-ladowania-akumulatorow\/"},"modified":"2026-04-20T08:20:55","modified_gmt":"2026-04-20T06:20:55","slug":"kovax-chargema-x-stacja-do-ladowania-akumulatorow","status":"publish","type":"product","link":"https:\/\/liquidmaster.pl\/en\/kovax-chargema-x-stacja-do-ladowania-akumulatorow\/","title":{"rendered":"Kovax ChargeMa-X Battery charging station"},"content":{"rendered":"<p>Battery charging station<\/p>\n<ul>\n<li>Catalog number: 912-0010<\/li>\n<li>Charger model: BC182<\/li>\n<li>Input voltage: 100 \u2013 240 V AC<\/li>\n<li>Output voltage: 18 VDC<\/li>\n<li>Output current: 6.5 A<\/li>\n<li>Rated power: 160W<\/li>\n<li>Weight: 0.85 kg<\/li>\n<li>Recommended environment: +4 \u00baC to +40 \u00baC<\/li>\n<li>Warranty: 2 years<\/li>\n<\/ul>\n<p>\u00a0<\/p>\n<ul>\n<li>Overcharge Protection: The charger resists overcharging a fully charged battery to extend battery life<\/li>\n<li>Integrated air cooling technology<\/li>\n<li>Dual Channel Charger: Two batteries charge sequentially to save time and improve work efficiency<\/li>\n<\/ul>","protected":false},"excerpt":{"rendered":"<p>Stacja do \u0142adowania akumulator\u00f3w Numer katalogowy: 912-0010 Model \u0142adowarki: BC182 Napi\u0119cie wej\u015bciowe: 100 \u2013 240 V AC Napi\u0119cie wyj\u015bciowe: 18 VDC Pr\u0105d wyj\u015bciowy: 6,5 A Moc znamionowa: 160 W Waga: 0,85 kg Zalecane otoczenie: +4 \u00baC do +40 \u00baC Gwarancja: 2 lata \u00a0 Zabezpieczenie przed prze\u0142adowaniem: \u0141adowarka jest odporna na prze\u0142adowanie w pe\u0142ni na\u0142adowanej baterii,&hellip;&nbsp;<a href=\"https:\/\/liquidmaster.pl\/en\/kovax-chargema-x-stacja-do-ladowania-akumulatorow\/\" rel=\"bookmark\">Read More \u00bb<span class=\"screen-reader-text\">Kovax ChargeMa-X Battery charging station<\/span><\/a><\/p>","protected":false},"featured_media":1850585,"comment_status":"open","ping_status":"open","template":"","meta":{"neve_meta_sidebar":"","neve_meta_container":"","neve_meta_enable_content_width":"","neve_meta_content_width":0,"neve_meta_title_alignment":"","neve_meta_author_avatar":"","neve_post_elements_order":"","neve_meta_disable_header":"","neve_meta_disable_footer":"","neve_meta_disable_title":"","_themeisle_gutenberg_block_has_review":false},"product_brand":[],"product_cat":[864,806,748],"product_tag":[314],"class_list":{"0":"post-1807521","1":"product","2":"type-product","3":"status-publish","4":"has-post-thumbnail","6":"product_cat-czesci-zamienne","7":"product_cat-maszyny-polerskie","8":"product_cat-polerowanie","9":"product_tag-kovax","11":"first","12":"outofstock","13":"taxable","14":"shipping-taxable","15":"purchasable","16":"product-type-simple"},"_links":{"self":[{"href":"https:\/\/liquidmaster.pl\/en\/wp-json\/wp\/v2\/product\/1807521","targetHints":{"allow":["GET"]}}],"collection":[{"href":"https:\/\/liquidmaster.pl\/en\/wp-json\/wp\/v2\/product"}],"about":[{"href":"https:\/\/liquidmaster.pl\/en\/wp-json\/wp\/v2\/types\/product"}],"replies":[{"embeddable":true,"href":"https:\/\/liquidmaster.pl\/en\/wp-json\/wp\/v2\/comments?post=1807521"}],"wp:featuredmedia":[{"embeddable":true,"href":"https:\/\/liquidmaster.pl\/en\/wp-json\/wp\/v2\/media\/1850585"}],"wp:attachment":[{"href":"https:\/\/liquidmaster.pl\/en\/wp-json\/wp\/v2\/media?parent=1807521"}],"wp:term":[{"taxonomy":"product_brand","embeddable":true,"href":"https:\/\/liquidmaster.pl\/en\/wp-json\/wp\/v2\/product_brand?post=1807521"},{"taxonomy":"product_cat","embeddable":true,"href":"https:\/\/liquidmaster.pl\/en\/wp-json\/wp\/v2\/product_cat?post=1807521"},{"taxonomy":"product_tag","embeddable":true,"href":"https:\/\/liquidmaster.pl\/en\/wp-json\/wp\/v2\/product_tag?post=1807521"}],"curies":[{"name":"wp","href":"https:\/\/api.w.org\/{rel}","templated":true}]}}