{"id":1807491,"date":"2025-03-28T18:14:04","date_gmt":"2025-03-28T16:14:04","guid":{"rendered":"https:\/\/liquidmaster.pl\/flex-pz-g-35-hex-ve5-gabka-polerska-walec\/"},"modified":"2026-04-20T08:20:50","modified_gmt":"2026-04-20T06:20:50","slug":"flex-pz-g-35-hex-ve5-gabka-polerska-walec","status":"publish","type":"product","link":"https:\/\/liquidmaster.pl\/en\/flex-pz-g-35-hex-ve5-gabka-polerska-walec\/","title":{"rendered":"Flex PZ-G 35 HEX VE5 \u2013 roller polishing sponge"},"content":{"rendered":"<p>Green sponge with a hard foam structure for quick removal and treatment of deeper scratches. The cylindrical shape is perfect for narrow moldings and spot repairs. Tool-free replacement thanks to the hexagonal bit holder on the shaft. Can be used with the FS 140 flexible shaft in combination with the PXE 80 10.8-EC polisher.<\/p>\n<p>Diameter: 35 mm<br \/>\nHeight: 30 mm<br \/>\nFoam hardness: very hard<br \/>\nFoam structure: coarse<br \/>\nHandle: Hexagonal shank<br \/>\nGreen color<\/p>","protected":false},"excerpt":{"rendered":"<p>Zielona g\u0105bka z tward\u0105 struktur\u0105 piankow\u0105 do szybkiego usuwania i obr\u00f3bki g\u0142\u0119bszych zarysowa\u0144. Walcowy kszta\u0142t doskonale nadaje si\u0119 do w\u0105skich listew i napraw punktowych. Wymiana bez u\u017cycia narz\u0119dzi dzi\u0119ki sze\u015bciok\u0105tnemu uchwytowi do ko\u0144c\u00f3wek na trzonku. Mo\u017cliwo\u015b\u0107 stosowania z wa\u0142kiem gi\u0119tkim FS 140 w po\u0142\u0105czeniu z polerk\u0105 PXE 80 10.8-EC. \u015arednica: 35 mm Wysoko\u015b\u0107: 30 mm&hellip;&nbsp;<a href=\"https:\/\/liquidmaster.pl\/en\/flex-pz-g-35-hex-ve5-gabka-polerska-walec\/\" rel=\"bookmark\">Read More \u00bb<span class=\"screen-reader-text\">Flex PZ-G 35 HEX VE5 \u2013 roller polishing sponge<\/span><\/a><\/p>","protected":false},"featured_media":1850547,"comment_status":"open","ping_status":"open","template":"","meta":{"neve_meta_sidebar":"","neve_meta_container":"","neve_meta_enable_content_width":"","neve_meta_content_width":0,"neve_meta_title_alignment":"","neve_meta_author_avatar":"","neve_post_elements_order":"","neve_meta_disable_header":"","neve_meta_disable_footer":"","neve_meta_disable_title":"","_themeisle_gutenberg_block_has_review":false},"product_brand":[],"product_cat":[823,822,748],"product_tag":[292],"class_list":{"0":"post-1807491","1":"product","2":"type-product","3":"status-publish","4":"has-post-thumbnail","6":"product_cat-gabki-polerskie","7":"product_cat-pady-polerskie","8":"product_cat-polerowanie","9":"product_tag-flex","11":"first","12":"outofstock","13":"taxable","14":"shipping-taxable","15":"purchasable","16":"product-type-simple"},"_links":{"self":[{"href":"https:\/\/liquidmaster.pl\/en\/wp-json\/wp\/v2\/product\/1807491","targetHints":{"allow":["GET"]}}],"collection":[{"href":"https:\/\/liquidmaster.pl\/en\/wp-json\/wp\/v2\/product"}],"about":[{"href":"https:\/\/liquidmaster.pl\/en\/wp-json\/wp\/v2\/types\/product"}],"replies":[{"embeddable":true,"href":"https:\/\/liquidmaster.pl\/en\/wp-json\/wp\/v2\/comments?post=1807491"}],"wp:featuredmedia":[{"embeddable":true,"href":"https:\/\/liquidmaster.pl\/en\/wp-json\/wp\/v2\/media\/1850547"}],"wp:attachment":[{"href":"https:\/\/liquidmaster.pl\/en\/wp-json\/wp\/v2\/media?parent=1807491"}],"wp:term":[{"taxonomy":"product_brand","embeddable":true,"href":"https:\/\/liquidmaster.pl\/en\/wp-json\/wp\/v2\/product_brand?post=1807491"},{"taxonomy":"product_cat","embeddable":true,"href":"https:\/\/liquidmaster.pl\/en\/wp-json\/wp\/v2\/product_cat?post=1807491"},{"taxonomy":"product_tag","embeddable":true,"href":"https:\/\/liquidmaster.pl\/en\/wp-json\/wp\/v2\/product_tag?post=1807491"}],"curies":[{"name":"wp","href":"https:\/\/api.w.org\/{rel}","templated":true}]}}