{"id":1807489,"date":"2025-03-28T18:14:04","date_gmt":"2025-03-28T16:14:04","guid":{"rendered":"https:\/\/liquidmaster.pl\/flex-pk-v-35-hex-ve5-gabka-polerska-stozek\/"},"modified":"2026-04-20T08:20:49","modified_gmt":"2026-04-20T06:20:49","slug":"flex-pk-v-35-hex-ve5-gabka-polerska-stozek","status":"publish","type":"product","link":"https:\/\/liquidmaster.pl\/en\/flex-pk-v-35-hex-ve5-gabka-polerska-stozek\/","title":{"rendered":"Flex PK-V 35 HEX VE5 \u2013 cone polishing sponge"},"content":{"rendered":"<p>Purple sponge with a medium-hard foam structure for removing medium and fine scratches. The cone shape is ideal for polishing door handle recesses, radiator grilles, wheel rims and interiors. Rounded edges to avoid sanding marks and a practical tip for polishing corners and edges. Tool-free replacement thanks to the hexagonal bit holder on the shaft. Can be used with the FS 140 flexible shaft in combination with the PXE 80 10.8-EC polisher.<\/p>\n<p>Diameter: 35 mm<br \/>\nHeight: 30 mm<br \/>\nFoam hardness: hard<br \/>\nFoam structure: coarse<br \/>\nHandle: Hexagonal shank<br \/>\nViolet colour<\/p>","protected":false},"excerpt":{"rendered":"<p>Fioletowa g\u0105bka o \u015brednio twardej strukturze piankowej do usuwania \u015brednich i drobnych zarysowa\u0144. Kszta\u0142t sto\u017cka idealnie nadaje si\u0119 do polerowania wg\u0142\u0119bie\u0144 klamek drzwi, os\u0142ony ch\u0142odnicy, obr\u0119czy k\u00f3\u0142 i wn\u0119trz. Zaokr\u0105glone kraw\u0119dzie pozwalaj\u0105ce unika\u0107 \u015blad\u00f3w szlifowania oraz praktyczna ko\u0144c\u00f3wka do polerowania w naro\u017cnikach i na kraw\u0119dziach. Wymiana bez u\u017cycia narz\u0119dzi dzi\u0119ki sze\u015bciok\u0105tnemu uchwytowi do ko\u0144c\u00f3wek na&hellip;&nbsp;<a href=\"https:\/\/liquidmaster.pl\/en\/flex-pk-v-35-hex-ve5-gabka-polerska-stozek\/\" rel=\"bookmark\">Read More \u00bb<span class=\"screen-reader-text\">Flex PK-V 35 HEX VE5 \u2013 cone polishing sponge<\/span><\/a><\/p>","protected":false},"featured_media":1850539,"comment_status":"open","ping_status":"open","template":"","meta":{"neve_meta_sidebar":"","neve_meta_container":"","neve_meta_enable_content_width":"","neve_meta_content_width":0,"neve_meta_title_alignment":"","neve_meta_author_avatar":"","neve_post_elements_order":"","neve_meta_disable_header":"","neve_meta_disable_footer":"","neve_meta_disable_title":"","_themeisle_gutenberg_block_has_review":false},"product_brand":[],"product_cat":[823,822,748],"product_tag":[292],"class_list":{"0":"post-1807489","1":"product","2":"type-product","3":"status-publish","4":"has-post-thumbnail","6":"product_cat-gabki-polerskie","7":"product_cat-pady-polerskie","8":"product_cat-polerowanie","9":"product_tag-flex","11":"first","12":"outofstock","13":"taxable","14":"shipping-taxable","15":"purchasable","16":"product-type-simple"},"_links":{"self":[{"href":"https:\/\/liquidmaster.pl\/en\/wp-json\/wp\/v2\/product\/1807489","targetHints":{"allow":["GET"]}}],"collection":[{"href":"https:\/\/liquidmaster.pl\/en\/wp-json\/wp\/v2\/product"}],"about":[{"href":"https:\/\/liquidmaster.pl\/en\/wp-json\/wp\/v2\/types\/product"}],"replies":[{"embeddable":true,"href":"https:\/\/liquidmaster.pl\/en\/wp-json\/wp\/v2\/comments?post=1807489"}],"wp:featuredmedia":[{"embeddable":true,"href":"https:\/\/liquidmaster.pl\/en\/wp-json\/wp\/v2\/media\/1850539"}],"wp:attachment":[{"href":"https:\/\/liquidmaster.pl\/en\/wp-json\/wp\/v2\/media?parent=1807489"}],"wp:term":[{"taxonomy":"product_brand","embeddable":true,"href":"https:\/\/liquidmaster.pl\/en\/wp-json\/wp\/v2\/product_brand?post=1807489"},{"taxonomy":"product_cat","embeddable":true,"href":"https:\/\/liquidmaster.pl\/en\/wp-json\/wp\/v2\/product_cat?post=1807489"},{"taxonomy":"product_tag","embeddable":true,"href":"https:\/\/liquidmaster.pl\/en\/wp-json\/wp\/v2\/product_tag?post=1807489"}],"curies":[{"name":"wp","href":"https:\/\/api.w.org\/{rel}","templated":true}]}}