{"id":1807453,"date":"2025-03-28T18:10:57","date_gmt":"2025-03-28T16:10:57","guid":{"rendered":"https:\/\/liquidmaster.pl\/funky-witch-banana-shadow-satin-dressing-1l-ochrona-gumy-i-plastikow-wewnetrznych\/"},"modified":"2026-02-16T05:17:55","modified_gmt":"2026-02-16T03:17:55","slug":"funky-witch-banana-shadow-satin-dressing-1l-ochrona-gumy-i-plastikow-wewnetrznych","status":"publish","type":"product","link":"https:\/\/liquidmaster.pl\/en\/funky-witch-banana-shadow-satin-dressing-1l-ochrona-gumy-i-plastikow-wewnetrznych\/","title":{"rendered":"Funky Witch Banana Shadow Satin Dressing 1L \u2013 protection of rubber and internal plastics"},"content":{"rendered":"<p>Dressing for plastics and rubber inside the car. Carefully selected ingredients are water-resistant and do not attract dust. Simple and quick application and the scent of bananas make work more pleasant. Another advantage is high efficiency and satin finish.<\/p>\n<p>Capacity: 1L<\/p>","protected":false},"excerpt":{"rendered":"<p>Dressing do plastik\u00f3w oraz gum wewn\u0105trz samochodu. Starannie dobrane sk\u0142adniki s\u0105 odporna na wod\u0119 i nie przyci\u0105gaj\u0105 kurzu. Prosta i szybka aplikacja oraz zapach banan\u00f3w uprzyjemniaj\u0105 prac\u0119. Kolejn\u0105 zalet\u0105 jest du\u017ca wydajno\u015b\u0107 i satynowe wyko\u0144czenie. Pojemno\u015b\u0107: 1 L<\/p>","protected":false},"featured_media":1850495,"comment_status":"open","ping_status":"open","template":"","meta":{"neve_meta_sidebar":"","neve_meta_container":"","neve_meta_enable_content_width":"","neve_meta_content_width":0,"neve_meta_title_alignment":"","neve_meta_author_avatar":"","neve_post_elements_order":"","neve_meta_disable_header":"","neve_meta_disable_footer":"","neve_meta_disable_title":"","_themeisle_gutenberg_block_has_review":false},"product_brand":[],"product_cat":[796,795,768],"product_tag":[298],"class_list":{"0":"post-1807453","1":"product","2":"type-product","3":"status-publish","4":"has-post-thumbnail","6":"product_cat-ochrona-plastikow-wewnetrznych","7":"product_cat-plastiki-wewnetrzne","8":"product_cat-wnetrze-auta","9":"product_tag-funky-witch","10":"pa_promocja-promocje","12":"first","13":"instock","14":"taxable","15":"shipping-taxable","16":"purchasable","17":"product-type-simple"},"_links":{"self":[{"href":"https:\/\/liquidmaster.pl\/en\/wp-json\/wp\/v2\/product\/1807453","targetHints":{"allow":["GET"]}}],"collection":[{"href":"https:\/\/liquidmaster.pl\/en\/wp-json\/wp\/v2\/product"}],"about":[{"href":"https:\/\/liquidmaster.pl\/en\/wp-json\/wp\/v2\/types\/product"}],"replies":[{"embeddable":true,"href":"https:\/\/liquidmaster.pl\/en\/wp-json\/wp\/v2\/comments?post=1807453"}],"wp:featuredmedia":[{"embeddable":true,"href":"https:\/\/liquidmaster.pl\/en\/wp-json\/wp\/v2\/media\/1850495"}],"wp:attachment":[{"href":"https:\/\/liquidmaster.pl\/en\/wp-json\/wp\/v2\/media?parent=1807453"}],"wp:term":[{"taxonomy":"product_brand","embeddable":true,"href":"https:\/\/liquidmaster.pl\/en\/wp-json\/wp\/v2\/product_brand?post=1807453"},{"taxonomy":"product_cat","embeddable":true,"href":"https:\/\/liquidmaster.pl\/en\/wp-json\/wp\/v2\/product_cat?post=1807453"},{"taxonomy":"product_tag","embeddable":true,"href":"https:\/\/liquidmaster.pl\/en\/wp-json\/wp\/v2\/product_tag?post=1807453"}],"curies":[{"name":"wp","href":"https:\/\/api.w.org\/{rel}","templated":true}]}}