{"id":1807447,"date":"2025-03-28T18:10:30","date_gmt":"2025-03-28T16:10:30","guid":{"rendered":"https:\/\/liquidmaster.pl\/shiny-garage-rinse-free-eco-wash-1l-szampon-bez-splukiwania\/"},"modified":"2026-04-18T04:40:32","modified_gmt":"2026-04-18T02:40:32","slug":"shiny-garage-rinse-free-eco-wash-1l-szampon-bez-splukiwania","status":"publish","type":"product","link":"https:\/\/liquidmaster.pl\/en\/shiny-garage-rinse-free-eco-wash-1l-szampon-bez-splukiwania\/","title":{"rendered":"Shiny Garage Rinse Free Eco Wash 1L \u2013 leave-in shampoo"},"content":{"rendered":"<p>Rinse Free Eco Wash is a highly advanced, low-foaming, polymer shampoo that does not require rinsing (rinseless wash method). The technology used minimizes the amount of water needed to wash one car, significantly shortening the time of the entire washing process.<\/p>\n<p>The polymers and surfactants contained in the product give the cleaned surface a slip that is not found in traditional shampoos and separate contaminants from water, which guarantees safe, scratch-free washing.<\/p>\n<p>The product leaves a hydrophobic finish, slipperiness and shine.<\/p>\n<p>Usage:<\/p>\n<p>Rinseless wash:<\/p>\n<ul>\n<li>rinse the car with water under pressure to remove loose dirt<\/li>\n<li>in case of heavier dirt, first apply Citrus Pre Cleaner and rinse the surface<\/li>\n<li>dilute 30-50 ml of the product in 5 L of water<\/li>\n<li>mix well with a glove\/sponge<\/li>\n<li>the product does not generate foam<\/li>\n<li>Wet the glove\/sponge well<\/li>\n<li>wash the item starting from the top and ending at the bottom<\/li>\n<li>rinse the glove\/sponge<\/li>\n<li>make sure the item is clean<\/li>\n<li>dry the item with a microfiber towel<\/li>\n<li>repeat the entire process until you have washed the entire car<\/li>\n<\/ul>\n<p>Washing without water (waterless wash\/quick detailer\/glass cleaner\/interior quick detailer):<\/p>\n<ul>\n<li>dilute 35 ml of the product in 1 L of demineralized water \u00a0<\/li>\n<\/ul>\n<p>Dehumidifier (rinse aid):<\/p>\n<ul>\n<li>dilute 100 ml of the product in 1 L of demineralized water<\/li>\n<\/ul>\n<p>Capacity: 1L<\/p>","protected":false},"excerpt":{"rendered":"<p>Rinse Free Eco Wash to mocno zaawansowany, niskopienny,\u00a0 polimerowy szampon, kt\u00f3ry nie wymaga sp\u0142ukiwania (metoda mycia rinseless wash).\u00a0 Zastosowana technologia minimalizuje ilo\u015b\u0107 wody potrzebn\u0105 do umycia jednego samochodu\u00a0 znacz\u0105co skraca czas ca\u0142ego procesu mycia. Zawarte w produkcie polimery i zwi\u0105zki powierzchniowo czynne nadaj\u0105 czyszczonej powierzchni niespotykany w tradycyjnych szamponach po\u015blizg oraz odseparowuj\u0105 zanieczyszczenia od wody,&hellip;&nbsp;<a href=\"https:\/\/liquidmaster.pl\/en\/shiny-garage-rinse-free-eco-wash-1l-szampon-bez-splukiwania\/\" rel=\"bookmark\">Read More \u00bb<span class=\"screen-reader-text\">Shiny Garage Rinse Free Eco Wash 1L \u2013 leave-in shampoo<\/span><\/a><\/p>","protected":false},"featured_media":1850485,"comment_status":"open","ping_status":"open","template":"","meta":{"neve_meta_sidebar":"","neve_meta_container":"","neve_meta_enable_content_width":"","neve_meta_content_width":0,"neve_meta_title_alignment":"","neve_meta_author_avatar":"","neve_post_elements_order":"","neve_meta_disable_header":"","neve_meta_disable_footer":"","neve_meta_disable_title":"","_themeisle_gutenberg_block_has_review":false},"product_brand":[],"product_cat":[734,733,907],"product_tag":[360],"class_list":{"0":"post-1807447","1":"product","2":"type-product","3":"status-publish","4":"has-post-thumbnail","6":"product_cat-mycie-i-osuszanie","7":"product_cat-na-zewnatrz","8":"product_cat-szampon-do-bezwodnego-mycia","9":"product_tag-shiny-garage","11":"first","12":"instock","13":"taxable","14":"shipping-taxable","15":"purchasable","16":"product-type-simple"},"_links":{"self":[{"href":"https:\/\/liquidmaster.pl\/en\/wp-json\/wp\/v2\/product\/1807447","targetHints":{"allow":["GET"]}}],"collection":[{"href":"https:\/\/liquidmaster.pl\/en\/wp-json\/wp\/v2\/product"}],"about":[{"href":"https:\/\/liquidmaster.pl\/en\/wp-json\/wp\/v2\/types\/product"}],"replies":[{"embeddable":true,"href":"https:\/\/liquidmaster.pl\/en\/wp-json\/wp\/v2\/comments?post=1807447"}],"wp:featuredmedia":[{"embeddable":true,"href":"https:\/\/liquidmaster.pl\/en\/wp-json\/wp\/v2\/media\/1850485"}],"wp:attachment":[{"href":"https:\/\/liquidmaster.pl\/en\/wp-json\/wp\/v2\/media?parent=1807447"}],"wp:term":[{"taxonomy":"product_brand","embeddable":true,"href":"https:\/\/liquidmaster.pl\/en\/wp-json\/wp\/v2\/product_brand?post=1807447"},{"taxonomy":"product_cat","embeddable":true,"href":"https:\/\/liquidmaster.pl\/en\/wp-json\/wp\/v2\/product_cat?post=1807447"},{"taxonomy":"product_tag","embeddable":true,"href":"https:\/\/liquidmaster.pl\/en\/wp-json\/wp\/v2\/product_tag?post=1807447"}],"curies":[{"name":"wp","href":"https:\/\/api.w.org\/{rel}","templated":true}]}}