{"id":1807437,"date":"2025-03-28T18:10:05","date_gmt":"2025-03-28T16:10:05","guid":{"rendered":"https:\/\/liquidmaster.pl\/olfa-model-sac-1-noz-segmentowy\/"},"modified":"2026-04-18T04:40:30","modified_gmt":"2026-04-18T02:40:30","slug":"olfa-model-sac-1-noz-segmentowy","status":"publish","type":"product","link":"https:\/\/liquidmaster.pl\/en\/olfa-model-sac-1-noz-segmentowy\/","title":{"rendered":"Olfa Model SAC-1 \u2013 segment knife"},"content":{"rendered":"<p>Exclusive finish<\/p>\n<p>A luxurious knife with a handle made of stainless steel with a polished surface. The knife&#039;s design has been specially adapted to 9 mm segment blades with a 30\u00b0 apex angle, thanks to which the slider locks the blade exactly every segment. The recently introduced new version of this model is equipped with an automatic blade lock. Stainless steel handle, metal ferrule for breaking off worn segments, carbon steel blade with increased hardness.<\/p>\n<p>Thanks to its modern design and high standard of workmanship, this model is chosen by the most demanding users - especially those performing precise modeling and artistic work.<\/p>","protected":false},"excerpt":{"rendered":"<p>Ekskluzywne wyko\u0144czenie Luksusowy n\u00f3\u017c o r\u0119koje\u015bci wykonanej ze stali nierdzewnej z polerowan\u0105 powierzchni\u0105. Konstrukcja no\u017ca zosta\u0142a specjalnie przystosowana do 9 mm ostrzy segmentowych o k\u0105cie wierzcho\u0142kowym 30\u00b0 dzi\u0119ki czemu suwak blokuje ostrze dok\u0142adnie co jeden segment. Wprowadzona niedawno do sprzeda\u017cy nowa wersja tego modelu zosta\u0142a wyposa\u017cona w automatyczn\u0105 blokad\u0119 ostrza. R\u0119koje\u015b\u0107 ze stali nierdzewnej, metalowa&hellip;&nbsp;<a href=\"https:\/\/liquidmaster.pl\/en\/olfa-model-sac-1-noz-segmentowy\/\" rel=\"bookmark\">Read More \u00bb<span class=\"screen-reader-text\">Olfa Model SAC-1 \u2013 segment knife<\/span><\/a><\/p>","protected":false},"featured_media":1850471,"comment_status":"open","ping_status":"open","template":"","meta":{"neve_meta_sidebar":"","neve_meta_container":"","neve_meta_enable_content_width":"","neve_meta_content_width":0,"neve_meta_title_alignment":"","neve_meta_author_avatar":"","neve_post_elements_order":"","neve_meta_disable_header":"","neve_meta_disable_footer":"","neve_meta_disable_title":"","_themeisle_gutenberg_block_has_review":false},"product_brand":[],"product_cat":[1111,886,887,879],"product_tag":[345],"class_list":{"0":"post-1807437","1":"product","2":"type-product","3":"status-publish","4":"has-post-thumbnail","6":"product_cat-aplikacja-folii","7":"product_cat-narzedzia-do-oklejania","8":"product_cat-noze-i-ostrza","9":"product_cat-oklejanie","10":"product_tag-pozostali","12":"first","13":"outofstock","14":"taxable","15":"shipping-taxable","16":"purchasable","17":"product-type-simple"},"_links":{"self":[{"href":"https:\/\/liquidmaster.pl\/en\/wp-json\/wp\/v2\/product\/1807437","targetHints":{"allow":["GET"]}}],"collection":[{"href":"https:\/\/liquidmaster.pl\/en\/wp-json\/wp\/v2\/product"}],"about":[{"href":"https:\/\/liquidmaster.pl\/en\/wp-json\/wp\/v2\/types\/product"}],"replies":[{"embeddable":true,"href":"https:\/\/liquidmaster.pl\/en\/wp-json\/wp\/v2\/comments?post=1807437"}],"wp:featuredmedia":[{"embeddable":true,"href":"https:\/\/liquidmaster.pl\/en\/wp-json\/wp\/v2\/media\/1850471"}],"wp:attachment":[{"href":"https:\/\/liquidmaster.pl\/en\/wp-json\/wp\/v2\/media?parent=1807437"}],"wp:term":[{"taxonomy":"product_brand","embeddable":true,"href":"https:\/\/liquidmaster.pl\/en\/wp-json\/wp\/v2\/product_brand?post=1807437"},{"taxonomy":"product_cat","embeddable":true,"href":"https:\/\/liquidmaster.pl\/en\/wp-json\/wp\/v2\/product_cat?post=1807437"},{"taxonomy":"product_tag","embeddable":true,"href":"https:\/\/liquidmaster.pl\/en\/wp-json\/wp\/v2\/product_tag?post=1807437"}],"curies":[{"name":"wp","href":"https:\/\/api.w.org\/{rel}","templated":true}]}}