{"id":1807431,"date":"2025-03-28T18:09:01","date_gmt":"2025-03-28T16:09:01","guid":{"rendered":"https:\/\/liquidmaster.pl\/freshtek-one-shot-paczuli-250ml-wklad-do-dozownika-neutralizator-zapachow\/"},"modified":"2026-04-18T04:28:44","modified_gmt":"2026-04-18T02:28:44","slug":"freshtek-one-shot-paczuli-250ml-wklad-do-dozownika-neutralizator-zapachow","status":"publish","type":"product","link":"https:\/\/liquidmaster.pl\/en\/freshtek-one-shot-paczuli-250ml-wklad-do-dozownika-neutralizator-zapachow\/","title":{"rendered":"Freshtek One Shot Patchouli 250ml - dispenser refill, odor neutralizer"},"content":{"rendered":"<p>Freshtek One Shot Patchouli \u2013 refill for electronic dispensers. Concentrated, very efficient odor neutralizer.<\/p>\n<p>A double-acting agent - an air freshener and an unpleasant odor neutralizer. Oriental, deep, spicy-balsamic scent.<\/p>\n<p>The term &quot;One Shot&quot; means that one press of the &quot;trigger&quot; is enough for a fresh fragrance to spread throughout the room. It is a highly concentrated aerosol, so it is perfect wherever we are dealing with a larger usable area.<\/p>\n<p>More information:<\/p>\n<ul>\n<li>highly concentrated, one press is enough for 200 m3<\/li>\n<li>contains special active substances to combat the odor<\/li>\n<li>very efficient thanks to its unique formula<\/li>\n<li>stays in the air for a long time<\/li>\n<li>quick and easy to use thanks to the special valve<\/li>\n<li>ecological - active substances do not contain heavy metals and ingredients harmful to the ozone layer<\/li>\n<\/ul>\n<p>Capacity: 250 ml<\/p>","protected":false},"excerpt":{"rendered":"<p>Freshtek One Shot Paczuli \u2013 wk\u0142ad do dozownik\u00f3w elektronicznych. Skoncentrowany, bardzo wydajny neutralizator zapach\u00f3w. \u015arodek o podw\u00f3jnym dzia\u0142aniu \u2013 od\u015bwie\u017cacza powietrza i neutralizatora nieprzyjemnych zapach\u00f3w. Zapach orientalny, g\u0142\u0119boki, korzenno-balsamiczny. Okre\u015blenie &#8222;One Shot&#8221; oznacza, \u017ce wystarczy jedno przyci\u015bni\u0119cie &#8222;spustu&#8221;, aby \u015bwie\u017cy zapach rozszed\u0142 si\u0119 po ca\u0142ym pomieszczeniu. Jest to silnie skoncentrowany aerozol, wi\u0119c znakomicie nadaje si\u0119&hellip;&nbsp;<a href=\"https:\/\/liquidmaster.pl\/en\/freshtek-one-shot-paczuli-250ml-wklad-do-dozownika-neutralizator-zapachow\/\" rel=\"bookmark\">Read More \u00bb<span class=\"screen-reader-text\">Freshtek One Shot Patchouli 250ml - dispenser refill, odor neutralizer<\/span><\/a><\/p>","protected":false},"featured_media":1848801,"comment_status":"open","ping_status":"open","template":"","meta":{"neve_meta_sidebar":"","neve_meta_container":"","neve_meta_enable_content_width":"","neve_meta_content_width":0,"neve_meta_title_alignment":"","neve_meta_author_avatar":"","neve_post_elements_order":"","neve_meta_disable_header":"","neve_meta_disable_footer":"","neve_meta_disable_title":"","_themeisle_gutenberg_block_has_review":false},"product_brand":[],"product_cat":[810,801,768],"product_tag":[295],"class_list":{"0":"post-1807431","1":"product","2":"type-product","3":"status-publish","4":"has-post-thumbnail","6":"product_cat-neutralizatory-zapachow","7":"product_cat-odswiezacze-powietrza","8":"product_cat-wnetrze-auta","9":"product_tag-freshtek","11":"first","12":"instock","13":"taxable","14":"shipping-taxable","15":"purchasable","16":"product-type-simple"},"_links":{"self":[{"href":"https:\/\/liquidmaster.pl\/en\/wp-json\/wp\/v2\/product\/1807431","targetHints":{"allow":["GET"]}}],"collection":[{"href":"https:\/\/liquidmaster.pl\/en\/wp-json\/wp\/v2\/product"}],"about":[{"href":"https:\/\/liquidmaster.pl\/en\/wp-json\/wp\/v2\/types\/product"}],"replies":[{"embeddable":true,"href":"https:\/\/liquidmaster.pl\/en\/wp-json\/wp\/v2\/comments?post=1807431"}],"wp:featuredmedia":[{"embeddable":true,"href":"https:\/\/liquidmaster.pl\/en\/wp-json\/wp\/v2\/media\/1848801"}],"wp:attachment":[{"href":"https:\/\/liquidmaster.pl\/en\/wp-json\/wp\/v2\/media?parent=1807431"}],"wp:term":[{"taxonomy":"product_brand","embeddable":true,"href":"https:\/\/liquidmaster.pl\/en\/wp-json\/wp\/v2\/product_brand?post=1807431"},{"taxonomy":"product_cat","embeddable":true,"href":"https:\/\/liquidmaster.pl\/en\/wp-json\/wp\/v2\/product_cat?post=1807431"},{"taxonomy":"product_tag","embeddable":true,"href":"https:\/\/liquidmaster.pl\/en\/wp-json\/wp\/v2\/product_tag?post=1807431"}],"curies":[{"name":"wp","href":"https:\/\/api.w.org\/{rel}","templated":true}]}}