{"id":1807429,"date":"2025-03-28T18:08:54","date_gmt":"2025-03-28T16:08:54","guid":{"rendered":"https:\/\/liquidmaster.pl\/olfa-asb-10s-ostrza-segmentowe-srebrne-nierdzewne-9mm\/"},"modified":"2026-04-20T08:20:39","modified_gmt":"2026-04-20T06:20:39","slug":"olfa-asb-10s-ostrza-segmentowe-srebrne-nierdzewne-9mm","status":"publish","type":"product","link":"https:\/\/liquidmaster.pl\/en\/olfa-asb-10s-ostrza-segmentowe-srebrne-nierdzewne-9mm\/","title":{"rendered":"Olfa ASB-10S \u2013 silver stainless steel segment blades 9mm"},"content":{"rendered":"<p>Thanks to the use of stainless steel, it is especially recommended for work where it is important to avoid scratching materials such as glass, tiles, ceramics, etc. Precise sharpening allows for easy and accurate cutting. \u00a0<br \/>\nThe segment blades are cut at an angle of 59\u00b0 resulting from the natural position of the hand when cutting, making it easier to break off the segments. The 59\u00b0 angle established by OLFA has become the international standard for snap-off blades.<\/p>\n<p>The blade is intended for the SVR-1 knife, but can also be used in other knife models instead of AB, ABB, DKB blades. \u00a0<\/p>\n<p>Blade thickness 0.38 mm, cutting edge length 80 mm, 13 working segments.<\/p>\n<p>Packaging: 10 pcs.<\/p>","protected":false},"excerpt":{"rendered":"<p>Dzi\u0119ki zastosowaniu stali nierdzewnej szczeg\u00f3lnie polecane do prac, w kt\u00f3rych istotne jest unikni\u0119cie zarysowania materia\u0142\u00f3w takich jak szk\u0142o, glazura, ceramika itp.\u00a0 Precyzyjne ostrzenie pozwoli\u0142o uzyska\u0107 ostrze tn\u0105ce \u0142atwo, dok\u0142adnie. \u00a0 Ostrza segmentowe s\u0105 naci\u0119te pod k\u0105tem 59\u00b0 wynikaj\u0105cym z naturalnej pozycji, jak\u0105 przyjmuje d\u0142o\u0144 w trakcie ci\u0119cia, u\u0142atwiaj\u0105c r\u00f3wnocze\u015bnie od\u0142amywanie segment\u00f3w. Ustalony przez firm\u0119 OLFA&hellip;&nbsp;<a href=\"https:\/\/liquidmaster.pl\/en\/olfa-asb-10s-ostrza-segmentowe-srebrne-nierdzewne-9mm\/\" rel=\"bookmark\">Read More \u00bb<span class=\"screen-reader-text\">Olfa ASB-10S \u2013 silver stainless steel segment blades 9mm<\/span><\/a><\/p>","protected":false},"featured_media":1850461,"comment_status":"open","ping_status":"open","template":"","meta":{"neve_meta_sidebar":"","neve_meta_container":"","neve_meta_enable_content_width":"","neve_meta_content_width":0,"neve_meta_title_alignment":"","neve_meta_author_avatar":"","neve_post_elements_order":"","neve_meta_disable_header":"","neve_meta_disable_footer":"","neve_meta_disable_title":"","_themeisle_gutenberg_block_has_review":false},"product_brand":[],"product_cat":[1111,886,887,879],"product_tag":[345],"class_list":{"0":"post-1807429","1":"product","2":"type-product","3":"status-publish","4":"has-post-thumbnail","6":"product_cat-aplikacja-folii","7":"product_cat-narzedzia-do-oklejania","8":"product_cat-noze-i-ostrza","9":"product_cat-oklejanie","10":"product_tag-pozostali","12":"first","13":"instock","14":"taxable","15":"shipping-taxable","16":"purchasable","17":"product-type-simple"},"_links":{"self":[{"href":"https:\/\/liquidmaster.pl\/en\/wp-json\/wp\/v2\/product\/1807429","targetHints":{"allow":["GET"]}}],"collection":[{"href":"https:\/\/liquidmaster.pl\/en\/wp-json\/wp\/v2\/product"}],"about":[{"href":"https:\/\/liquidmaster.pl\/en\/wp-json\/wp\/v2\/types\/product"}],"replies":[{"embeddable":true,"href":"https:\/\/liquidmaster.pl\/en\/wp-json\/wp\/v2\/comments?post=1807429"}],"wp:featuredmedia":[{"embeddable":true,"href":"https:\/\/liquidmaster.pl\/en\/wp-json\/wp\/v2\/media\/1850461"}],"wp:attachment":[{"href":"https:\/\/liquidmaster.pl\/en\/wp-json\/wp\/v2\/media?parent=1807429"}],"wp:term":[{"taxonomy":"product_brand","embeddable":true,"href":"https:\/\/liquidmaster.pl\/en\/wp-json\/wp\/v2\/product_brand?post=1807429"},{"taxonomy":"product_cat","embeddable":true,"href":"https:\/\/liquidmaster.pl\/en\/wp-json\/wp\/v2\/product_cat?post=1807429"},{"taxonomy":"product_tag","embeddable":true,"href":"https:\/\/liquidmaster.pl\/en\/wp-json\/wp\/v2\/product_tag?post=1807429"}],"curies":[{"name":"wp","href":"https:\/\/api.w.org\/{rel}","templated":true}]}}