{"id":1807427,"date":"2025-03-28T18:08:54","date_gmt":"2025-03-28T16:08:54","guid":{"rendered":"https:\/\/liquidmaster.pl\/olfa-asb-10-ostrza-segmentowe-srebrne-9mm\/"},"modified":"2026-04-20T08:20:38","modified_gmt":"2026-04-20T06:20:38","slug":"olfa-asb-10-ostrza-segmentowe-srebrne-9mm","status":"publish","type":"product","link":"https:\/\/liquidmaster.pl\/en\/olfa-asb-10-ostrza-segmentowe-srebrne-9mm\/","title":{"rendered":"Olfa ASB-10 \u2013 silver segmented blades 9mm"},"content":{"rendered":"<p>Standard OLFA blade, 9 mm wide. Thanks to the use of tool steel with appropriately selected parameters and precise sharpening, a cutting blade was obtained that is easy, accurate and extremely durable. The segment blades are cut at an angle of 59\u00b0 resulting from the natural position of the hand when cutting, making it easier to break off the segments. The 59\u00b0 angle established by OLFA has become the international standard for snap-off blades.<\/p>\n<p>Blade thickness 0.38 mm, cutting edge length 80 mm, 13 working segments.<\/p>\n<p>Packaging: 10 pcs.<\/p>","protected":false},"excerpt":{"rendered":"<p>Standardowe ostrze OLFA o szeroko\u015bci 9 mm. Dzi\u0119ki zastosowaniu stali narz\u0119dziowej o odpowiednio dobranych parametrach i precyzyjnemu ostrzeniu uzyskano ostrze tn\u0105ce \u0142atwo, dok\u0142adnie i wyj\u0105tkowo trwa\u0142e. Ostrza segmentowe s\u0105 naci\u0119te pod k\u0105tem 59\u00b0 wynikaj\u0105cym z naturalnej pozycji, jak\u0105 przyjmuje d\u0142o\u0144 w trakcie ci\u0119cia, u\u0142atwiaj\u0105c r\u00f3wnocze\u015bnie od\u0142amywanie segment\u00f3w. Ustalony przez firm\u0119 OLFA k\u0105t 59\u00b0 sta\u0142 si\u0119&hellip;&nbsp;<a href=\"https:\/\/liquidmaster.pl\/en\/olfa-asb-10-ostrza-segmentowe-srebrne-9mm\/\" rel=\"bookmark\">Read More \u00bb<span class=\"screen-reader-text\">Olfa ASB-10 \u2013 silver segmented blades 9mm<\/span><\/a><\/p>","protected":false},"featured_media":1850460,"comment_status":"open","ping_status":"open","template":"","meta":{"neve_meta_sidebar":"","neve_meta_container":"","neve_meta_enable_content_width":"","neve_meta_content_width":0,"neve_meta_title_alignment":"","neve_meta_author_avatar":"","neve_post_elements_order":"","neve_meta_disable_header":"","neve_meta_disable_footer":"","neve_meta_disable_title":"","_themeisle_gutenberg_block_has_review":false},"product_brand":[],"product_cat":[1111,886,887,879],"product_tag":[345],"class_list":{"0":"post-1807427","1":"product","2":"type-product","3":"status-publish","4":"has-post-thumbnail","6":"product_cat-aplikacja-folii","7":"product_cat-narzedzia-do-oklejania","8":"product_cat-noze-i-ostrza","9":"product_cat-oklejanie","10":"product_tag-pozostali","12":"first","13":"instock","14":"taxable","15":"shipping-taxable","16":"purchasable","17":"product-type-simple"},"_links":{"self":[{"href":"https:\/\/liquidmaster.pl\/en\/wp-json\/wp\/v2\/product\/1807427","targetHints":{"allow":["GET"]}}],"collection":[{"href":"https:\/\/liquidmaster.pl\/en\/wp-json\/wp\/v2\/product"}],"about":[{"href":"https:\/\/liquidmaster.pl\/en\/wp-json\/wp\/v2\/types\/product"}],"replies":[{"embeddable":true,"href":"https:\/\/liquidmaster.pl\/en\/wp-json\/wp\/v2\/comments?post=1807427"}],"wp:featuredmedia":[{"embeddable":true,"href":"https:\/\/liquidmaster.pl\/en\/wp-json\/wp\/v2\/media\/1850460"}],"wp:attachment":[{"href":"https:\/\/liquidmaster.pl\/en\/wp-json\/wp\/v2\/media?parent=1807427"}],"wp:term":[{"taxonomy":"product_brand","embeddable":true,"href":"https:\/\/liquidmaster.pl\/en\/wp-json\/wp\/v2\/product_brand?post=1807427"},{"taxonomy":"product_cat","embeddable":true,"href":"https:\/\/liquidmaster.pl\/en\/wp-json\/wp\/v2\/product_cat?post=1807427"},{"taxonomy":"product_tag","embeddable":true,"href":"https:\/\/liquidmaster.pl\/en\/wp-json\/wp\/v2\/product_tag?post=1807427"}],"curies":[{"name":"wp","href":"https:\/\/api.w.org\/{rel}","templated":true}]}}