{"id":1807417,"date":"2025-03-28T18:08:30","date_gmt":"2025-03-28T16:08:30","guid":{"rendered":"https:\/\/liquidmaster.pl\/detailing-house-tasma-do-chromow-g12-10cm\/"},"modified":"2026-04-18T04:40:26","modified_gmt":"2026-04-18T02:40:26","slug":"detailing-house-tasma-do-chromow-g12-10cm","status":"publish","type":"product","link":"https:\/\/liquidmaster.pl\/en\/detailing-house-tasma-do-chromow-g12-10cm\/","title":{"rendered":"Detailing House Chrome tape G12 10cm"},"content":{"rendered":"<p>Tape for chrome strips \u2013 3M Gloss Black \u2013 Gloss black<\/p>\n<p>From now on, the so-called ChromDelete or dechroming becomes even easier than before. Using this tape you can easily achieve the so-called Shadow-line effect.<\/p>\n<p>Foil from the latest 3M 2080 Wrap Film series. Thanks to this, you get a product with an innovative protective layer, which you remove at the very end of the application, before the heating process. Thanks to this, the foil surface is maximally protected against scratching during installation.<\/p>\n<p>Finish: Gloss Black.<\/p>\n<p>Width: 10 cm<\/p>\n<p>Length: 23 m<\/p>","protected":false},"excerpt":{"rendered":"<p>Ta\u015bma na listwy chromowane &#8211; 3M Gloss Black &#8211; Czarny po\u0142ysk Od teraz tzw. ChromDelete lub dechroming staje si\u0119 jeszcze prostszy, ni\u017c wcze\u015bniej. Przy u\u017cyciu tej ta\u015bmy z \u0142atwo\u015bci\u0105 uzyskasz tzw. efekt Shadow-line. Folia z najnowszej serii 3M 2080 Wrap Film. Dzi\u0119ki czemu uzyskujesz produkt z innowacyjn\u0105 warstw\u0105 zabezpieczaj\u0105c\u0105, kt\u00f3r\u0105 demontujesz pod sam koniec aplikacji&hellip;&nbsp;<a href=\"https:\/\/liquidmaster.pl\/en\/detailing-house-tasma-do-chromow-g12-10cm\/\" rel=\"bookmark\">Read More \u00bb<span class=\"screen-reader-text\">Detailing House Chrome tape G12 10cm<\/span><\/a><\/p>","protected":false},"featured_media":1850446,"comment_status":"open","ping_status":"open","template":"","meta":{"neve_meta_sidebar":"","neve_meta_container":"","neve_meta_enable_content_width":"","neve_meta_content_width":0,"neve_meta_title_alignment":"","neve_meta_author_avatar":"","neve_post_elements_order":"","neve_meta_disable_header":"","neve_meta_disable_footer":"","neve_meta_disable_title":"","_themeisle_gutenberg_block_has_review":false},"product_brand":[],"product_cat":[913,880,879],"product_tag":[286],"class_list":{"0":"post-1807417","1":"product","2":"type-product","3":"status-publish","4":"has-post-thumbnail","6":"product_cat-do-zmiany-koloru","7":"product_cat-folie-samochodowe","8":"product_cat-oklejanie","9":"product_tag-detailing-house","11":"first","12":"outofstock","13":"taxable","14":"shipping-taxable","15":"purchasable","16":"product-type-simple"},"_links":{"self":[{"href":"https:\/\/liquidmaster.pl\/en\/wp-json\/wp\/v2\/product\/1807417","targetHints":{"allow":["GET"]}}],"collection":[{"href":"https:\/\/liquidmaster.pl\/en\/wp-json\/wp\/v2\/product"}],"about":[{"href":"https:\/\/liquidmaster.pl\/en\/wp-json\/wp\/v2\/types\/product"}],"replies":[{"embeddable":true,"href":"https:\/\/liquidmaster.pl\/en\/wp-json\/wp\/v2\/comments?post=1807417"}],"wp:featuredmedia":[{"embeddable":true,"href":"https:\/\/liquidmaster.pl\/en\/wp-json\/wp\/v2\/media\/1850446"}],"wp:attachment":[{"href":"https:\/\/liquidmaster.pl\/en\/wp-json\/wp\/v2\/media?parent=1807417"}],"wp:term":[{"taxonomy":"product_brand","embeddable":true,"href":"https:\/\/liquidmaster.pl\/en\/wp-json\/wp\/v2\/product_brand?post=1807417"},{"taxonomy":"product_cat","embeddable":true,"href":"https:\/\/liquidmaster.pl\/en\/wp-json\/wp\/v2\/product_cat?post=1807417"},{"taxonomy":"product_tag","embeddable":true,"href":"https:\/\/liquidmaster.pl\/en\/wp-json\/wp\/v2\/product_tag?post=1807417"}],"curies":[{"name":"wp","href":"https:\/\/api.w.org\/{rel}","templated":true}]}}