{"id":1807415,"date":"2025-03-28T18:08:24","date_gmt":"2025-03-28T16:08:24","guid":{"rendered":"https:\/\/liquidmaster.pl\/waxpro-fluffy-dryer-plus-60x90cm-recznik-do-osuszania-lakieru\/"},"modified":"2026-03-14T07:39:59","modified_gmt":"2026-03-14T05:39:59","slug":"waxpro-fluffy-dryer-plus-60x90cm-recznik-do-osuszania-lakieru","status":"publish","type":"product","link":"https:\/\/liquidmaster.pl\/en\/waxpro-fluffy-dryer-plus-60x90cm-recznik-do-osuszania-lakieru\/","title":{"rendered":"waxPRO Fluffy Dryer Plus 60x90cm - a towel for drying varnish"},"content":{"rendered":"<p class=\"pd_text_right\">Fluffy Dryer Plus paint drying towel is the best microfiber for wiping your car with an excellent price-quality ratio. It has a fiber density of 440gsm and the best composition of 70\/30 polyester and polyamide, which guarantees great absorbency and softness. The towel has a satin trim, which minimizes the risk of scratching the paint.<\/p>\n<ul>\n<li>Size 90x60cm<\/li>\n<li>Satin trim<\/li>\n<li>70% polyester, 30% polyamide<\/li>\n<li>grammage 440g\/m\u00b2<\/li>\n<\/ul>\n<p>This is a must-have towel for every detailer!<\/p>\n<p>Each towel has a tag which guarantees the originality of the product.<\/p>\n<p>Washing<\/p>\n<p>Suitable for washing in a washing machine (up to 60\u00b0C). Wash with similar colors. Do not use softeners or bleaches.<\/p>","protected":false},"excerpt":{"rendered":"<p>R\u0119cznik do osuszania lakieru\u00a0Fluffy Dryer Plus, to najlepsza mikrofibra do wycierania auta z wy\u015bmienitym stosunkiem ceny do jako\u015bci. Posiada\u00a0g\u0119sto\u015b\u0107 w\u0142\u00f3kien 440gsm\u00a0oraz najlepszy sk\u0142ad\u00a070\/30\u00a0poliestru i poliamidu, co gwarantuje ogromn\u0105 ch\u0142onno\u015b\u0107 i mi\u0119kko\u015b\u0107. R\u0119cznik posiada satynowe obszycie przez co minimalizuje ryzyko zarysowania lakieru. Rozmiar 90x60cm Satynowe obszycie 70% poliester, 30% poliamide gramatura 440g\/m\u00b2 To obowi\u0105zkowy r\u0119cznik dla&hellip;&nbsp;<a href=\"https:\/\/liquidmaster.pl\/en\/waxpro-fluffy-dryer-plus-60x90cm-recznik-do-osuszania-lakieru\/\" rel=\"bookmark\">Read More \u00bb<span class=\"screen-reader-text\">waxPRO Fluffy Dryer Plus 60x90cm - a towel for drying varnish<\/span><\/a><\/p>","protected":false},"featured_media":1848785,"comment_status":"open","ping_status":"open","template":"","meta":{"neve_meta_sidebar":"","neve_meta_container":"","neve_meta_enable_content_width":"","neve_meta_content_width":0,"neve_meta_title_alignment":"","neve_meta_author_avatar":"","neve_post_elements_order":"","neve_meta_disable_header":"","neve_meta_disable_footer":"","neve_meta_disable_title":"","_themeisle_gutenberg_block_has_review":false},"product_brand":[],"product_cat":[734,733,781],"product_tag":[379],"class_list":{"0":"post-1807415","1":"product","2":"type-product","3":"status-publish","4":"has-post-thumbnail","6":"product_cat-mycie-i-osuszanie","7":"product_cat-na-zewnatrz","8":"product_cat-reczniki-do-osuszania","9":"product_tag-waxpro","11":"first","12":"outofstock","13":"taxable","14":"shipping-taxable","15":"purchasable","16":"product-type-simple"},"_links":{"self":[{"href":"https:\/\/liquidmaster.pl\/en\/wp-json\/wp\/v2\/product\/1807415","targetHints":{"allow":["GET"]}}],"collection":[{"href":"https:\/\/liquidmaster.pl\/en\/wp-json\/wp\/v2\/product"}],"about":[{"href":"https:\/\/liquidmaster.pl\/en\/wp-json\/wp\/v2\/types\/product"}],"replies":[{"embeddable":true,"href":"https:\/\/liquidmaster.pl\/en\/wp-json\/wp\/v2\/comments?post=1807415"}],"wp:featuredmedia":[{"embeddable":true,"href":"https:\/\/liquidmaster.pl\/en\/wp-json\/wp\/v2\/media\/1848785"}],"wp:attachment":[{"href":"https:\/\/liquidmaster.pl\/en\/wp-json\/wp\/v2\/media?parent=1807415"}],"wp:term":[{"taxonomy":"product_brand","embeddable":true,"href":"https:\/\/liquidmaster.pl\/en\/wp-json\/wp\/v2\/product_brand?post=1807415"},{"taxonomy":"product_cat","embeddable":true,"href":"https:\/\/liquidmaster.pl\/en\/wp-json\/wp\/v2\/product_cat?post=1807415"},{"taxonomy":"product_tag","embeddable":true,"href":"https:\/\/liquidmaster.pl\/en\/wp-json\/wp\/v2\/product_tag?post=1807415"}],"curies":[{"name":"wp","href":"https:\/\/api.w.org\/{rel}","templated":true}]}}