{"id":1807403,"date":"2025-03-28T18:06:54","date_gmt":"2025-03-28T16:06:54","guid":{"rendered":"https:\/\/liquidmaster.pl\/detailing-house-tasma-dechroming-g12-polysk-zestaw-do-dechromingu\/"},"modified":"2026-04-18T04:40:24","modified_gmt":"2026-04-18T02:40:24","slug":"detailing-house-tasma-dechroming-g12-polysk-zestaw-do-dechromingu","status":"publish","type":"product","link":"https:\/\/liquidmaster.pl\/en\/detailing-house-tasma-dechroming-g12-polysk-zestaw-do-dechromingu\/","title":{"rendered":"Detailing House G12 Gloss Dechroming Tape \u2013 dechroming kit"},"content":{"rendered":"<p>Dechroming is a current trend in optical tuning of cars, which involves gluing chrome strips around the windows to obtain the ShadowLine effect, which is an additionally paid option in the configurator of premium vehicles such as Audi and BMW.<\/p>\n<p>3M\u2122 foils:<br \/>\nDechroming tapes are made of the highest quality 3M foil, the absolute leader among materials and foils used to change the appearance of vehicles.<br \/>\nThe use of 3M materials guarantees a great appearance and complete lack of problems in the event of disassembly.<br \/>\nManufacturer&#039;s warranty for properly applied foil for up to 8 years.<\/p>\n<p>Mounting kit:<br \/>\nThe installation kit consists of specialized accessories necessary for the correct application of the tape on the strips, including:<br \/>\nA mini squeegee, a glove, a knife with a segmented blade and a degreaser dedicated to preparing the surface before gluing.<\/p>\n<p>Tape dimensions:<br \/>\n3.5cm wide<br \/>\n5m long<\/p>","protected":false},"excerpt":{"rendered":"<p>Dechroming to aktualny trend w tuningu optycznym samochod\u00f3w polegaj\u0105cy na oklejeniu listw chromowanych wok\u00f3\u0142 szyb uzyskuj\u0105c efekt ShadowLine, kt\u00f3ry jest dodatkowo p\u0142atn\u0105 opcj\u0105 w konfiguratorze pojazd\u00f3w klasy premium takich jak Audi oraz BMW. Folie 3M\u2122: Ta\u015bmy do dechromingu, zosta\u0142y przygotowane z najwy\u017cszej jako\u015bci folii marki 3M, czyli absolutnego lidera w\u015br\u00f3d materia\u0142\u00f3w oraz folii wykorzystywanych do&hellip;&nbsp;<a href=\"https:\/\/liquidmaster.pl\/en\/detailing-house-tasma-dechroming-g12-polysk-zestaw-do-dechromingu\/\" rel=\"bookmark\">Read More \u00bb<span class=\"screen-reader-text\">Detailing House G12 Gloss Dechroming Tape \u2013 dechroming kit<\/span><\/a><\/p>","protected":false},"featured_media":1850426,"comment_status":"open","ping_status":"open","template":"","meta":{"neve_meta_sidebar":"","neve_meta_container":"","neve_meta_enable_content_width":"","neve_meta_content_width":0,"neve_meta_title_alignment":"","neve_meta_author_avatar":"","neve_post_elements_order":"","neve_meta_disable_header":"","neve_meta_disable_footer":"","neve_meta_disable_title":"","_themeisle_gutenberg_block_has_review":false},"product_brand":[],"product_cat":[1111,886,879,896],"product_tag":[286],"class_list":{"0":"post-1807403","1":"product","2":"type-product","3":"status-publish","4":"has-post-thumbnail","6":"product_cat-aplikacja-folii","7":"product_cat-narzedzia-do-oklejania","8":"product_cat-oklejanie","9":"product_cat-rakle-i-filce","10":"product_tag-detailing-house","12":"first","13":"outofstock","14":"taxable","15":"shipping-taxable","16":"purchasable","17":"product-type-simple"},"_links":{"self":[{"href":"https:\/\/liquidmaster.pl\/en\/wp-json\/wp\/v2\/product\/1807403","targetHints":{"allow":["GET"]}}],"collection":[{"href":"https:\/\/liquidmaster.pl\/en\/wp-json\/wp\/v2\/product"}],"about":[{"href":"https:\/\/liquidmaster.pl\/en\/wp-json\/wp\/v2\/types\/product"}],"replies":[{"embeddable":true,"href":"https:\/\/liquidmaster.pl\/en\/wp-json\/wp\/v2\/comments?post=1807403"}],"wp:featuredmedia":[{"embeddable":true,"href":"https:\/\/liquidmaster.pl\/en\/wp-json\/wp\/v2\/media\/1850426"}],"wp:attachment":[{"href":"https:\/\/liquidmaster.pl\/en\/wp-json\/wp\/v2\/media?parent=1807403"}],"wp:term":[{"taxonomy":"product_brand","embeddable":true,"href":"https:\/\/liquidmaster.pl\/en\/wp-json\/wp\/v2\/product_brand?post=1807403"},{"taxonomy":"product_cat","embeddable":true,"href":"https:\/\/liquidmaster.pl\/en\/wp-json\/wp\/v2\/product_cat?post=1807403"},{"taxonomy":"product_tag","embeddable":true,"href":"https:\/\/liquidmaster.pl\/en\/wp-json\/wp\/v2\/product_tag?post=1807403"}],"curies":[{"name":"wp","href":"https:\/\/api.w.org\/{rel}","templated":true}]}}