{"id":1807395,"date":"2025-03-28T18:06:30","date_gmt":"2025-03-28T16:06:30","guid":{"rendered":"https:\/\/liquidmaster.pl\/3m-primer-94-066ml-jednorazowy-podklad-pod-folie\/"},"modified":"2026-04-18T04:40:23","modified_gmt":"2026-04-18T02:40:23","slug":"3m-primer-94-066ml-jednorazowy-podklad-pod-folie","status":"publish","type":"product","link":"https:\/\/liquidmaster.pl\/en\/3m-primer-94-066ml-jednorazowy-podklad-pod-folie\/","title":{"rendered":"3M Primer 94 0.66ml \u2013 disposable foil primer"},"content":{"rendered":"<p>Primer 94 is a product dedicated to increasing the adhesion strength of foil glue. It is used in very sensitive places such as deep grooves or uneven surfaces.<br \/>\nBefore applying the foil, the product should be applied to a degreased, clean surface - wait at least 15 minutes and apply the material.<br \/>\nIt significantly increases the strength of holding the material in the applied place and reduces the risk of the foil &quot;lifting&quot;.<\/p>\n<p>Capacity: 0.66 ml.<br \/>\nSingle-use product<\/p>","protected":false},"excerpt":{"rendered":"<p>Primer 94 to produkt dedykowany do zwi\u0119kszania si\u0142y adhezji kleju folii. Znajduje zastosowanie w bardzo newralgicznych miejscach takich jak: g\u0142\u0119bokie przetoczenia czy nier\u00f3wne powierzchnie. Produkt nale\u017cy na\u0142o\u017cy\u0107 przed aplikacj\u0105 folii na odt\u0142uszczon\u0105, czyst\u0105 powierzchni\u0119 &#8211; odczeka\u0107 min. 15 min i aplikowa\u0107 materia\u0142. W znacz\u0105cy spos\u00f3b zwi\u0119ksza si\u0142\u0119 trzymania materia\u0142u w zaaplikowanym miejscu oraz redukuje ryzyko&hellip;&nbsp;<a href=\"https:\/\/liquidmaster.pl\/en\/3m-primer-94-066ml-jednorazowy-podklad-pod-folie\/\" rel=\"bookmark\">Read More \u00bb<span class=\"screen-reader-text\">3M Primer 94 0.66ml \u2013 disposable foil primer<\/span><\/a><\/p>","protected":false},"featured_media":1850413,"comment_status":"open","ping_status":"open","template":"","meta":{"neve_meta_sidebar":"","neve_meta_container":"","neve_meta_enable_content_width":"","neve_meta_content_width":0,"neve_meta_title_alignment":"","neve_meta_author_avatar":"","neve_post_elements_order":"","neve_meta_disable_header":"","neve_meta_disable_footer":"","neve_meta_disable_title":"","_themeisle_gutenberg_block_has_review":false},"product_brand":[],"product_cat":[757,893,846],"product_tag":[345],"class_list":{"0":"post-1807395","1":"product","2":"type-product","3":"status-publish","4":"has-post-thumbnail","6":"product_cat-akcesoria","7":"product_cat-inne","8":"product_cat-reszta","9":"product_tag-pozostali","11":"first","12":"instock","13":"taxable","14":"shipping-taxable","15":"purchasable","16":"product-type-simple"},"_links":{"self":[{"href":"https:\/\/liquidmaster.pl\/en\/wp-json\/wp\/v2\/product\/1807395","targetHints":{"allow":["GET"]}}],"collection":[{"href":"https:\/\/liquidmaster.pl\/en\/wp-json\/wp\/v2\/product"}],"about":[{"href":"https:\/\/liquidmaster.pl\/en\/wp-json\/wp\/v2\/types\/product"}],"replies":[{"embeddable":true,"href":"https:\/\/liquidmaster.pl\/en\/wp-json\/wp\/v2\/comments?post=1807395"}],"wp:featuredmedia":[{"embeddable":true,"href":"https:\/\/liquidmaster.pl\/en\/wp-json\/wp\/v2\/media\/1850413"}],"wp:attachment":[{"href":"https:\/\/liquidmaster.pl\/en\/wp-json\/wp\/v2\/media?parent=1807395"}],"wp:term":[{"taxonomy":"product_brand","embeddable":true,"href":"https:\/\/liquidmaster.pl\/en\/wp-json\/wp\/v2\/product_brand?post=1807395"},{"taxonomy":"product_cat","embeddable":true,"href":"https:\/\/liquidmaster.pl\/en\/wp-json\/wp\/v2\/product_cat?post=1807395"},{"taxonomy":"product_tag","embeddable":true,"href":"https:\/\/liquidmaster.pl\/en\/wp-json\/wp\/v2\/product_tag?post=1807395"}],"curies":[{"name":"wp","href":"https:\/\/api.w.org\/{rel}","templated":true}]}}