{"id":1807391,"date":"2025-03-28T18:06:30","date_gmt":"2025-03-28T16:06:30","guid":{"rendered":"https:\/\/liquidmaster.pl\/ulty-nano-boost-detailer-ppf-1l-qd-do-folii-ochronnych\/"},"modified":"2026-04-18T04:40:22","modified_gmt":"2026-04-18T02:40:22","slug":"ulty-nano-boost-detailer-ppf-1l-qd-do-folii-ochronnych","status":"publish","type":"product","link":"https:\/\/liquidmaster.pl\/en\/ulty-nano-boost-detailer-ppf-1l-qd-do-folii-ochronnych\/","title":{"rendered":"Ulty Nano Boost Detailer PPF 1L \u2013 qd for protective films"},"content":{"rendered":"<p>Boost is a ready-to-use preparation based on SiO2 particles, which is designed to restore the hydrophobic properties on the foil surface, making it much easier to keep the foil in very good condition, and at the same time creates a protective layer against harmful UV radiation. Boost is intended for all types of car foils, both for color change and PPF protective foil.<\/p>\n<p>How to use:<\/p>\n<ul>\n<li>Impregnate the microfiber with a few sprays<\/li>\n<li>Apply the preparation to the foil<\/li>\n<li>Work the preparation with a microfiber cloth<\/li>\n<li>Wipe off the excess with the second microfiber<\/li>\n<\/ul>\n<p>Note: Do not dilute or apply to a heated surface.<\/p>\n<p>Capacity: 1L<\/p>","protected":false},"excerpt":{"rendered":"<p>Boost to gotowy do u\u017cycia oparty na cz\u0105steczkach SiO2 preparat, kt\u00f3ry ma za zadanie przywr\u00f3ci\u0107 w\u0142a\u015bciwo\u015bci hydrofobowe na powierzchni folii, dzi\u0119ki czemu znacznie \u0142atwiej jest utrzyma\u0107 foli\u0119 w bardzo dobrej kondycji, jednocze\u015bnie tworzy warstw\u0119 ochronn\u0105 przed szkodliwym promieniowaniem UV. Boost przeznaczony jest do wszystkich typ\u00f3w folii samochodowych, zar\u00f3wno do zmiany koloru, jak i do folii&hellip;&nbsp;<a href=\"https:\/\/liquidmaster.pl\/en\/ulty-nano-boost-detailer-ppf-1l-qd-do-folii-ochronnych\/\" rel=\"bookmark\">Read More \u00bb<span class=\"screen-reader-text\">Ulty Nano Boost Detailer PPF 1L \u2013 qd for protective films<\/span><\/a><\/p>","protected":false},"featured_media":1850405,"comment_status":"open","ping_status":"open","template":"","meta":{"neve_meta_sidebar":"","neve_meta_container":"","neve_meta_enable_content_width":"","neve_meta_content_width":0,"neve_meta_title_alignment":"","neve_meta_author_avatar":"","neve_post_elements_order":"","neve_meta_disable_header":"","neve_meta_disable_footer":"","neve_meta_disable_title":"","_themeisle_gutenberg_block_has_review":false},"product_brand":[],"product_cat":[880,879,897],"product_tag":[944],"class_list":{"0":"post-1807391","1":"product","2":"type-product","3":"status-publish","4":"has-post-thumbnail","6":"product_cat-folie-samochodowe","7":"product_cat-oklejanie","8":"product_cat-pielegnacja-folii-ppf-folie-samochodowe","9":"product_tag-ulty-nano","11":"first","12":"instock","13":"taxable","14":"shipping-taxable","15":"purchasable","16":"product-type-simple"},"_links":{"self":[{"href":"https:\/\/liquidmaster.pl\/en\/wp-json\/wp\/v2\/product\/1807391","targetHints":{"allow":["GET"]}}],"collection":[{"href":"https:\/\/liquidmaster.pl\/en\/wp-json\/wp\/v2\/product"}],"about":[{"href":"https:\/\/liquidmaster.pl\/en\/wp-json\/wp\/v2\/types\/product"}],"replies":[{"embeddable":true,"href":"https:\/\/liquidmaster.pl\/en\/wp-json\/wp\/v2\/comments?post=1807391"}],"wp:featuredmedia":[{"embeddable":true,"href":"https:\/\/liquidmaster.pl\/en\/wp-json\/wp\/v2\/media\/1850405"}],"wp:attachment":[{"href":"https:\/\/liquidmaster.pl\/en\/wp-json\/wp\/v2\/media?parent=1807391"}],"wp:term":[{"taxonomy":"product_brand","embeddable":true,"href":"https:\/\/liquidmaster.pl\/en\/wp-json\/wp\/v2\/product_brand?post=1807391"},{"taxonomy":"product_cat","embeddable":true,"href":"https:\/\/liquidmaster.pl\/en\/wp-json\/wp\/v2\/product_cat?post=1807391"},{"taxonomy":"product_tag","embeddable":true,"href":"https:\/\/liquidmaster.pl\/en\/wp-json\/wp\/v2\/product_tag?post=1807391"}],"curies":[{"name":"wp","href":"https:\/\/api.w.org\/{rel}","templated":true}]}}