{"id":1807387,"date":"2025-03-28T18:06:04","date_gmt":"2025-03-28T16:06:04","guid":{"rendered":"https:\/\/liquidmaster.pl\/olfa-sab-10-ostrza-9mm-10-szt\/"},"modified":"2026-04-18T04:40:21","modified_gmt":"2026-04-18T02:40:21","slug":"olfa-sab-10-ostrza-9mm-10-szt","status":"publish","type":"product","link":"https:\/\/liquidmaster.pl\/en\/olfa-sab-10-ostrza-9mm-10-szt\/","title":{"rendered":"Olfa SAB-10 \u2013 9mm blades 10 pcs."},"content":{"rendered":"<p>Universal segment blade with a point angle of 30\u00b0. The changed angle of division of the blade segments allows for very precise cutting, typical of scalpel knives. Thanks to the use of tool steel with increased hardness and precise sharpening, a cutting blade was obtained very easily and accurately and exceptionally durable. Blade thickness 0.38 mm, cutting edge length 74 mm, 7 working segments.<\/p>\n<p>Packaging: 10 pcs.<\/p>","protected":false},"excerpt":{"rendered":"<p>Uniwersalne ostrze segmentowe o k\u0105cie wierzcho\u0142kowym 30\u00b0. Zmieniony k\u0105t podzia\u0142u segment\u00f3w ostrza pozwala na bardzo precyzyjne ci\u0119cie, w spos\u00f3b typowy dla no\u017cy typu skalpel. Dzi\u0119ki zastosowaniu stali narz\u0119dziowej o podwy\u017cszonej twardo\u015bci precyzyjnemu ostrzeniu uzyskano ostrze tn\u0105ce bardzo \u0142atwo i dok\u0142adnie oraz wyj\u0105tkowo trwa\u0142e. Grubo\u015b\u0107 ostrza 0,38 mm, d\u0142ugo\u015b\u0107 kraw\u0119dzi tn\u0105cej 74 mm, 7 segment\u00f3w roboczych.&hellip;&nbsp;<a href=\"https:\/\/liquidmaster.pl\/en\/olfa-sab-10-ostrza-9mm-10-szt\/\" rel=\"bookmark\">Read More \u00bb<span class=\"screen-reader-text\">Olfa SAB-10 \u2013 9mm blades 10 pcs.<\/span><\/a><\/p>","protected":false},"featured_media":1850402,"comment_status":"open","ping_status":"open","template":"","meta":{"neve_meta_sidebar":"","neve_meta_container":"","neve_meta_enable_content_width":"","neve_meta_content_width":0,"neve_meta_title_alignment":"","neve_meta_author_avatar":"","neve_post_elements_order":"","neve_meta_disable_header":"","neve_meta_disable_footer":"","neve_meta_disable_title":"","_themeisle_gutenberg_block_has_review":false},"product_brand":[],"product_cat":[1111,886,887,879],"product_tag":[345],"class_list":{"0":"post-1807387","1":"product","2":"type-product","3":"status-publish","4":"has-post-thumbnail","6":"product_cat-aplikacja-folii","7":"product_cat-narzedzia-do-oklejania","8":"product_cat-noze-i-ostrza","9":"product_cat-oklejanie","10":"product_tag-pozostali","12":"first","13":"outofstock","14":"taxable","15":"shipping-taxable","16":"purchasable","17":"product-type-simple"},"_links":{"self":[{"href":"https:\/\/liquidmaster.pl\/en\/wp-json\/wp\/v2\/product\/1807387","targetHints":{"allow":["GET"]}}],"collection":[{"href":"https:\/\/liquidmaster.pl\/en\/wp-json\/wp\/v2\/product"}],"about":[{"href":"https:\/\/liquidmaster.pl\/en\/wp-json\/wp\/v2\/types\/product"}],"replies":[{"embeddable":true,"href":"https:\/\/liquidmaster.pl\/en\/wp-json\/wp\/v2\/comments?post=1807387"}],"wp:featuredmedia":[{"embeddable":true,"href":"https:\/\/liquidmaster.pl\/en\/wp-json\/wp\/v2\/media\/1850402"}],"wp:attachment":[{"href":"https:\/\/liquidmaster.pl\/en\/wp-json\/wp\/v2\/media?parent=1807387"}],"wp:term":[{"taxonomy":"product_brand","embeddable":true,"href":"https:\/\/liquidmaster.pl\/en\/wp-json\/wp\/v2\/product_brand?post=1807387"},{"taxonomy":"product_cat","embeddable":true,"href":"https:\/\/liquidmaster.pl\/en\/wp-json\/wp\/v2\/product_cat?post=1807387"},{"taxonomy":"product_tag","embeddable":true,"href":"https:\/\/liquidmaster.pl\/en\/wp-json\/wp\/v2\/product_tag?post=1807387"}],"curies":[{"name":"wp","href":"https:\/\/api.w.org\/{rel}","templated":true}]}}