{"id":1807385,"date":"2025-03-28T18:06:04","date_gmt":"2025-03-28T16:06:04","guid":{"rendered":"https:\/\/liquidmaster.pl\/honey-nowik-set\/"},"modified":"2026-04-18T04:40:21","modified_gmt":"2026-04-18T02:40:21","slug":"honey-nowik-set","status":"publish","type":"product","link":"https:\/\/liquidmaster.pl\/en\/honey-nowik-set\/","title":{"rendered":"Honey Nowik Set"},"content":{"rendered":"<p>NOWIK SET by HoneyCOMBination is a set of polishing pastes and pads that I and the MX Nowicki team use most often. Two pastes and three pads will allow you to polish almost all varnishes. The set was created for beginner enthusiasts who do not know what to choose when seeing so many products in the store. Ten Set is also a proposition for experienced people who are looking for new solutions among Honey products.<\/p>\n<p>\u00a0<\/p>\n<p>The set includes:<\/p>\n<ul>\n<li>Honey Cutting Compound 1 \u2013 highly abrasive polishing paste<\/li>\n<li>Honey Polishing Compound 2 \u2013 polishing paste with medium abrasiveness for one-step refreshing and finishing of most varnishes<\/li>\n<li>Honey Beast 135mm \u2013 the most aggressive pad in the Honey range for use on Dual Action machines<\/li>\n<li>Honey 2Face Fiber 135mm \u2013 a microfiber pad that can be used for pre-polishing less damaged paints or those with soft or medium hardness. With hard varnishes, it can also be used for one step.<\/li>\n<li>Honey R-DA yellow closed-cell sponge \u2013 intended for finishing all varnishes. It gives the best results even on very soft and problematic varnishes. It can also be used for One Step on varnishes where 2Face Fiber is too aggressive.<\/li>\n<\/ul>","protected":false},"excerpt":{"rendered":"<p>NOWIK SET by HoneyCOMBination to zestaw past i pad\u00f3w polerskich po kt\u00f3re Ja, jak i ekipa MX Nowicki si\u0119ga najcz\u0119\u015bciej. Dwie pasty i trzy pady pozwol\u0105 wypolerowa\u0107 niemal wszystkie lakiery. Zestaw zosta\u0142 stworzony z my\u015bl\u0105 o pocz\u0105tkuj\u0105cych entuzjastach, kt\u00f3rzy nie wiedz\u0105 co wybra\u0107, widz\u0105c tak du\u017c\u0105 ilo\u015b\u0107 produkt\u00f3w w sklepie. Ten Set, to r\u00f3wnie\u017c propozycja&hellip;&nbsp;<a href=\"https:\/\/liquidmaster.pl\/en\/honey-nowik-set\/\" rel=\"bookmark\">Read More \u00bb<span class=\"screen-reader-text\">Honey Nowik Set<\/span><\/a><\/p>","protected":false},"featured_media":1850399,"comment_status":"open","ping_status":"open","template":"","meta":{"neve_meta_sidebar":"","neve_meta_container":"","neve_meta_enable_content_width":"","neve_meta_content_width":0,"neve_meta_title_alignment":"","neve_meta_author_avatar":"","neve_post_elements_order":"","neve_meta_disable_header":"","neve_meta_disable_footer":"","neve_meta_disable_title":"","_themeisle_gutenberg_block_has_review":false},"product_brand":[],"product_cat":[733,816,768,829],"product_tag":[304],"class_list":{"0":"post-1807385","1":"product","2":"type-product","3":"status-publish","4":"has-post-thumbnail","6":"product_cat-na-zewnatrz","7":"product_cat-tapicerka-skorzana","8":"product_cat-wnetrze-auta","9":"product_cat-zestawy","10":"product_tag-honey","12":"first","13":"outofstock","14":"sale","15":"taxable","16":"shipping-taxable","17":"purchasable","18":"product-type-simple"},"_links":{"self":[{"href":"https:\/\/liquidmaster.pl\/en\/wp-json\/wp\/v2\/product\/1807385","targetHints":{"allow":["GET"]}}],"collection":[{"href":"https:\/\/liquidmaster.pl\/en\/wp-json\/wp\/v2\/product"}],"about":[{"href":"https:\/\/liquidmaster.pl\/en\/wp-json\/wp\/v2\/types\/product"}],"replies":[{"embeddable":true,"href":"https:\/\/liquidmaster.pl\/en\/wp-json\/wp\/v2\/comments?post=1807385"}],"wp:featuredmedia":[{"embeddable":true,"href":"https:\/\/liquidmaster.pl\/en\/wp-json\/wp\/v2\/media\/1850399"}],"wp:attachment":[{"href":"https:\/\/liquidmaster.pl\/en\/wp-json\/wp\/v2\/media?parent=1807385"}],"wp:term":[{"taxonomy":"product_brand","embeddable":true,"href":"https:\/\/liquidmaster.pl\/en\/wp-json\/wp\/v2\/product_brand?post=1807385"},{"taxonomy":"product_cat","embeddable":true,"href":"https:\/\/liquidmaster.pl\/en\/wp-json\/wp\/v2\/product_cat?post=1807385"},{"taxonomy":"product_tag","embeddable":true,"href":"https:\/\/liquidmaster.pl\/en\/wp-json\/wp\/v2\/product_tag?post=1807385"}],"curies":[{"name":"wp","href":"https:\/\/api.w.org\/{rel}","templated":true}]}}