{"id":1807382,"date":"2025-03-28T18:06:04","date_gmt":"2025-03-28T16:06:04","guid":{"rendered":"https:\/\/liquidmaster.pl\/gyeon-q2-rim-evo-30ml-powloka-do-felg\/"},"modified":"2026-04-18T04:40:20","modified_gmt":"2026-04-18T02:40:20","slug":"gyeon-q2-rim-evo-30ml-powloka-do-felg","status":"publish","type":"product","link":"https:\/\/liquidmaster.pl\/en\/gyeon-q2-rim-evo-30ml-powloka-do-felg\/","title":{"rendered":"Gyeon Q2 Rim EVO 30ml \u2013 rim coating"},"content":{"rendered":"<p>There are many types of rims on the market, for example wet-coated, powder-coated, anodized or polished. Q\u00b2 Rim is the right product to secure every wheel. Even owners of rims with a polished edge notice that the need to refresh their mirror effect is much less frequent.<\/p>\n<p>Temperature resistant<\/p>\n<p>Wheels, just like the engine compartment or exhaust system, are elements exposed to very high temperatures. Q\u00b2 Rim is fully resistant to temperatures exceeding 800\u00baC. The fact that it is a product dedicated exclusively to rims is an advantage that introduces a new quality in the field of rim protection.<\/p>\n<p>\nHigh self-cleaning ability<\/p>\n<p>Similar to other SiO\u2082-based true protective coatings, Q\u00b2 Rim offers excellent self-cleaning properties. Reduces the time needed to keep rims clean, even those with very complex shapes. It also prevents excess brake pad dust from accumulating on the wheel surfaces thanks to the possibility of cleaning with water under pressure. Additionally, using a pH-neutral rim cleaning product will make the cleaning process child&#039;s play. Q\u00b2 Rim, unlike other wheel protection, is also resistant to more aggressive detergents.<\/p>\n<p>Capacity: 30 ml<\/p>\n<p>\u00a0<\/p>","protected":false},"excerpt":{"rendered":"<p>Na rynku jest wiele typ\u00f3w felg, na przyk\u0142ad lakierowane na mokro, proszkowo, anodowane czy polerowane. Q\u00b2 Rim jest odpowiednim produktem do zabezpieczenia ka\u017cdego ko\u0142a. Nawet posiadacze obr\u0119czy z polerowanym rantem obserwuj\u0105, \u017ce konieczno\u015b\u0107 od\u015bwie\u017cania ich lustrzanego efektu jest zdecydowanie rzadsza. Odporna na temperatur\u0119 Ko\u0142a, podobnie jak komora silnika czy uk\u0142ad wydechowy, s\u0105 elementami nara\u017conymi na&hellip;&nbsp;<a href=\"https:\/\/liquidmaster.pl\/en\/gyeon-q2-rim-evo-30ml-powloka-do-felg\/\" rel=\"bookmark\">Read More \u00bb<span class=\"screen-reader-text\">Gyeon Q2 Rim EVO 30ml \u2013 rim coating<\/span><\/a><\/p>","protected":false},"featured_media":1850396,"comment_status":"open","ping_status":"open","template":"","meta":{"neve_meta_sidebar":"","neve_meta_container":"","neve_meta_enable_content_width":"","neve_meta_content_width":0,"neve_meta_title_alignment":"","neve_meta_author_avatar":"","neve_post_elements_order":"","neve_meta_disable_header":"","neve_meta_disable_footer":"","neve_meta_disable_title":"","_themeisle_gutenberg_block_has_review":false},"product_brand":[],"product_cat":[745,733,776],"product_tag":[302],"class_list":{"0":"post-1807382","1":"product","2":"type-product","3":"status-publish","4":"has-post-thumbnail","6":"product_cat-kola-i-opony","7":"product_cat-na-zewnatrz","8":"product_cat-zabezpieczanie-felg","9":"product_tag-gyeon","11":"first","12":"instock","13":"taxable","14":"shipping-taxable","15":"purchasable","16":"product-type-simple"},"_links":{"self":[{"href":"https:\/\/liquidmaster.pl\/en\/wp-json\/wp\/v2\/product\/1807382","targetHints":{"allow":["GET"]}}],"collection":[{"href":"https:\/\/liquidmaster.pl\/en\/wp-json\/wp\/v2\/product"}],"about":[{"href":"https:\/\/liquidmaster.pl\/en\/wp-json\/wp\/v2\/types\/product"}],"replies":[{"embeddable":true,"href":"https:\/\/liquidmaster.pl\/en\/wp-json\/wp\/v2\/comments?post=1807382"}],"wp:featuredmedia":[{"embeddable":true,"href":"https:\/\/liquidmaster.pl\/en\/wp-json\/wp\/v2\/media\/1850396"}],"wp:attachment":[{"href":"https:\/\/liquidmaster.pl\/en\/wp-json\/wp\/v2\/media?parent=1807382"}],"wp:term":[{"taxonomy":"product_brand","embeddable":true,"href":"https:\/\/liquidmaster.pl\/en\/wp-json\/wp\/v2\/product_brand?post=1807382"},{"taxonomy":"product_cat","embeddable":true,"href":"https:\/\/liquidmaster.pl\/en\/wp-json\/wp\/v2\/product_cat?post=1807382"},{"taxonomy":"product_tag","embeddable":true,"href":"https:\/\/liquidmaster.pl\/en\/wp-json\/wp\/v2\/product_tag?post=1807382"}],"curies":[{"name":"wp","href":"https:\/\/api.w.org\/{rel}","templated":true}]}}