{"id":1807373,"date":"2025-03-28T18:04:53","date_gmt":"2025-03-28T16:04:53","guid":{"rendered":"https:\/\/liquidmaster.pl\/gyeon-q2m-iron-wheelcleaner-redefined-1l-srodek-do-czyszczenia-kol-deironizer\/"},"modified":"2026-04-20T08:20:27","modified_gmt":"2026-04-20T06:20:27","slug":"gyeon-q2m-iron-wheelcleaner-redefined-1l-srodek-do-czyszczenia-kol-deironizer","status":"publish","type":"product","link":"https:\/\/liquidmaster.pl\/en\/gyeon-q2m-iron-wheelcleaner-redefined-1l-srodek-do-czyszczenia-kol-deironizer\/","title":{"rendered":"GYEON Q2M Iron WheelCleaner Redefined 1L \u2013 wheel cleaner, deironizer"},"content":{"rendered":"<p>Q\u00b2M Iron WheelCleaner Redefined is a cleaning agent with a gel consistency that adheres perfectly to the surface, effectively removing dirt, brake dust and contaminants. The &quot;IRON&quot; in its name means excellent ability to remove iron deposits while maintaining the character of a typical wheel cleaner. This is a powerful cleaner that is safe for all types of rims and finishes, both protected and unsealed. Its formula makes it an ideal solution for cleaning and maintaining wheels without the risk of damaging their finish.<\/p>\n<p>Capacity: 1L<\/p>\n<p>\u00a0<\/p>","protected":false},"excerpt":{"rendered":"<p>Q\u00b2M Iron WheelCleaner Redefined to \u015brodek czyszcz\u0105cy o \u017celowej konsystencji, kt\u00f3ry doskonale przylega do powierzchni, skutecznie usuwaj\u0105c brud, py\u0142 hamulcowy i zanieczyszczenia. &#8222;IRON&#8221; w jego nazwie oznacza doskona\u0142\u0105 zdolno\u015b\u0107 do usuwania osad\u00f3w \u017celaznych, zachowuj\u0105c jednocze\u015bnie charakter typowego \u015brodka do czyszczenia k\u00f3\u0142. Jest to silny \u015brodek czyszcz\u0105cy, bezpieczny dla wszystkich rodzaj\u00f3w felg i wyko\u0144cze\u0144, zar\u00f3wno zabezpieczonych,&hellip;&nbsp;<a href=\"https:\/\/liquidmaster.pl\/en\/gyeon-q2m-iron-wheelcleaner-redefined-1l-srodek-do-czyszczenia-kol-deironizer\/\" rel=\"bookmark\">Read More \u00bb<span class=\"screen-reader-text\">GYEON Q2M Iron WheelCleaner Redefined 1L \u2013 wheel cleaner, deironizer<\/span><\/a><\/p>","protected":false},"featured_media":1850377,"comment_status":"open","ping_status":"open","template":"","meta":{"neve_meta_sidebar":"","neve_meta_container":"","neve_meta_enable_content_width":"","neve_meta_content_width":0,"neve_meta_title_alignment":"","neve_meta_author_avatar":"","neve_post_elements_order":"","neve_meta_disable_header":"","neve_meta_disable_footer":"","neve_meta_disable_title":"","_themeisle_gutenberg_block_has_review":false},"product_brand":[],"product_cat":[746,745,733],"product_tag":[302],"class_list":{"0":"post-1807373","1":"product","2":"type-product","3":"status-publish","4":"has-post-thumbnail","6":"product_cat-czyszczenie-felg","7":"product_cat-kola-i-opony","8":"product_cat-na-zewnatrz","9":"product_tag-gyeon","11":"first","12":"instock","13":"taxable","14":"shipping-taxable","15":"purchasable","16":"product-type-simple"},"_links":{"self":[{"href":"https:\/\/liquidmaster.pl\/en\/wp-json\/wp\/v2\/product\/1807373","targetHints":{"allow":["GET"]}}],"collection":[{"href":"https:\/\/liquidmaster.pl\/en\/wp-json\/wp\/v2\/product"}],"about":[{"href":"https:\/\/liquidmaster.pl\/en\/wp-json\/wp\/v2\/types\/product"}],"replies":[{"embeddable":true,"href":"https:\/\/liquidmaster.pl\/en\/wp-json\/wp\/v2\/comments?post=1807373"}],"wp:featuredmedia":[{"embeddable":true,"href":"https:\/\/liquidmaster.pl\/en\/wp-json\/wp\/v2\/media\/1850377"}],"wp:attachment":[{"href":"https:\/\/liquidmaster.pl\/en\/wp-json\/wp\/v2\/media?parent=1807373"}],"wp:term":[{"taxonomy":"product_brand","embeddable":true,"href":"https:\/\/liquidmaster.pl\/en\/wp-json\/wp\/v2\/product_brand?post=1807373"},{"taxonomy":"product_cat","embeddable":true,"href":"https:\/\/liquidmaster.pl\/en\/wp-json\/wp\/v2\/product_cat?post=1807373"},{"taxonomy":"product_tag","embeddable":true,"href":"https:\/\/liquidmaster.pl\/en\/wp-json\/wp\/v2\/product_tag?post=1807373"}],"curies":[{"name":"wp","href":"https:\/\/api.w.org\/{rel}","templated":true}]}}