{"id":1807367,"date":"2025-03-28T18:04:30","date_gmt":"2025-03-28T16:04:30","guid":{"rendered":"https:\/\/liquidmaster.pl\/gyeon-q2-leathershield-evo-50ml-powloka-ceramiczna-do-skory\/"},"modified":"2026-04-18T04:40:18","modified_gmt":"2026-04-18T02:40:18","slug":"gyeon-q2-leathershield-evo-50ml-powloka-ceramiczna-do-skory","status":"publish","type":"product","link":"https:\/\/liquidmaster.pl\/en\/gyeon-q2-leathershield-evo-50ml-powloka-ceramiczna-do-skory\/","title":{"rendered":"Gyeon Q2 LeatherShield EVO 50ml \u2013 ceramic coating for leather"},"content":{"rendered":"<p>A unique ceramic coating specially developed for car leather. Q\u00b2 LeatherShield EVO is suitable for any modern leather upholstery - it is very easy to apply and does not change the look or feel of the upholstery.<br \/>\nCreates a protective layer that repels dirt, prevents discoloration and protects against liquids and UV rays.<\/p>\n<p>Protects all skin types<\/p>\n<p>Q\u00b2 LeatherShield EVO is an advanced and improved SiO2-based formula, specially developed for all modern types of leather upholstery in cars. Provides excellent protection against dirt, UV rays and everyday wear and tear. Q\u00b2 LeatherShield EVO is now incredibly easy to apply, requiring only one coat. It has been designed and tested on all modern skin types, providing great protection without changing the feel or color, leaving a fully matte finish. Q\u00b2 LeatherShield EVO does not stiffen the leather, does not clog pores or make it more slippery, maintaining regular comfort of use. Do not use on open, aniline or semi-aniline leather. For such surfaces, use Q\u00b2 LeatherCoat REDFINED.<\/p>\n<p>Capacity: 50 ml<\/p>\n<p>\u00a0<\/p>","protected":false},"excerpt":{"rendered":"<p>Unikalna pow\u0142oka ceramiczna specjalnie opracowana do sk\u00f3r samochodowych. Q\u00b2 LeatherShield EVO nadaje si\u0119 do ka\u017cdej nowoczesnej tapicerki sk\u00f3rzanej \u2013 jest bardzo \u0142atwa do na\u0142o\u017cenia i nie zmienia wygl\u0105du ani odczucia tapicerki. Tworzy warstw\u0119 ochronn\u0105, kt\u00f3ra odpycha brud, zapobiega odbarwieniom i chroni przed p\u0142ynami oraz promieniami UV. Chroni ka\u017cdy rodzaj sk\u00f3ry Q\u00b2 LeatherShield EVO to zaawansowana&hellip;&nbsp;<a href=\"https:\/\/liquidmaster.pl\/en\/gyeon-q2-leathershield-evo-50ml-powloka-ceramiczna-do-skory\/\" rel=\"bookmark\">Read More \u00bb<span class=\"screen-reader-text\">Gyeon Q2 LeatherShield EVO 50ml \u2013 ceramic coating for leather<\/span><\/a><\/p>","protected":false},"featured_media":1850373,"comment_status":"open","ping_status":"open","template":"","meta":{"neve_meta_sidebar":"","neve_meta_container":"","neve_meta_enable_content_width":"","neve_meta_content_width":0,"neve_meta_title_alignment":"","neve_meta_author_avatar":"","neve_post_elements_order":"","neve_meta_disable_header":"","neve_meta_disable_footer":"","neve_meta_disable_title":"","_themeisle_gutenberg_block_has_review":false},"product_brand":[],"product_cat":[833,816,768],"product_tag":[302],"class_list":{"0":"post-1807367","1":"product","2":"type-product","3":"status-publish","4":"has-post-thumbnail","6":"product_cat-ochrona-skory","7":"product_cat-tapicerka-skorzana","8":"product_cat-wnetrze-auta","9":"product_tag-gyeon","11":"first","12":"instock","13":"taxable","14":"shipping-taxable","15":"purchasable","16":"product-type-simple"},"_links":{"self":[{"href":"https:\/\/liquidmaster.pl\/en\/wp-json\/wp\/v2\/product\/1807367","targetHints":{"allow":["GET"]}}],"collection":[{"href":"https:\/\/liquidmaster.pl\/en\/wp-json\/wp\/v2\/product"}],"about":[{"href":"https:\/\/liquidmaster.pl\/en\/wp-json\/wp\/v2\/types\/product"}],"replies":[{"embeddable":true,"href":"https:\/\/liquidmaster.pl\/en\/wp-json\/wp\/v2\/comments?post=1807367"}],"wp:featuredmedia":[{"embeddable":true,"href":"https:\/\/liquidmaster.pl\/en\/wp-json\/wp\/v2\/media\/1850373"}],"wp:attachment":[{"href":"https:\/\/liquidmaster.pl\/en\/wp-json\/wp\/v2\/media?parent=1807367"}],"wp:term":[{"taxonomy":"product_brand","embeddable":true,"href":"https:\/\/liquidmaster.pl\/en\/wp-json\/wp\/v2\/product_brand?post=1807367"},{"taxonomy":"product_cat","embeddable":true,"href":"https:\/\/liquidmaster.pl\/en\/wp-json\/wp\/v2\/product_cat?post=1807367"},{"taxonomy":"product_tag","embeddable":true,"href":"https:\/\/liquidmaster.pl\/en\/wp-json\/wp\/v2\/product_tag?post=1807367"}],"curies":[{"name":"wp","href":"https:\/\/api.w.org\/{rel}","templated":true}]}}