{"id":1807361,"date":"2025-03-28T18:04:05","date_gmt":"2025-03-28T16:04:05","guid":{"rendered":"https:\/\/liquidmaster.pl\/gyeon-q2-leathercoat-redefined-500ml-produkt-do-zabezpieczenia-tapicerki-skorzanej\/"},"modified":"2026-04-18T04:40:17","modified_gmt":"2026-04-18T02:40:17","slug":"gyeon-q2-leathercoat-redefined-500ml-produkt-do-zabezpieczenia-tapicerki-skorzanej","status":"publish","type":"product","link":"https:\/\/liquidmaster.pl\/en\/gyeon-q2-leathercoat-redefined-500ml-produkt-do-zabezpieczenia-tapicerki-skorzanej\/","title":{"rendered":"Gyeon Q2 LeatherCoat Redefined 500ml \u2013 a product for protecting leather upholstery"},"content":{"rendered":"<p>Q\u00b2 LeatherCoat Redefined is very easy to use; it only requires proper cleansing of the skin before application to ensure good adhesion; then simply apply it to a soft microfiber cloth or applicator and spread it evenly in a thin layer. With a durability of up to 3 months, it provides protection against liquids, sweat and dirt, as well as against light dyeing from jeans and clothing that can discolor and contaminate the skin.<\/p>\n<p>Exceptional protection with a matte finish<\/p>\n<p>Just one layer of Q\u00b2 LeatherCoat Redefined provides a high level of protection because the coating is hydrophobic and repels both liquids and dirt. It also provides strong protection against UV rays, which helps keep colors fresh for a long time, even in hot and sunny conditions. Q\u00b2 LeatherCoat Redefined protects the leather against dirt, sweat, salt and grease. Its hydrophobic properties and strong bond to the surface help protect against pollutants that can penetrate the skin&#039;s structure. Since most modern car leather interiors come with a factory matte finish, we made sure that Q\u00b2 LeatherCoat leaves an invisible layer that does not affect the look or feel of the soft leather upholstery. It simply covers the skin to keep it looking as good as the day you bought it.<\/p>\n<p>Capacity: 500 ml<\/p>","protected":false},"excerpt":{"rendered":"<p>Q\u00b2 LeatherCoat Redefined jest bardzo \u0142atwy w u\u017cyciu; wymaga jedynie odpowiedniego oczyszczenia sk\u00f3ry przed aplikacj\u0105, aby zapewni\u0107 dobr\u0105 przyczepno\u015b\u0107; nast\u0119pnie wystarczy nanie\u015b\u0107 go na mi\u0119kk\u0105 \u015bciereczk\u0119 z mikrofibry lub aplikator i r\u00f3wnomiernie rozprowadzi\u0107 cienk\u0105 warstw\u0105. Dzi\u0119ki trwa\u0142o\u015bci do 3 miesi\u0119cy zapewnia ochron\u0119 przed p\u0142ynami, potem i brudem oraz przed lekkim farbowaniem od d\u017cins\u00f3w i odzie\u017cy,&hellip;&nbsp;<a href=\"https:\/\/liquidmaster.pl\/en\/gyeon-q2-leathercoat-redefined-500ml-produkt-do-zabezpieczenia-tapicerki-skorzanej\/\" rel=\"bookmark\">Read More \u00bb<span class=\"screen-reader-text\">Gyeon Q2 LeatherCoat Redefined 500ml \u2013 a product for protecting leather upholstery<\/span><\/a><\/p>","protected":false},"featured_media":1850363,"comment_status":"open","ping_status":"open","template":"","meta":{"neve_meta_sidebar":"","neve_meta_container":"","neve_meta_enable_content_width":"","neve_meta_content_width":0,"neve_meta_title_alignment":"","neve_meta_author_avatar":"","neve_post_elements_order":"","neve_meta_disable_header":"","neve_meta_disable_footer":"","neve_meta_disable_title":"","_themeisle_gutenberg_block_has_review":false},"product_brand":[],"product_cat":[833,816,768],"product_tag":[302],"class_list":{"0":"post-1807361","1":"product","2":"type-product","3":"status-publish","4":"has-post-thumbnail","6":"product_cat-ochrona-skory","7":"product_cat-tapicerka-skorzana","8":"product_cat-wnetrze-auta","9":"product_tag-gyeon","11":"first","12":"instock","13":"taxable","14":"shipping-taxable","15":"purchasable","16":"product-type-simple"},"_links":{"self":[{"href":"https:\/\/liquidmaster.pl\/en\/wp-json\/wp\/v2\/product\/1807361","targetHints":{"allow":["GET"]}}],"collection":[{"href":"https:\/\/liquidmaster.pl\/en\/wp-json\/wp\/v2\/product"}],"about":[{"href":"https:\/\/liquidmaster.pl\/en\/wp-json\/wp\/v2\/types\/product"}],"replies":[{"embeddable":true,"href":"https:\/\/liquidmaster.pl\/en\/wp-json\/wp\/v2\/comments?post=1807361"}],"wp:featuredmedia":[{"embeddable":true,"href":"https:\/\/liquidmaster.pl\/en\/wp-json\/wp\/v2\/media\/1850363"}],"wp:attachment":[{"href":"https:\/\/liquidmaster.pl\/en\/wp-json\/wp\/v2\/media?parent=1807361"}],"wp:term":[{"taxonomy":"product_brand","embeddable":true,"href":"https:\/\/liquidmaster.pl\/en\/wp-json\/wp\/v2\/product_brand?post=1807361"},{"taxonomy":"product_cat","embeddable":true,"href":"https:\/\/liquidmaster.pl\/en\/wp-json\/wp\/v2\/product_cat?post=1807361"},{"taxonomy":"product_tag","embeddable":true,"href":"https:\/\/liquidmaster.pl\/en\/wp-json\/wp\/v2\/product_tag?post=1807361"}],"curies":[{"name":"wp","href":"https:\/\/api.w.org\/{rel}","templated":true}]}}