{"id":1807351,"date":"2025-03-28T18:02:55","date_gmt":"2025-03-28T16:02:55","guid":{"rendered":"https:\/\/liquidmaster.pl\/ulty-nano-ppf-black-gloss-200%c2%b5m-1m2-folia-ochronna\/"},"modified":"2026-04-18T04:40:16","modified_gmt":"2026-04-18T02:40:16","slug":"ulty-nano-ppf-black-gloss-200%c2%b5m-1m2-folia-ochronna","status":"publish","type":"product","link":"https:\/\/liquidmaster.pl\/en\/ulty-nano-ppf-black-gloss-200m-1m2-folia-ochronna\/","title":{"rendered":"Ulty Nano PPF BLACK GLOSS 200\u00b5m 1m2 \u2013 protective foil"},"content":{"rendered":"<p>Nano Gloss Black made of aliphatic TPU polyurethane, 200 microns thick, is characterized by incredible resistance to scratches, stone impacts, wear resistance, as well as incredible resistance to chemicals and UV radiation. Thanks to the enriched formula, the Nano Gloss Black foil also has hydrophobic properties and, most importantly, the ability to self-regenerate under the influence of heat. Moreover, the Nano Gloss Black foil does not have the so-called &quot;orange peel&quot; which allows you to achieve a perfect mirror effect combined with a black surface finish.<\/p>\n<p>Size<\/p>\n<p>Model: Nano GLOSS BLACK<br \/>\nRoll width: 1520 mm<br \/>\nLength: 660 mm<\/p>\n<p>Characteristics<\/p>\n<p>Material: TPU<br \/>\nSurface finish: gloss black<br \/>\nThickness: 200 \u03bcm +\/- 10%<br \/>\nThickness of the top layer (Top Coat): 13 \u03bcm<br \/>\nBasic foil thickness: 162 \u03bcm<br \/>\nAdhesive layer thickness: 25 \u03bcm<br \/>\nLiner thickness: 75 \u03bcm<br \/>\nMaximum temperature: \u2a7e 110\u00b0C<br \/>\nElongation at break: \u2a7e 200%<br \/>\nStrength of the top layer (Top Coat): 75 n\/cm<br \/>\nTensile strength: 380 kg\/cm<\/p>\n<p>Guarantee<\/p>\n<p>Warranty: 5 years<br \/>\nWarranty coverage: yellowing, cracking, blistering, delamination<\/p>\n<p>Price for: 1 m2<\/p>","protected":false},"excerpt":{"rendered":"<p>Nano Gloss Black wykonana z alifatycznego poliuretanu TPU, o grubo\u015bci 200 mikron\u00f3w charakteryzuje si\u0119 niebywa\u0142\u0105 odporno\u015bci\u0105 na zarysowania, uderzenia kamieni, odporno\u015bci\u0105 na zu\u017cycie, a tak\u017ce niebywa\u0142\u0105 odporno\u015bci\u0105 na chemi\u0119 oraz promieniowanie UV. Dzi\u0119ki wzbogaconej formule, folia Nano Gloss Black posiada tak\u017ce w\u0142a\u015bciwo\u015bci Hydrofobowe a co najwa\u017cniejsze zdolno\u015b\u0107 do samo regeneracji pod wp\u0142ywem ciep\u0142a, ponadto folia&hellip;&nbsp;<a href=\"https:\/\/liquidmaster.pl\/en\/ulty-nano-ppf-black-gloss-200m-1m2-folia-ochronna\/\" rel=\"bookmark\">Read More \u00bb<span class=\"screen-reader-text\">Ulty Nano PPF BLACK GLOSS 200\u00b5m 1m2 \u2013 protective foil<\/span><\/a><\/p>","protected":false},"featured_media":1850352,"comment_status":"open","ping_status":"open","template":"","meta":{"neve_meta_sidebar":"","neve_meta_container":"","neve_meta_enable_content_width":"","neve_meta_content_width":0,"neve_meta_title_alignment":"","neve_meta_author_avatar":"","neve_post_elements_order":"","neve_meta_disable_header":"","neve_meta_disable_footer":"","neve_meta_disable_title":"","_themeisle_gutenberg_block_has_review":false},"product_brand":[],"product_cat":[880,943,879],"product_tag":[944],"class_list":{"0":"post-1807351","1":"product","2":"type-product","3":"status-publish","4":"has-post-thumbnail","6":"product_cat-folie-samochodowe","7":"product_cat-ochronne-ppf","8":"product_cat-oklejanie","9":"product_tag-ulty-nano","11":"first","12":"outofstock","13":"taxable","14":"shipping-taxable","15":"purchasable","16":"product-type-simple"},"_links":{"self":[{"href":"https:\/\/liquidmaster.pl\/en\/wp-json\/wp\/v2\/product\/1807351","targetHints":{"allow":["GET"]}}],"collection":[{"href":"https:\/\/liquidmaster.pl\/en\/wp-json\/wp\/v2\/product"}],"about":[{"href":"https:\/\/liquidmaster.pl\/en\/wp-json\/wp\/v2\/types\/product"}],"replies":[{"embeddable":true,"href":"https:\/\/liquidmaster.pl\/en\/wp-json\/wp\/v2\/comments?post=1807351"}],"wp:featuredmedia":[{"embeddable":true,"href":"https:\/\/liquidmaster.pl\/en\/wp-json\/wp\/v2\/media\/1850352"}],"wp:attachment":[{"href":"https:\/\/liquidmaster.pl\/en\/wp-json\/wp\/v2\/media?parent=1807351"}],"wp:term":[{"taxonomy":"product_brand","embeddable":true,"href":"https:\/\/liquidmaster.pl\/en\/wp-json\/wp\/v2\/product_brand?post=1807351"},{"taxonomy":"product_cat","embeddable":true,"href":"https:\/\/liquidmaster.pl\/en\/wp-json\/wp\/v2\/product_cat?post=1807351"},{"taxonomy":"product_tag","embeddable":true,"href":"https:\/\/liquidmaster.pl\/en\/wp-json\/wp\/v2\/product_tag?post=1807351"}],"curies":[{"name":"wp","href":"https:\/\/api.w.org\/{rel}","templated":true}]}}