{"id":1807349,"date":"2025-03-28T18:02:55","date_gmt":"2025-03-28T16:02:55","guid":{"rendered":"https:\/\/liquidmaster.pl\/nexptg-pro-carbon-pl-miernik-grubosci-lakieru\/"},"modified":"2026-04-20T08:20:23","modified_gmt":"2026-04-20T06:20:23","slug":"nexptg-pro-carbon-pl-miernik-grubosci-lakieru","status":"publish","type":"product","link":"https:\/\/liquidmaster.pl\/en\/nexptg-pro-carbon-pl-miernik-grubosci-lakieru\/","title":{"rendered":"NexPTG PRO Carbon PL \u2013 paint thickness gauge"},"content":{"rendered":"<p>NexPTG PRO Carbon is the premiere model of NexPTG meters. An exceptionally intuitive and modern device for measuring vehicle paintwork. Combined with a dedicated application for Smartwatches, it provides possibilities unavailable in other devices of this type on the market.<\/p>\n<p>PRO Carbon is the newest model and has the largest number of functionalities and innovative features not available in other models. The meter is intended for professionals in the automotive industry. Additionally, the PRO Carbon meter has a number of options that will help the user examine the vehicle more efficiently and effectively.<\/p>\n<p>NexPTG PRO Carbon includes a dedicated report that allows you to present data in a more accessible way. All measurements are placed in tables and compared with each other using a symmetrical measurement table. Both external and internal elements can be measured. The measurement set function allows you to freely adjust the location of the measured points.<\/p>\n<p>The latest features include:<\/p>\n<ul>\n<li>new standard car bodies<\/li>\n<li>extended individual interpretation<\/li>\n<li>dedicated car bodies<\/li>\n<li>voice command control<\/li>\n<li>new layout<\/li>\n<li>QR, EAN, OCR reader<\/li>\n<li>smartwatch applications<\/li>\n<\/ul>\n<p>The only application of this type available on the market.<\/p>\n<p>Professional software<\/p>\n<p>NexPTG has a dedicated application. You can install it on any mobile device with iOS or Android. A dedicated application will allow you to examine the paint coating with unprecedented accuracy and precision. The NexPTG PRO Carbon model has a dedicated application available on watches with Wear OS and WatchOS. The application works only with PRO Carbon devices.<\/p>\n<p>\nThe application enables:<\/p>\n<ul>\n<li>automatic search and connection to the NexPTG device<\/li>\n<li>indication of measurement values, ground detection, measurement interpretation<\/li>\n<li>creating a short history of measurements and viewing it<\/li>\n<li>insight into measurement statistics<\/li>\n<li>calibration of the NexPTG device<\/li>\n<\/ul>\n<p>The application can be downloaded on Google Play, Huawei App Gallery and App Store.<\/p>","protected":false},"excerpt":{"rendered":"<p>NexPTG PRO Carbon to premierowy model z miernik\u00f3w marki NexPTG. Wyj\u0105tkowo intuicyjne i nowoczesne urz\u0105dzenie do pomiaru pow\u0142oki lakierniczej pojazdu. W po\u0142\u0105czeniu z dedykowan\u0105 aplikacj\u0105 na Smartwatche dostarcza mo\u017cliwo\u015bci niedost\u0119pne w innych tego typu urz\u0105dzeniach na rynku. PRO Carbon jest najnowszym modelem i posiada najwi\u0119ksz\u0105 ilo\u015b\u0107 funkcjonalno\u015bci, innowacyjnych cech niedost\u0119pnych w innych modelach. Miernik przeznaczony&hellip;&nbsp;<a href=\"https:\/\/liquidmaster.pl\/en\/nexptg-pro-carbon-pl-miernik-grubosci-lakieru\/\" rel=\"bookmark\">Read More \u00bb<span class=\"screen-reader-text\">NexPTG PRO Carbon PL \u2013 paint thickness gauge<\/span><\/a><\/p>","protected":false},"featured_media":1850350,"comment_status":"open","ping_status":"open","template":"","meta":{"neve_meta_sidebar":"","neve_meta_container":"","neve_meta_enable_content_width":"","neve_meta_content_width":0,"neve_meta_title_alignment":"","neve_meta_author_avatar":"","neve_post_elements_order":"","neve_meta_disable_header":"","neve_meta_disable_footer":"","neve_meta_disable_title":"","_themeisle_gutenberg_block_has_review":false},"product_brand":[],"product_cat":[749,878,748],"product_tag":[333],"class_list":{"0":"post-1807349","1":"product","2":"type-product","3":"status-publish","4":"has-post-thumbnail","6":"product_cat-akcesoria-polerskie","7":"product_cat-mierniki-lakieru","8":"product_cat-polerowanie","9":"product_tag-nexptg","11":"first","12":"outofstock","13":"taxable","14":"shipping-taxable","15":"purchasable","16":"product-type-simple"},"_links":{"self":[{"href":"https:\/\/liquidmaster.pl\/en\/wp-json\/wp\/v2\/product\/1807349","targetHints":{"allow":["GET"]}}],"collection":[{"href":"https:\/\/liquidmaster.pl\/en\/wp-json\/wp\/v2\/product"}],"about":[{"href":"https:\/\/liquidmaster.pl\/en\/wp-json\/wp\/v2\/types\/product"}],"replies":[{"embeddable":true,"href":"https:\/\/liquidmaster.pl\/en\/wp-json\/wp\/v2\/comments?post=1807349"}],"wp:featuredmedia":[{"embeddable":true,"href":"https:\/\/liquidmaster.pl\/en\/wp-json\/wp\/v2\/media\/1850350"}],"wp:attachment":[{"href":"https:\/\/liquidmaster.pl\/en\/wp-json\/wp\/v2\/media?parent=1807349"}],"wp:term":[{"taxonomy":"product_brand","embeddable":true,"href":"https:\/\/liquidmaster.pl\/en\/wp-json\/wp\/v2\/product_brand?post=1807349"},{"taxonomy":"product_cat","embeddable":true,"href":"https:\/\/liquidmaster.pl\/en\/wp-json\/wp\/v2\/product_cat?post=1807349"},{"taxonomy":"product_tag","embeddable":true,"href":"https:\/\/liquidmaster.pl\/en\/wp-json\/wp\/v2\/product_tag?post=1807349"}],"curies":[{"name":"wp","href":"https:\/\/api.w.org\/{rel}","templated":true}]}}