{"id":1807347,"date":"2025-03-28T18:02:55","date_gmt":"2025-03-28T16:02:55","guid":{"rendered":"https:\/\/liquidmaster.pl\/meguiars-gold-class-carnauba-premium-liquid-wax-wosk-w-mleczku\/"},"modified":"2026-04-19T03:27:40","modified_gmt":"2026-04-19T01:27:40","slug":"meguiars-gold-class-carnauba-premium-liquid-wax-wosk-w-mleczku","status":"publish","type":"product","link":"https:\/\/liquidmaster.pl\/en\/meguiars-gold-class-carnauba-premium-liquid-wax-2\/","title":{"rendered":"Meguiar&#039;s Gold Class Carnauba+ Premium Liquid Wax \u2013 wax in milk"},"content":{"rendered":"<p>A luxurious blend of polymers and Carnauba creates strong, long-lasting protection that maintains a finish with a brilliant, reflective shine. A special mixture of Carnauba and protective polymers that is safe and effective on all types of glossy varnishes. The improved composition provides an even more dazzling shine and leaves deeper reflections. The packaging contains a high-quality applicator made of soft foam. It is easy to apply and remove and can be applied by hand or with a DA polisher.<\/p>\n<ul>\n<li>The improved formula leaves deeper reflections and a dazzling shine<\/li>\n<li>A special blend of Carnauba and safe protective polymers<\/li>\n<li>Radically darkens the color to bring out the full richness of the varnish<\/li>\n<li>Creates clear, sharp reflections<\/li>\n<li>Liquid wax with applicator<\/li>\n<\/ul>\n<p>Capacity: 473 ml<\/p>","protected":false},"excerpt":{"rendered":"<p>Luksusowa mieszanka polimer\u00f3w i Carnauby tworzy mocn\u0105, d\u0142ugotrwa\u0142\u0105 ochron\u0119, kt\u00f3ra pozwala zachowa\u0107 wyko\u0144czenie z doskona\u0142ym, odblaskowym po\u0142yskiem. Specjalna mieszanka Carnauby oraz polimer\u00f3w ochronnych, kt\u00f3ra jest bezpieczna i skuteczna na wszystkich rodzajach lakier\u00f3w b\u0142yszcz\u0105cych. Ulepszony sk\u0142ad zapewnia jeszcze bardziej ol\u015bniewaj\u0105cy po\u0142ysk i pozostawia g\u0142\u0119bsze refleksy. Opakowanie zawiera wysokiej jako\u015bci aplikator z mi\u0119kkiej pianki. \u0141atwo si\u0119 nak\u0142ada&hellip;&nbsp;<a href=\"https:\/\/liquidmaster.pl\/en\/meguiars-gold-class-carnauba-premium-liquid-wax-2\/\" rel=\"bookmark\">Read More \u00bb<span class=\"screen-reader-text\">Meguiar&#039;s Gold Class Carnauba+ Premium Liquid Wax \u2013 wax in milk<\/span><\/a><\/p>","protected":false},"featured_media":1850349,"comment_status":"open","ping_status":"open","template":"","meta":{"neve_meta_sidebar":"","neve_meta_container":"","neve_meta_enable_content_width":"","neve_meta_content_width":0,"neve_meta_title_alignment":"","neve_meta_author_avatar":"","neve_post_elements_order":"","neve_meta_disable_header":"","neve_meta_disable_footer":"","neve_meta_disable_title":"","_themeisle_gutenberg_block_has_review":false},"product_brand":[],"product_cat":[733,766,788],"product_tag":[322],"class_list":{"0":"post-1807347","1":"product","2":"type-product","3":"status-publish","4":"has-post-thumbnail","6":"product_cat-na-zewnatrz","7":"product_cat-ochrona-lakieru","8":"product_cat-woski","9":"product_tag-meguiars","11":"first","12":"instock","13":"taxable","14":"shipping-taxable","15":"purchasable","16":"product-type-simple"},"_links":{"self":[{"href":"https:\/\/liquidmaster.pl\/en\/wp-json\/wp\/v2\/product\/1807347","targetHints":{"allow":["GET"]}}],"collection":[{"href":"https:\/\/liquidmaster.pl\/en\/wp-json\/wp\/v2\/product"}],"about":[{"href":"https:\/\/liquidmaster.pl\/en\/wp-json\/wp\/v2\/types\/product"}],"replies":[{"embeddable":true,"href":"https:\/\/liquidmaster.pl\/en\/wp-json\/wp\/v2\/comments?post=1807347"}],"wp:featuredmedia":[{"embeddable":true,"href":"https:\/\/liquidmaster.pl\/en\/wp-json\/wp\/v2\/media\/1850349"}],"wp:attachment":[{"href":"https:\/\/liquidmaster.pl\/en\/wp-json\/wp\/v2\/media?parent=1807347"}],"wp:term":[{"taxonomy":"product_brand","embeddable":true,"href":"https:\/\/liquidmaster.pl\/en\/wp-json\/wp\/v2\/product_brand?post=1807347"},{"taxonomy":"product_cat","embeddable":true,"href":"https:\/\/liquidmaster.pl\/en\/wp-json\/wp\/v2\/product_cat?post=1807347"},{"taxonomy":"product_tag","embeddable":true,"href":"https:\/\/liquidmaster.pl\/en\/wp-json\/wp\/v2\/product_tag?post=1807347"}],"curies":[{"name":"wp","href":"https:\/\/api.w.org\/{rel}","templated":true}]}}